{"id":86,"date":"2014-02-11T16:38:08","date_gmt":"2014-02-11T16:38:08","guid":{"rendered":"http:\/\/www.sallos.hu\/sopron-fo-ter-felujitasa\/"},"modified":"2021-03-06T20:41:34","modified_gmt":"2021-03-06T20:41:34","slug":"sopron-fo-ter-felujitasa","status":"publish","type":"page","link":"https:\/\/sallos.hu\/en\/referenciak\/sopron-fo-ter-felujitasa\/","title":{"rendered":"Sopron &#8211; F\u0151 t\u00e9r fel\u00faj\u00edt\u00e1sa"},"content":{"rendered":"\r\n<div class=\"ngg-galleryoverview\" id=\"ngg-gallery-20-86\">\r\n\r\n\r\n\t\r\n\t<!-- Thumbnails -->\r\n\t\t\r\n\t<div id=\"ngg-image-479\" class=\"ngg-gallery-thumbnail-box\"  >\r\n\t\t<div class=\"ngg-gallery-thumbnail\" >\r\n\t\t\t<a href=\"https:\/\/sallos.hu\/wp-content\/gallery\/sopron-fo-ter-felujitasa\/foter.jpg\" title=\" \" class=\"shutterset_set_20\" >\r\n\t\t\t\t\t\t\t\t<img loading=\"lazy\" decoding=\"async\" title=\"F\u0151 t\u00e9r\" alt=\"F\u0151 t\u00e9r\" src=\"https:\/\/sallos.hu\/wp-content\/gallery\/sopron-fo-ter-felujitasa\/thumbs\/thumbs_foter.jpg\" width=\"225\" height=\"150\" \/>\r\n\t\t\t\t\t\t\t<\/a>\r\n\t\t<\/div>\r\n\t<\/div>\r\n\t\r\n\t\t\r\n \t\t\r\n\t<div id=\"ngg-image-452\" class=\"ngg-gallery-thumbnail-box\"  >\r\n\t\t<div class=\"ngg-gallery-thumbnail\" >\r\n\t\t\t<a href=\"https:\/\/sallos.hu\/wp-content\/gallery\/sopron-fo-ter-felujitasa\/82030995.jpg\" title=\" \" class=\"shutterset_set_20\" >\r\n\t\t\t\t\t\t\t\t<img loading=\"lazy\" decoding=\"async\" title=\"F\u0151 t\u00e9r\" alt=\"F\u0151 t\u00e9r\" src=\"https:\/\/sallos.hu\/wp-content\/gallery\/sopron-fo-ter-felujitasa\/thumbs\/thumbs_82030995.jpg\" width=\"225\" height=\"150\" \/>\r\n\t\t\t\t\t\t\t<\/a>\r\n\t\t<\/div>\r\n\t<\/div>\r\n\t\r\n\t\t\r\n \t\t\r\n\t<div id=\"ngg-image-415\" class=\"ngg-gallery-thumbnail-box\"  >\r\n\t\t<div class=\"ngg-gallery-thumbnail\" >\r\n\t\t\t<a href=\"https:\/\/sallos.hu\/wp-content\/gallery\/sopron-fo-ter-felujitasa\/1335565420.jpg\" title=\" \" class=\"shutterset_set_20\" >\r\n\t\t\t\t\t\t\t\t<img loading=\"lazy\" decoding=\"async\" title=\"F\u0151 t\u00e9r\" alt=\"F\u0151 t\u00e9r\" src=\"https:\/\/sallos.hu\/wp-content\/gallery\/sopron-fo-ter-felujitasa\/thumbs\/thumbs_1335565420.jpg\" width=\"225\" height=\"150\" \/>\r\n\t\t\t\t\t\t\t<\/a>\r\n\t\t<\/div>\r\n\t<\/div>\r\n\t\r\n\t\t\r\n \t\t\r\n\t<div id=\"ngg-image-451\" class=\"ngg-gallery-thumbnail-box\"  >\r\n\t\t<div class=\"ngg-gallery-thumbnail\" >\r\n\t\t\t<a href=\"https:\/\/sallos.hu\/wp-content\/gallery\/sopron-fo-ter-felujitasa\/70667148.jpg\" title=\" \" class=\"shutterset_set_20\" >\r\n\t\t\t\t\t\t\t\t<img loading=\"lazy\" decoding=\"async\" title=\"F\u0151 t\u00e9r\" alt=\"F\u0151 t\u00e9r\" src=\"https:\/\/sallos.hu\/wp-content\/gallery\/sopron-fo-ter-felujitasa\/thumbs\/thumbs_70667148.jpg\" width=\"225\" height=\"149\" \/>\r\n\t\t\t\t\t\t\t<\/a>\r\n\t\t<\/div>\r\n\t<\/div>\r\n\t\r\n\t\t\r\n \t\t\r\n\t<div id=\"ngg-image-455\" class=\"ngg-gallery-thumbnail-box\"  >\r\n\t\t<div class=\"ngg-gallery-thumbnail\" >\r\n\t\t\t<a href=\"https:\/\/sallos.hu\/wp-content\/gallery\/sopron-fo-ter-felujitasa\/95716893.jpg\" title=\" \" class=\"shutterset_set_20\" >\r\n\t\t\t\t\t\t\t\t<img loading=\"lazy\" decoding=\"async\" title=\"F\u0151 t\u00e9r\" alt=\"F\u0151 t\u00e9r\" src=\"https:\/\/sallos.hu\/wp-content\/gallery\/sopron-fo-ter-felujitasa\/thumbs\/thumbs_95716893.jpg\" width=\"225\" height=\"149\" \/>\r\n\t\t\t\t\t\t\t<\/a>\r\n\t\t<\/div>\r\n\t<\/div>\r\n\t\r\n\t\t\r\n \t\t\r\n\t<div id=\"ngg-image-475\" class=\"ngg-gallery-thumbnail-box\"  >\r\n\t\t<div class=\"ngg-gallery-thumbnail\" >\r\n\t\t\t<a href=\"https:\/\/sallos.hu\/wp-content\/gallery\/sopron-fo-ter-felujitasa\/p9121484.jpg\" title=\" \" class=\"shutterset_set_20\" >\r\n\t\t\t\t\t\t\t\t<img loading=\"lazy\" decoding=\"async\" title=\"F\u0151 t\u00e9r\" alt=\"F\u0151 t\u00e9r\" src=\"https:\/\/sallos.hu\/wp-content\/gallery\/sopron-fo-ter-felujitasa\/thumbs\/thumbs_p9121484.jpg\" width=\"225\" height=\"150\" \/>\r\n\t\t\t\t\t\t\t<\/a>\r\n\t\t<\/div>\r\n\t<\/div>\r\n\t\r\n\t\t\r\n \t\t\r\n\t<div id=\"ngg-image-477\" class=\"ngg-gallery-thumbnail-box\"  >\r\n\t\t<div class=\"ngg-gallery-thumbnail\" >\r\n\t\t\t<a href=\"https:\/\/sallos.hu\/wp-content\/gallery\/sopron-fo-ter-felujitasa\/p9121488.jpg\" title=\" \" class=\"shutterset_set_20\" >\r\n\t\t\t\t\t\t\t\t<img loading=\"lazy\" decoding=\"async\" title=\"F\u0151 t\u00e9r\" alt=\"F\u0151 t\u00e9r\" src=\"https:\/\/sallos.hu\/wp-content\/gallery\/sopron-fo-ter-felujitasa\/thumbs\/thumbs_p9121488.jpg\" width=\"225\" height=\"150\" \/>\r\n\t\t\t\t\t\t\t<\/a>\r\n\t\t<\/div>\r\n\t<\/div>\r\n\t\r\n\t\t\r\n \t\t\r\n\t<div id=\"ngg-image-472\" class=\"ngg-gallery-thumbnail-box\"  >\r\n\t\t<div class=\"ngg-gallery-thumbnail\" >\r\n\t\t\t<a href=\"https:\/\/sallos.hu\/wp-content\/gallery\/sopron-fo-ter-felujitasa\/p9111343.jpg\" title=\" \" class=\"shutterset_set_20\" >\r\n\t\t\t\t\t\t\t\t<img loading=\"lazy\" decoding=\"async\" title=\"padok\" alt=\"padok\" src=\"https:\/\/sallos.hu\/wp-content\/gallery\/sopron-fo-ter-felujitasa\/thumbs\/thumbs_p9111343.jpg\" width=\"225\" height=\"150\" \/>\r\n\t\t\t\t\t\t\t<\/a>\r\n\t\t<\/div>\r\n\t<\/div>\r\n\t\r\n\t\t\r\n \t\t\r\n\t<div id=\"ngg-image-473\" class=\"ngg-gallery-thumbnail-box\"  >\r\n\t\t<div class=\"ngg-gallery-thumbnail\" >\r\n\t\t\t<a href=\"https:\/\/sallos.hu\/wp-content\/gallery\/sopron-fo-ter-felujitasa\/p9111363.jpg\" title=\" \" class=\"shutterset_set_20\" >\r\n\t\t\t\t\t\t\t\t<img loading=\"lazy\" decoding=\"async\" title=\"este\" alt=\"este\" src=\"https:\/\/sallos.hu\/wp-content\/gallery\/sopron-fo-ter-felujitasa\/thumbs\/thumbs_p9111363.jpg\" width=\"225\" height=\"150\" \/>\r\n\t\t\t\t\t\t\t<\/a>\r\n\t\t<\/div>\r\n\t<\/div>\r\n\t\r\n\t\t\r\n \t\t\r\n\t<div id=\"ngg-image-474\" class=\"ngg-gallery-thumbnail-box\"  >\r\n\t\t<div class=\"ngg-gallery-thumbnail\" >\r\n\t\t\t<a href=\"https:\/\/sallos.hu\/wp-content\/gallery\/sopron-fo-ter-felujitasa\/p9111368.jpg\" title=\" \" class=\"shutterset_set_20\" >\r\n\t\t\t\t\t\t\t\t<img loading=\"lazy\" decoding=\"async\" title=\"este\" alt=\"este\" src=\"https:\/\/sallos.hu\/wp-content\/gallery\/sopron-fo-ter-felujitasa\/thumbs\/thumbs_p9111368.jpg\" width=\"225\" height=\"150\" \/>\r\n\t\t\t\t\t\t\t<\/a>\r\n\t\t<\/div>\r\n\t<\/div>\r\n\t\r\n\t\t\r\n \t\t\r\n\t<div id=\"ngg-image-476\" class=\"ngg-gallery-thumbnail-box\"  >\r\n\t\t<div class=\"ngg-gallery-thumbnail\" >\r\n\t\t\t<a href=\"https:\/\/sallos.hu\/wp-content\/gallery\/sopron-fo-ter-felujitasa\/p9121486.jpg\" title=\" \" class=\"shutterset_set_20\" >\r\n\t\t\t\t\t\t\t\t<img loading=\"lazy\" decoding=\"async\" title=\"padok\" alt=\"padok\" src=\"https:\/\/sallos.hu\/wp-content\/gallery\/sopron-fo-ter-felujitasa\/thumbs\/thumbs_p9121486.jpg\" width=\"225\" height=\"150\" \/>\r\n\t\t\t\t\t\t\t<\/a>\r\n\t\t<\/div>\r\n\t<\/div>\r\n\t\r\n\t\t\r\n \t\t\r\n\t<div id=\"ngg-image-454\" class=\"ngg-gallery-thumbnail-box\"  >\r\n\t\t<div class=\"ngg-gallery-thumbnail\" >\r\n\t\t\t<a href=\"https:\/\/sallos.hu\/wp-content\/gallery\/sopron-fo-ter-felujitasa\/82031348.jpg\" title=\" \" class=\"shutterset_set_20\" >\r\n\t\t\t\t\t\t\t\t<img loading=\"lazy\" decoding=\"async\" title=\"szenth\u00e1roms\u00e1g szobor\" alt=\"szenth\u00e1roms\u00e1g szobor\" src=\"https:\/\/sallos.hu\/wp-content\/gallery\/sopron-fo-ter-felujitasa\/thumbs\/thumbs_82031348.jpg\" width=\"225\" height=\"150\" \/>\r\n\t\t\t\t\t\t\t<\/a>\r\n\t\t<\/div>\r\n\t<\/div>\r\n\t\r\n\t\t\r\n \t\t\r\n\t<div id=\"ngg-image-453\" class=\"ngg-gallery-thumbnail-box\"  >\r\n\t\t<div class=\"ngg-gallery-thumbnail\" >\r\n\t\t\t<a href=\"https:\/\/sallos.hu\/wp-content\/gallery\/sopron-fo-ter-felujitasa\/82030997.jpg\" title=\" \" class=\"shutterset_set_20\" >\r\n\t\t\t\t\t\t\t\t<img loading=\"lazy\" decoding=\"async\" title=\"Kecske templom\" alt=\"Kecske templom\" src=\"https:\/\/sallos.hu\/wp-content\/gallery\/sopron-fo-ter-felujitasa\/thumbs\/thumbs_82030997.jpg\" width=\"225\" height=\"150\" \/>\r\n\t\t\t\t\t\t\t<\/a>\r\n\t\t<\/div>\r\n\t<\/div>\r\n\t\r\n\t\t\r\n \t\t\r\n\t<div id=\"ngg-image-425\" class=\"ngg-gallery-thumbnail-box\"  >\r\n\t\t<div class=\"ngg-gallery-thumbnail\" >\r\n\t\t\t<a href=\"https:\/\/sallos.hu\/wp-content\/gallery\/sopron-fo-ter-felujitasa\/20100513-img_1893.jpg\" title=\" \" class=\"shutterset_set_20\" >\r\n\t\t\t\t\t\t\t\t<img loading=\"lazy\" decoding=\"async\" title=\"r\u00e9g\u00e9szeti \u00e1sat\u00e1s\" alt=\"r\u00e9g\u00e9szeti \u00e1sat\u00e1s\" src=\"https:\/\/sallos.hu\/wp-content\/gallery\/sopron-fo-ter-felujitasa\/thumbs\/thumbs_20100513-img_1893.jpg\" width=\"225\" height=\"150\" \/>\r\n\t\t\t\t\t\t\t<\/a>\r\n\t\t<\/div>\r\n\t<\/div>\r\n\t\r\n\t\t\r\n \t\t\r\n\t<div id=\"ngg-image-416\" class=\"ngg-gallery-thumbnail-box\"  >\r\n\t\t<div class=\"ngg-gallery-thumbnail\" >\r\n\t\t\t<a href=\"https:\/\/sallos.hu\/wp-content\/gallery\/sopron-fo-ter-felujitasa\/20100504-img_1729.jpg\" title=\" \" class=\"shutterset_set_20\" >\r\n\t\t\t\t\t\t\t\t<img loading=\"lazy\" decoding=\"async\" title=\"r\u00e9g\u00e9szeti \u00e1sat\u00e1s\" alt=\"r\u00e9g\u00e9szeti \u00e1sat\u00e1s\" src=\"https:\/\/sallos.hu\/wp-content\/gallery\/sopron-fo-ter-felujitasa\/thumbs\/thumbs_20100504-img_1729.jpg\" width=\"225\" height=\"150\" \/>\r\n\t\t\t\t\t\t\t<\/a>\r\n\t\t<\/div>\r\n\t<\/div>\r\n\t\r\n\t\t\r\n \t\t\r\n\t<div id=\"ngg-image-417\" class=\"ngg-gallery-thumbnail-box\"  >\r\n\t\t<div class=\"ngg-gallery-thumbnail\" >\r\n\t\t\t<a href=\"https:\/\/sallos.hu\/wp-content\/gallery\/sopron-fo-ter-felujitasa\/20100504-img_1803.jpg\" title=\" \" class=\"shutterset_set_20\" >\r\n\t\t\t\t\t\t\t\t<img loading=\"lazy\" decoding=\"async\" title=\"r\u00e9g\u00e9szeti \u00e1sat\u00e1s\" alt=\"r\u00e9g\u00e9szeti \u00e1sat\u00e1s\" src=\"https:\/\/sallos.hu\/wp-content\/gallery\/sopron-fo-ter-felujitasa\/thumbs\/thumbs_20100504-img_1803.jpg\" width=\"225\" height=\"150\" \/>\r\n\t\t\t\t\t\t\t<\/a>\r\n\t\t<\/div>\r\n\t<\/div>\r\n\t\r\n\t\t\r\n \t\t\r\n\t<div id=\"ngg-image-418\" class=\"ngg-gallery-thumbnail-box\"  >\r\n\t\t<div class=\"ngg-gallery-thumbnail\" >\r\n\t\t\t<a href=\"https:\/\/sallos.hu\/wp-content\/gallery\/sopron-fo-ter-felujitasa\/20100506-img_1839.jpg\" title=\" \" class=\"shutterset_set_20\" >\r\n\t\t\t\t\t\t\t\t<img loading=\"lazy\" decoding=\"async\" title=\"\u00e9p\u00edt\u00e9s alatt\" alt=\"\u00e9p\u00edt\u00e9s alatt\" src=\"https:\/\/sallos.hu\/wp-content\/gallery\/sopron-fo-ter-felujitasa\/thumbs\/thumbs_20100506-img_1839.jpg\" width=\"225\" height=\"149\" \/>\r\n\t\t\t\t\t\t\t<\/a>\r\n\t\t<\/div>\r\n\t<\/div>\r\n\t\r\n\t\t\r\n \t\t\r\n\t<div id=\"ngg-image-419\" class=\"ngg-gallery-thumbnail-box\"  >\r\n\t\t<div class=\"ngg-gallery-thumbnail\" >\r\n\t\t\t<a href=\"https:\/\/sallos.hu\/wp-content\/gallery\/sopron-fo-ter-felujitasa\/20100506-img_1841.jpg\" title=\" \" class=\"shutterset_set_20\" >\r\n\t\t\t\t\t\t\t\t<img loading=\"lazy\" decoding=\"async\" title=\"\u00e9p\u00edt\u00e9s alatt\" alt=\"\u00e9p\u00edt\u00e9s alatt\" src=\"https:\/\/sallos.hu\/wp-content\/gallery\/sopron-fo-ter-felujitasa\/thumbs\/thumbs_20100506-img_1841.jpg\" width=\"225\" height=\"150\" \/>\r\n\t\t\t\t\t\t\t<\/a>\r\n\t\t<\/div>\r\n\t<\/div>\r\n\t\r\n\t\t\r\n \t\t\r\n\t<div id=\"ngg-image-420\" class=\"ngg-gallery-thumbnail-box\"  >\r\n\t\t<div class=\"ngg-gallery-thumbnail\" >\r\n\t\t\t<a href=\"https:\/\/sallos.hu\/wp-content\/gallery\/sopron-fo-ter-felujitasa\/20100507-img_1849.jpg\" title=\" \" class=\"shutterset_set_20\" >\r\n\t\t\t\t\t\t\t\t<img loading=\"lazy\" decoding=\"async\" title=\"\u00e9p\u00edt\u00e9s alatt\" alt=\"\u00e9p\u00edt\u00e9s alatt\" src=\"https:\/\/sallos.hu\/wp-content\/gallery\/sopron-fo-ter-felujitasa\/thumbs\/thumbs_20100507-img_1849.jpg\" width=\"225\" height=\"150\" \/>\r\n\t\t\t\t\t\t\t<\/a>\r\n\t\t<\/div>\r\n\t<\/div>\r\n\t\r\n\t\t\r\n \t\t\r\n\t<div id=\"ngg-image-421\" class=\"ngg-gallery-thumbnail-box\"  >\r\n\t\t<div class=\"ngg-gallery-thumbnail\" >\r\n\t\t\t<a href=\"https:\/\/sallos.hu\/wp-content\/gallery\/sopron-fo-ter-felujitasa\/20100507-img_1853.jpg\" title=\" \" class=\"shutterset_set_20\" >\r\n\t\t\t\t\t\t\t\t<img loading=\"lazy\" decoding=\"async\" title=\"gr\u00e1nit kockak\u0151\" alt=\"gr\u00e1nit kockak\u0151\" src=\"https:\/\/sallos.hu\/wp-content\/gallery\/sopron-fo-ter-felujitasa\/thumbs\/thumbs_20100507-img_1853.jpg\" width=\"225\" height=\"150\" \/>\r\n\t\t\t\t\t\t\t<\/a>\r\n\t\t<\/div>\r\n\t<\/div>\r\n\t\r\n\t\t\r\n \t\t\r\n\t<div id=\"ngg-image-422\" class=\"ngg-gallery-thumbnail-box\"  >\r\n\t\t<div class=\"ngg-gallery-thumbnail\" >\r\n\t\t\t<a href=\"https:\/\/sallos.hu\/wp-content\/gallery\/sopron-fo-ter-felujitasa\/20100507-img_1859.jpg\" title=\" \" class=\"shutterset_set_20\" >\r\n\t\t\t\t\t\t\t\t<img loading=\"lazy\" decoding=\"async\" title=\"\u00e9p\u00edt\u00e9s alatt\" alt=\"\u00e9p\u00edt\u00e9s alatt\" src=\"https:\/\/sallos.hu\/wp-content\/gallery\/sopron-fo-ter-felujitasa\/thumbs\/thumbs_20100507-img_1859.jpg\" width=\"225\" height=\"150\" \/>\r\n\t\t\t\t\t\t\t<\/a>\r\n\t\t<\/div>\r\n\t<\/div>\r\n\t\r\n\t\t\r\n \t\t\r\n\t<div id=\"ngg-image-423\" class=\"ngg-gallery-thumbnail-box\"  >\r\n\t\t<div class=\"ngg-gallery-thumbnail\" >\r\n\t\t\t<a href=\"https:\/\/sallos.hu\/wp-content\/gallery\/sopron-fo-ter-felujitasa\/20100507-img_1863.jpg\" title=\" \" class=\"shutterset_set_20\" >\r\n\t\t\t\t\t\t\t\t<img loading=\"lazy\" decoding=\"async\" title=\"\u00e9p\u00edt\u00e9s alatt\" alt=\"\u00e9p\u00edt\u00e9s alatt\" src=\"https:\/\/sallos.hu\/wp-content\/gallery\/sopron-fo-ter-felujitasa\/thumbs\/thumbs_20100507-img_1863.jpg\" width=\"225\" height=\"150\" \/>\r\n\t\t\t\t\t\t\t<\/a>\r\n\t\t<\/div>\r\n\t<\/div>\r\n\t\r\n\t\t\r\n \t\t\r\n\t<div id=\"ngg-image-424\" class=\"ngg-gallery-thumbnail-box\"  >\r\n\t\t<div class=\"ngg-gallery-thumbnail\" >\r\n\t\t\t<a href=\"https:\/\/sallos.hu\/wp-content\/gallery\/sopron-fo-ter-felujitasa\/20100513-img_1886.jpg\" title=\" \" class=\"shutterset_set_20\" >\r\n\t\t\t\t\t\t\t\t<img loading=\"lazy\" decoding=\"async\" title=\"\u00e9p\u00edt\u00e9s alatt\" alt=\"\u00e9p\u00edt\u00e9s alatt\" src=\"https:\/\/sallos.hu\/wp-content\/gallery\/sopron-fo-ter-felujitasa\/thumbs\/thumbs_20100513-img_1886.jpg\" width=\"225\" height=\"150\" \/>\r\n\t\t\t\t\t\t\t<\/a>\r\n\t\t<\/div>\r\n\t<\/div>\r\n\t\r\n\t\t\r\n \t\t\r\n\t<div id=\"ngg-image-462\" class=\"ngg-gallery-thumbnail-box\"  >\r\n\t\t<div class=\"ngg-gallery-thumbnail\" >\r\n\t\t\t<a href=\"https:\/\/sallos.hu\/wp-content\/gallery\/sopron-fo-ter-felujitasa\/img_5118.jpg\" title=\" \" class=\"shutterset_set_20\" >\r\n\t\t\t\t\t\t\t\t<img loading=\"lazy\" decoding=\"async\" title=\"az egykori r\u00f3mai f\u00f3rum d\u00edszburkolata\" alt=\"az egykori r\u00f3mai f\u00f3rum d\u00edszburkolata\" src=\"https:\/\/sallos.hu\/wp-content\/gallery\/sopron-fo-ter-felujitasa\/thumbs\/thumbs_img_5118.jpg\" width=\"225\" height=\"150\" \/>\r\n\t\t\t\t\t\t\t<\/a>\r\n\t\t<\/div>\r\n\t<\/div>\r\n\t\r\n\t\t\r\n \t\t\r\n\t<div id=\"ngg-image-461\" class=\"ngg-gallery-thumbnail-box\"  >\r\n\t\t<div class=\"ngg-gallery-thumbnail\" >\r\n\t\t\t<a href=\"https:\/\/sallos.hu\/wp-content\/gallery\/sopron-fo-ter-felujitasa\/img_5115.jpg\" title=\" \" class=\"shutterset_set_20\" >\r\n\t\t\t\t\t\t\t\t<img loading=\"lazy\" decoding=\"async\" title=\"az egykori r\u00f3mai f\u00f3rum d\u00edszburkolata\" alt=\"az egykori r\u00f3mai f\u00f3rum d\u00edszburkolata\" src=\"https:\/\/sallos.hu\/wp-content\/gallery\/sopron-fo-ter-felujitasa\/thumbs\/thumbs_img_5115.jpg\" width=\"225\" height=\"150\" \/>\r\n\t\t\t\t\t\t\t<\/a>\r\n\t\t<\/div>\r\n\t<\/div>\r\n\t\r\n\t\t\r\n \t\t\r\n\t<div id=\"ngg-image-439\" class=\"ngg-gallery-thumbnail-box\"  >\r\n\t\t<div class=\"ngg-gallery-thumbnail\" >\r\n\t\t\t<a href=\"https:\/\/sallos.hu\/wp-content\/gallery\/sopron-fo-ter-felujitasa\/20100714-img_7063.jpg\" title=\" \" class=\"shutterset_set_20\" >\r\n\t\t\t\t\t\t\t\t<img loading=\"lazy\" decoding=\"async\" title=\"az egykori r\u00f3mai f\u00f3rum d\u00edszburkolata\" alt=\"az egykori r\u00f3mai f\u00f3rum d\u00edszburkolata\" src=\"https:\/\/sallos.hu\/wp-content\/gallery\/sopron-fo-ter-felujitasa\/thumbs\/thumbs_20100714-img_7063.jpg\" width=\"225\" height=\"150\" \/>\r\n\t\t\t\t\t\t\t<\/a>\r\n\t\t<\/div>\r\n\t<\/div>\r\n\t\r\n\t\t\r\n \t\t\r\n\t<div id=\"ngg-image-427\" class=\"ngg-gallery-thumbnail-box\"  >\r\n\t\t<div class=\"ngg-gallery-thumbnail\" >\r\n\t\t\t<a href=\"https:\/\/sallos.hu\/wp-content\/gallery\/sopron-fo-ter-felujitasa\/20100528-img_3259.jpg\" title=\" \" class=\"shutterset_set_20\" >\r\n\t\t\t\t\t\t\t\t<img loading=\"lazy\" decoding=\"async\" title=\"\u00e9p\u00edt\u00e9s alatt\" alt=\"\u00e9p\u00edt\u00e9s alatt\" src=\"https:\/\/sallos.hu\/wp-content\/gallery\/sopron-fo-ter-felujitasa\/thumbs\/thumbs_20100528-img_3259.jpg\" width=\"225\" height=\"149\" \/>\r\n\t\t\t\t\t\t\t<\/a>\r\n\t\t<\/div>\r\n\t<\/div>\r\n\t\r\n\t\t\r\n \t\t\r\n\t<div id=\"ngg-image-428\" class=\"ngg-gallery-thumbnail-box\"  >\r\n\t\t<div class=\"ngg-gallery-thumbnail\" >\r\n\t\t\t<a href=\"https:\/\/sallos.hu\/wp-content\/gallery\/sopron-fo-ter-felujitasa\/20100601-img_3419.jpg\" title=\" \" class=\"shutterset_set_20\" >\r\n\t\t\t\t\t\t\t\t<img loading=\"lazy\" decoding=\"async\" title=\"\u00e9p\u00edt\u00e9s alatt\" alt=\"\u00e9p\u00edt\u00e9s alatt\" src=\"https:\/\/sallos.hu\/wp-content\/gallery\/sopron-fo-ter-felujitasa\/thumbs\/thumbs_20100601-img_3419.jpg\" width=\"225\" height=\"150\" \/>\r\n\t\t\t\t\t\t\t<\/a>\r\n\t\t<\/div>\r\n\t<\/div>\r\n\t\r\n\t\t\r\n \t\t\r\n\t<div id=\"ngg-image-429\" class=\"ngg-gallery-thumbnail-box\"  >\r\n\t\t<div class=\"ngg-gallery-thumbnail\" >\r\n\t\t\t<a href=\"https:\/\/sallos.hu\/wp-content\/gallery\/sopron-fo-ter-felujitasa\/20100603-img_3431.jpg\" title=\" \" class=\"shutterset_set_20\" >\r\n\t\t\t\t\t\t\t\t<img loading=\"lazy\" decoding=\"async\" title=\"\u00e9p\u00edt\u00e9s alatt\" alt=\"\u00e9p\u00edt\u00e9s alatt\" src=\"https:\/\/sallos.hu\/wp-content\/gallery\/sopron-fo-ter-felujitasa\/thumbs\/thumbs_20100603-img_3431.jpg\" width=\"225\" height=\"149\" \/>\r\n\t\t\t\t\t\t\t<\/a>\r\n\t\t<\/div>\r\n\t<\/div>\r\n\t\r\n\t\t\r\n \t\t\r\n\t<div id=\"ngg-image-430\" class=\"ngg-gallery-thumbnail-box\"  >\r\n\t\t<div class=\"ngg-gallery-thumbnail\" >\r\n\t\t\t<a href=\"https:\/\/sallos.hu\/wp-content\/gallery\/sopron-fo-ter-felujitasa\/20100611-img_3954.jpg\" title=\" \" class=\"shutterset_set_20\" >\r\n\t\t\t\t\t\t\t\t<img loading=\"lazy\" decoding=\"async\" title=\"k\u00e9sz\u00fclnek a k\u0151padok\" alt=\"k\u00e9sz\u00fclnek a k\u0151padok\" src=\"https:\/\/sallos.hu\/wp-content\/gallery\/sopron-fo-ter-felujitasa\/thumbs\/thumbs_20100611-img_3954.jpg\" width=\"225\" height=\"150\" \/>\r\n\t\t\t\t\t\t\t<\/a>\r\n\t\t<\/div>\r\n\t<\/div>\r\n\t\r\n\t\t\r\n \t \t\r\n\t<!-- Pagination -->\r\n \t<div class='ngg-navigation'><span class=\"current\">1<\/span><a class=\"page-numbers\" href=\"https:\/\/sallos.hu\/en\/referenciak\/sopron-fo-ter-felujitasa\/?nggpage=2\">2<\/a><a class=\"next\" id=\"ngg-next-2\" href=\"https:\/\/sallos.hu\/en\/referenciak\/sopron-fo-ter-felujitasa\/?nggpage=2\">&#9658;<\/a><\/div> \t\r\n<\/div>\r\n\r\n\n","protected":false},"excerpt":{"rendered":"","protected":false},"author":2,"featured_media":0,"parent":8,"menu_order":11,"comment_status":"open","ping_status":"closed","template":"","meta":{"footnotes":""},"class_list":["post-86","page","type-page","status-publish","hentry"],"_links":{"self":[{"href":"https:\/\/sallos.hu\/en\/wp-json\/wp\/v2\/pages\/86","targetHints":{"allow":["GET"]}}],"collection":[{"href":"https:\/\/sallos.hu\/en\/wp-json\/wp\/v2\/pages"}],"about":[{"href":"https:\/\/sallos.hu\/en\/wp-json\/wp\/v2\/types\/page"}],"author":[{"embeddable":true,"href":"https:\/\/sallos.hu\/en\/wp-json\/wp\/v2\/users\/2"}],"replies":[{"embeddable":true,"href":"https:\/\/sallos.hu\/en\/wp-json\/wp\/v2\/comments?post=86"}],"version-history":[{"count":1,"href":"https:\/\/sallos.hu\/en\/wp-json\/wp\/v2\/pages\/86\/revisions"}],"predecessor-version":[{"id":136,"href":"https:\/\/sallos.hu\/en\/wp-json\/wp\/v2\/pages\/86\/revisions\/136"}],"up":[{"embeddable":true,"href":"https:\/\/sallos.hu\/en\/wp-json\/wp\/v2\/pages\/8"}],"wp:attachment":[{"href":"https:\/\/sallos.hu\/en\/wp-json\/wp\/v2\/media?parent=86"}],"curies":[{"name":"wp","href":"https:\/\/api.w.org\/{rel}","templated":true}]}}