{"id":85,"date":"2014-02-11T15:14:56","date_gmt":"2014-02-11T15:14:56","guid":{"rendered":"http:\/\/www.sallos.hu\/varalja-borvar-pinceszet\/"},"modified":"2021-03-06T20:42:41","modified_gmt":"2021-03-06T20:42:41","slug":"varalja-borvar-pinceszet","status":"publish","type":"page","link":"https:\/\/sallos.hu\/en\/referenciak\/varalja-borvar-pinceszet\/","title":{"rendered":"V\u00e1ralja &#8211; Borv\u00e1r pinc\u00e9szet"},"content":{"rendered":"\r\n<div class=\"ngg-galleryoverview\" id=\"ngg-gallery-19-85\">\r\n\r\n\r\n\t\r\n\t<!-- Thumbnails -->\r\n\t\t\r\n\t<div id=\"ngg-image-355\" class=\"ngg-gallery-thumbnail-box\"  >\r\n\t\t<div class=\"ngg-gallery-thumbnail\" >\r\n\t\t\t<a href=\"https:\/\/sallos.hu\/wp-content\/gallery\/varalja-borvar-pinceszet\/mgr4629-copy.jpg\" title=\" \" class=\"shutterset_set_19\" >\r\n\t\t\t\t\t\t\t\t<img loading=\"lazy\" decoding=\"async\" title=\"utcai homlokzat\" alt=\"utcai homlokzat\" src=\"https:\/\/sallos.hu\/wp-content\/gallery\/varalja-borvar-pinceszet\/thumbs\/thumbs_mgr4629-copy.jpg\" width=\"225\" height=\"150\" \/>\r\n\t\t\t\t\t\t\t<\/a>\r\n\t\t<\/div>\r\n\t<\/div>\r\n\t\r\n\t\t\r\n \t\t\r\n\t<div id=\"ngg-image-356\" class=\"ngg-gallery-thumbnail-box\"  >\r\n\t\t<div class=\"ngg-gallery-thumbnail\" >\r\n\t\t\t<a href=\"https:\/\/sallos.hu\/wp-content\/gallery\/varalja-borvar-pinceszet\/mgr4632-copy.jpg\" title=\" \" class=\"shutterset_set_19\" >\r\n\t\t\t\t\t\t\t\t<img loading=\"lazy\" decoding=\"async\" title=\"homlokzat\" alt=\"homlokzat\" src=\"https:\/\/sallos.hu\/wp-content\/gallery\/varalja-borvar-pinceszet\/thumbs\/thumbs_mgr4632-copy.jpg\" width=\"225\" height=\"150\" \/>\r\n\t\t\t\t\t\t\t<\/a>\r\n\t\t<\/div>\r\n\t<\/div>\r\n\t\r\n\t\t\r\n \t\t\r\n\t<div id=\"ngg-image-369\" class=\"ngg-gallery-thumbnail-box\"  >\r\n\t\t<div class=\"ngg-gallery-thumbnail\" >\r\n\t\t\t<a href=\"https:\/\/sallos.hu\/wp-content\/gallery\/varalja-borvar-pinceszet\/mgr4710-copy.jpg\" title=\" \" class=\"shutterset_set_19\" >\r\n\t\t\t\t\t\t\t\t<img loading=\"lazy\" decoding=\"async\" title=\"r\u00e9szlet\" alt=\"r\u00e9szlet\" src=\"https:\/\/sallos.hu\/wp-content\/gallery\/varalja-borvar-pinceszet\/thumbs\/thumbs_mgr4710-copy.jpg\" width=\"225\" height=\"150\" \/>\r\n\t\t\t\t\t\t\t<\/a>\r\n\t\t<\/div>\r\n\t<\/div>\r\n\t\r\n\t\t\r\n \t\t\r\n\t<div id=\"ngg-image-357\" class=\"ngg-gallery-thumbnail-box\"  >\r\n\t\t<div class=\"ngg-gallery-thumbnail\" >\r\n\t\t\t<a href=\"https:\/\/sallos.hu\/wp-content\/gallery\/varalja-borvar-pinceszet\/mgr4636-copy.jpg\" title=\" \" class=\"shutterset_set_19\" >\r\n\t\t\t\t\t\t\t\t<img loading=\"lazy\" decoding=\"async\" title=\"felj\u00e1rat a teraszra\" alt=\"felj\u00e1rat a teraszra\" src=\"https:\/\/sallos.hu\/wp-content\/gallery\/varalja-borvar-pinceszet\/thumbs\/thumbs_mgr4636-copy.jpg\" width=\"225\" height=\"150\" \/>\r\n\t\t\t\t\t\t\t<\/a>\r\n\t\t<\/div>\r\n\t<\/div>\r\n\t\r\n\t\t\r\n \t\t\r\n\t<div id=\"ngg-image-379\" class=\"ngg-gallery-thumbnail-box\"  >\r\n\t\t<div class=\"ngg-gallery-thumbnail\" >\r\n\t\t\t<a href=\"https:\/\/sallos.hu\/wp-content\/gallery\/varalja-borvar-pinceszet\/mgr4796-copy.jpg\" title=\" \" class=\"shutterset_set_19\" >\r\n\t\t\t\t\t\t\t\t<img loading=\"lazy\" decoding=\"async\" title=\"r\u00e9szlet\" alt=\"r\u00e9szlet\" src=\"https:\/\/sallos.hu\/wp-content\/gallery\/varalja-borvar-pinceszet\/thumbs\/thumbs_mgr4796-copy.jpg\" width=\"225\" height=\"149\" \/>\r\n\t\t\t\t\t\t\t<\/a>\r\n\t\t<\/div>\r\n\t<\/div>\r\n\t\r\n\t\t\r\n \t\t\r\n\t<div id=\"ngg-image-368\" class=\"ngg-gallery-thumbnail-box\"  >\r\n\t\t<div class=\"ngg-gallery-thumbnail\" >\r\n\t\t\t<a href=\"https:\/\/sallos.hu\/wp-content\/gallery\/varalja-borvar-pinceszet\/mgr4700-copy.jpg\" title=\" \" class=\"shutterset_set_19\" >\r\n\t\t\t\t\t\t\t\t<img loading=\"lazy\" decoding=\"async\" title=\"homlokzat\" alt=\"homlokzat\" src=\"https:\/\/sallos.hu\/wp-content\/gallery\/varalja-borvar-pinceszet\/thumbs\/thumbs_mgr4700-copy.jpg\" width=\"225\" height=\"150\" \/>\r\n\t\t\t\t\t\t\t<\/a>\r\n\t\t<\/div>\r\n\t<\/div>\r\n\t\r\n\t\t\r\n \t\t\r\n\t<div id=\"ngg-image-367\" class=\"ngg-gallery-thumbnail-box\"  >\r\n\t\t<div class=\"ngg-gallery-thumbnail\" >\r\n\t\t\t<a href=\"https:\/\/sallos.hu\/wp-content\/gallery\/varalja-borvar-pinceszet\/mgr4690-copy.jpg\" title=\" \" class=\"shutterset_set_19\" >\r\n\t\t\t\t\t\t\t\t<img loading=\"lazy\" decoding=\"async\" title=\"homlokzat\" alt=\"homlokzat\" src=\"https:\/\/sallos.hu\/wp-content\/gallery\/varalja-borvar-pinceszet\/thumbs\/thumbs_mgr4690-copy.jpg\" width=\"225\" height=\"150\" \/>\r\n\t\t\t\t\t\t\t<\/a>\r\n\t\t<\/div>\r\n\t<\/div>\r\n\t\r\n\t\t\r\n \t\t\r\n\t<div id=\"ngg-image-359\" class=\"ngg-gallery-thumbnail-box\"  >\r\n\t\t<div class=\"ngg-gallery-thumbnail\" >\r\n\t\t\t<a href=\"https:\/\/sallos.hu\/wp-content\/gallery\/varalja-borvar-pinceszet\/mgr4649-copy.jpg\" title=\" \" class=\"shutterset_set_19\" >\r\n\t\t\t\t\t\t\t\t<img loading=\"lazy\" decoding=\"async\" title=\"terasz\" alt=\"terasz\" src=\"https:\/\/sallos.hu\/wp-content\/gallery\/varalja-borvar-pinceszet\/thumbs\/thumbs_mgr4649-copy.jpg\" width=\"225\" height=\"150\" \/>\r\n\t\t\t\t\t\t\t<\/a>\r\n\t\t<\/div>\r\n\t<\/div>\r\n\t\r\n\t\t\r\n \t\t\r\n\t<div id=\"ngg-image-360\" class=\"ngg-gallery-thumbnail-box\"  >\r\n\t\t<div class=\"ngg-gallery-thumbnail\" >\r\n\t\t\t<a href=\"https:\/\/sallos.hu\/wp-content\/gallery\/varalja-borvar-pinceszet\/mgr4651-copy.jpg\" title=\" \" class=\"shutterset_set_19\" >\r\n\t\t\t\t\t\t\t\t<img loading=\"lazy\" decoding=\"async\" title=\"terasz\" alt=\"terasz\" src=\"https:\/\/sallos.hu\/wp-content\/gallery\/varalja-borvar-pinceszet\/thumbs\/thumbs_mgr4651-copy.jpg\" width=\"225\" height=\"150\" \/>\r\n\t\t\t\t\t\t\t<\/a>\r\n\t\t<\/div>\r\n\t<\/div>\r\n\t\r\n\t\t\r\n \t\t\r\n\t<div id=\"ngg-image-361\" class=\"ngg-gallery-thumbnail-box\"  >\r\n\t\t<div class=\"ngg-gallery-thumbnail\" >\r\n\t\t\t<a href=\"https:\/\/sallos.hu\/wp-content\/gallery\/varalja-borvar-pinceszet\/mgr4653-copy.jpg\" title=\" \" class=\"shutterset_set_19\" >\r\n\t\t\t\t\t\t\t\t<img loading=\"lazy\" decoding=\"async\" title=\"terasz\" alt=\"terasz\" src=\"https:\/\/sallos.hu\/wp-content\/gallery\/varalja-borvar-pinceszet\/thumbs\/thumbs_mgr4653-copy.jpg\" width=\"225\" height=\"150\" \/>\r\n\t\t\t\t\t\t\t<\/a>\r\n\t\t<\/div>\r\n\t<\/div>\r\n\t\r\n\t\t\r\n \t\t\r\n\t<div id=\"ngg-image-362\" class=\"ngg-gallery-thumbnail-box\"  >\r\n\t\t<div class=\"ngg-gallery-thumbnail\" >\r\n\t\t\t<a href=\"https:\/\/sallos.hu\/wp-content\/gallery\/varalja-borvar-pinceszet\/mgr4655-copy.jpg\" title=\" \" class=\"shutterset_set_19\" >\r\n\t\t\t\t\t\t\t\t<img loading=\"lazy\" decoding=\"async\" title=\"kemence\" alt=\"kemence\" src=\"https:\/\/sallos.hu\/wp-content\/gallery\/varalja-borvar-pinceszet\/thumbs\/thumbs_mgr4655-copy.jpg\" width=\"225\" height=\"150\" \/>\r\n\t\t\t\t\t\t\t<\/a>\r\n\t\t<\/div>\r\n\t<\/div>\r\n\t\r\n\t\t\r\n \t\t\r\n\t<div id=\"ngg-image-363\" class=\"ngg-gallery-thumbnail-box\"  >\r\n\t\t<div class=\"ngg-gallery-thumbnail\" >\r\n\t\t\t<a href=\"https:\/\/sallos.hu\/wp-content\/gallery\/varalja-borvar-pinceszet\/mgr4662-copy.jpg\" title=\" \" class=\"shutterset_set_19\" >\r\n\t\t\t\t\t\t\t\t<img loading=\"lazy\" decoding=\"async\" title=\"terasz\" alt=\"terasz\" src=\"https:\/\/sallos.hu\/wp-content\/gallery\/varalja-borvar-pinceszet\/thumbs\/thumbs_mgr4662-copy.jpg\" width=\"225\" height=\"150\" \/>\r\n\t\t\t\t\t\t\t<\/a>\r\n\t\t<\/div>\r\n\t<\/div>\r\n\t\r\n\t\t\r\n \t\t\r\n\t<div id=\"ngg-image-364\" class=\"ngg-gallery-thumbnail-box\"  >\r\n\t\t<div class=\"ngg-gallery-thumbnail\" >\r\n\t\t\t<a href=\"https:\/\/sallos.hu\/wp-content\/gallery\/varalja-borvar-pinceszet\/mgr4664-copy.jpg\" title=\" \" class=\"shutterset_set_19\" >\r\n\t\t\t\t\t\t\t\t<img loading=\"lazy\" decoding=\"async\" title=\"macskal\u00e9pcs\u0151\" alt=\"macskal\u00e9pcs\u0151\" src=\"https:\/\/sallos.hu\/wp-content\/gallery\/varalja-borvar-pinceszet\/thumbs\/thumbs_mgr4664-copy.jpg\" width=\"225\" height=\"150\" \/>\r\n\t\t\t\t\t\t\t<\/a>\r\n\t\t<\/div>\r\n\t<\/div>\r\n\t\r\n\t\t\r\n \t\t\r\n\t<div id=\"ngg-image-365\" class=\"ngg-gallery-thumbnail-box\"  >\r\n\t\t<div class=\"ngg-gallery-thumbnail\" >\r\n\t\t\t<a href=\"https:\/\/sallos.hu\/wp-content\/gallery\/varalja-borvar-pinceszet\/mgr4668-copy.jpg\" title=\" \" class=\"shutterset_set_19\" >\r\n\t\t\t\t\t\t\t\t<img loading=\"lazy\" decoding=\"async\" title=\"kil\u00e1t\u00e1s\" alt=\"kil\u00e1t\u00e1s\" src=\"https:\/\/sallos.hu\/wp-content\/gallery\/varalja-borvar-pinceszet\/thumbs\/thumbs_mgr4668-copy.jpg\" width=\"225\" height=\"150\" \/>\r\n\t\t\t\t\t\t\t<\/a>\r\n\t\t<\/div>\r\n\t<\/div>\r\n\t\r\n\t\t\r\n \t\t\r\n\t<div id=\"ngg-image-366\" class=\"ngg-gallery-thumbnail-box\"  >\r\n\t\t<div class=\"ngg-gallery-thumbnail\" >\r\n\t\t\t<a href=\"https:\/\/sallos.hu\/wp-content\/gallery\/varalja-borvar-pinceszet\/mgr4680-copy.jpg\" title=\" \" class=\"shutterset_set_19\" >\r\n\t\t\t\t\t\t\t\t<img loading=\"lazy\" decoding=\"async\" title=\"terasz\" alt=\"terasz\" src=\"https:\/\/sallos.hu\/wp-content\/gallery\/varalja-borvar-pinceszet\/thumbs\/thumbs_mgr4680-copy.jpg\" width=\"225\" height=\"150\" \/>\r\n\t\t\t\t\t\t\t<\/a>\r\n\t\t<\/div>\r\n\t<\/div>\r\n\t\r\n\t\t\r\n \t\t\r\n\t<div id=\"ngg-image-370\" class=\"ngg-gallery-thumbnail-box\"  >\r\n\t\t<div class=\"ngg-gallery-thumbnail\" >\r\n\t\t\t<a href=\"https:\/\/sallos.hu\/wp-content\/gallery\/varalja-borvar-pinceszet\/mgr4714-copy.jpg\" title=\" \" class=\"shutterset_set_19\" >\r\n\t\t\t\t\t\t\t\t<img loading=\"lazy\" decoding=\"async\" title=\"ablak spalett\u00e1val\" alt=\"ablak spalett\u00e1val\" src=\"https:\/\/sallos.hu\/wp-content\/gallery\/varalja-borvar-pinceszet\/thumbs\/thumbs_mgr4714-copy.jpg\" width=\"225\" height=\"150\" \/>\r\n\t\t\t\t\t\t\t<\/a>\r\n\t\t<\/div>\r\n\t<\/div>\r\n\t\r\n\t\t\r\n \t\t\r\n\t<div id=\"ngg-image-371\" class=\"ngg-gallery-thumbnail-box\"  >\r\n\t\t<div class=\"ngg-gallery-thumbnail\" >\r\n\t\t\t<a href=\"https:\/\/sallos.hu\/wp-content\/gallery\/varalja-borvar-pinceszet\/mgr4722-copy.jpg\" title=\" \" class=\"shutterset_set_19\" >\r\n\t\t\t\t\t\t\t\t<img loading=\"lazy\" decoding=\"async\" title=\"r\u00e9szlet\" alt=\"r\u00e9szlet\" src=\"https:\/\/sallos.hu\/wp-content\/gallery\/varalja-borvar-pinceszet\/thumbs\/thumbs_mgr4722-copy.jpg\" width=\"225\" height=\"150\" \/>\r\n\t\t\t\t\t\t\t<\/a>\r\n\t\t<\/div>\r\n\t<\/div>\r\n\t\r\n\t\t\r\n \t\t\r\n\t<div id=\"ngg-image-372\" class=\"ngg-gallery-thumbnail-box\"  >\r\n\t\t<div class=\"ngg-gallery-thumbnail\" >\r\n\t\t\t<a href=\"https:\/\/sallos.hu\/wp-content\/gallery\/varalja-borvar-pinceszet\/mgr4739-copy.jpg\" title=\" \" class=\"shutterset_set_19\" >\r\n\t\t\t\t\t\t\t\t<img loading=\"lazy\" decoding=\"async\" title=\" \" alt=\" \" src=\"https:\/\/sallos.hu\/wp-content\/gallery\/varalja-borvar-pinceszet\/thumbs\/thumbs_mgr4739-copy.jpg\" width=\"225\" height=\"150\" \/>\r\n\t\t\t\t\t\t\t<\/a>\r\n\t\t<\/div>\r\n\t<\/div>\r\n\t\r\n\t\t\r\n \t\t\r\n\t<div id=\"ngg-image-373\" class=\"ngg-gallery-thumbnail-box\"  >\r\n\t\t<div class=\"ngg-gallery-thumbnail\" >\r\n\t\t\t<a href=\"https:\/\/sallos.hu\/wp-content\/gallery\/varalja-borvar-pinceszet\/mgr4740-copy.jpg\" title=\" \" class=\"shutterset_set_19\" >\r\n\t\t\t\t\t\t\t\t<img loading=\"lazy\" decoding=\"async\" title=\"terasz\" alt=\"terasz\" src=\"https:\/\/sallos.hu\/wp-content\/gallery\/varalja-borvar-pinceszet\/thumbs\/thumbs_mgr4740-copy.jpg\" width=\"225\" height=\"150\" \/>\r\n\t\t\t\t\t\t\t<\/a>\r\n\t\t<\/div>\r\n\t<\/div>\r\n\t\r\n\t\t\r\n \t\t\r\n\t<div id=\"ngg-image-374\" class=\"ngg-gallery-thumbnail-box\"  >\r\n\t\t<div class=\"ngg-gallery-thumbnail\" >\r\n\t\t\t<a href=\"https:\/\/sallos.hu\/wp-content\/gallery\/varalja-borvar-pinceszet\/mgr4751-copy.jpg\" title=\" \" class=\"shutterset_set_19\" >\r\n\t\t\t\t\t\t\t\t<img loading=\"lazy\" decoding=\"async\" title=\"terasz\" alt=\"terasz\" src=\"https:\/\/sallos.hu\/wp-content\/gallery\/varalja-borvar-pinceszet\/thumbs\/thumbs_mgr4751-copy.jpg\" width=\"225\" height=\"150\" \/>\r\n\t\t\t\t\t\t\t<\/a>\r\n\t\t<\/div>\r\n\t<\/div>\r\n\t\r\n\t\t\r\n \t\t\r\n\t<div id=\"ngg-image-376\" class=\"ngg-gallery-thumbnail-box\"  >\r\n\t\t<div class=\"ngg-gallery-thumbnail\" >\r\n\t\t\t<a href=\"https:\/\/sallos.hu\/wp-content\/gallery\/varalja-borvar-pinceszet\/mgr4769-copy.jpg\" title=\" \" class=\"shutterset_set_19\" >\r\n\t\t\t\t\t\t\t\t<img loading=\"lazy\" decoding=\"async\" title=\"r\u00e9szlet\" alt=\"r\u00e9szlet\" src=\"https:\/\/sallos.hu\/wp-content\/gallery\/varalja-borvar-pinceszet\/thumbs\/thumbs_mgr4769-copy.jpg\" width=\"225\" height=\"149\" \/>\r\n\t\t\t\t\t\t\t<\/a>\r\n\t\t<\/div>\r\n\t<\/div>\r\n\t\r\n\t\t\r\n \t\t\r\n\t<div id=\"ngg-image-375\" class=\"ngg-gallery-thumbnail-box\"  >\r\n\t\t<div class=\"ngg-gallery-thumbnail\" >\r\n\t\t\t<a href=\"https:\/\/sallos.hu\/wp-content\/gallery\/varalja-borvar-pinceszet\/mgr4758-copy.jpg\" title=\" \" class=\"shutterset_set_19\" >\r\n\t\t\t\t\t\t\t\t<img loading=\"lazy\" decoding=\"async\" title=\"kemence\" alt=\"kemence\" src=\"https:\/\/sallos.hu\/wp-content\/gallery\/varalja-borvar-pinceszet\/thumbs\/thumbs_mgr4758-copy.jpg\" width=\"225\" height=\"149\" \/>\r\n\t\t\t\t\t\t\t<\/a>\r\n\t\t<\/div>\r\n\t<\/div>\r\n\t\r\n\t\t\r\n \t\t\r\n\t<div id=\"ngg-image-377\" class=\"ngg-gallery-thumbnail-box\"  >\r\n\t\t<div class=\"ngg-gallery-thumbnail\" >\r\n\t\t\t<a href=\"https:\/\/sallos.hu\/wp-content\/gallery\/varalja-borvar-pinceszet\/mgr4776-copy.jpg\" title=\" \" class=\"shutterset_set_19\" >\r\n\t\t\t\t\t\t\t\t<img loading=\"lazy\" decoding=\"async\" title=\"r\u00e9szlet\" alt=\"r\u00e9szlet\" src=\"https:\/\/sallos.hu\/wp-content\/gallery\/varalja-borvar-pinceszet\/thumbs\/thumbs_mgr4776-copy.jpg\" width=\"225\" height=\"150\" \/>\r\n\t\t\t\t\t\t\t<\/a>\r\n\t\t<\/div>\r\n\t<\/div>\r\n\t\r\n\t\t\r\n \t\t\r\n\t<div id=\"ngg-image-378\" class=\"ngg-gallery-thumbnail-box\"  >\r\n\t\t<div class=\"ngg-gallery-thumbnail\" >\r\n\t\t\t<a href=\"https:\/\/sallos.hu\/wp-content\/gallery\/varalja-borvar-pinceszet\/mgr4789-copy.jpg\" title=\" \" class=\"shutterset_set_19\" >\r\n\t\t\t\t\t\t\t\t<img loading=\"lazy\" decoding=\"async\" title=\"ny\u00e1ri konyha\" alt=\"ny\u00e1ri konyha\" src=\"https:\/\/sallos.hu\/wp-content\/gallery\/varalja-borvar-pinceszet\/thumbs\/thumbs_mgr4789-copy.jpg\" width=\"225\" height=\"150\" \/>\r\n\t\t\t\t\t\t\t<\/a>\r\n\t\t<\/div>\r\n\t<\/div>\r\n\t\r\n\t\t\r\n \t\t\r\n\t<div id=\"ngg-image-380\" class=\"ngg-gallery-thumbnail-box\"  >\r\n\t\t<div class=\"ngg-gallery-thumbnail\" >\r\n\t\t\t<a href=\"https:\/\/sallos.hu\/wp-content\/gallery\/varalja-borvar-pinceszet\/mgr4799-copy.jpg\" title=\" \" class=\"shutterset_set_19\" >\r\n\t\t\t\t\t\t\t\t<img loading=\"lazy\" decoding=\"async\" title=\"spalett\u00e1s ablak r\u00e1ccsal\" alt=\"spalett\u00e1s ablak r\u00e1ccsal\" src=\"https:\/\/sallos.hu\/wp-content\/gallery\/varalja-borvar-pinceszet\/thumbs\/thumbs_mgr4799-copy.jpg\" width=\"225\" height=\"150\" \/>\r\n\t\t\t\t\t\t\t<\/a>\r\n\t\t<\/div>\r\n\t<\/div>\r\n\t\r\n\t\t\r\n \t\t\r\n\t<div id=\"ngg-image-381\" class=\"ngg-gallery-thumbnail-box\"  >\r\n\t\t<div class=\"ngg-gallery-thumbnail\" >\r\n\t\t\t<a href=\"https:\/\/sallos.hu\/wp-content\/gallery\/varalja-borvar-pinceszet\/mgr4806-copy.jpg\" title=\" \" class=\"shutterset_set_19\" >\r\n\t\t\t\t\t\t\t\t<img loading=\"lazy\" decoding=\"async\" title=\"hord\u00f3k\" alt=\"hord\u00f3k\" src=\"https:\/\/sallos.hu\/wp-content\/gallery\/varalja-borvar-pinceszet\/thumbs\/thumbs_mgr4806-copy.jpg\" width=\"225\" height=\"150\" \/>\r\n\t\t\t\t\t\t\t<\/a>\r\n\t\t<\/div>\r\n\t<\/div>\r\n\t\r\n\t\t\r\n \t\t\r\n\t<div id=\"ngg-image-382\" class=\"ngg-gallery-thumbnail-box\"  >\r\n\t\t<div class=\"ngg-gallery-thumbnail\" >\r\n\t\t\t<a href=\"https:\/\/sallos.hu\/wp-content\/gallery\/varalja-borvar-pinceszet\/mgr4811-copy.jpg\" title=\" \" class=\"shutterset_set_19\" >\r\n\t\t\t\t\t\t\t\t<img loading=\"lazy\" decoding=\"async\" title=\"r\u00e9gi pince\u00e1g\" alt=\"r\u00e9gi pince\u00e1g\" src=\"https:\/\/sallos.hu\/wp-content\/gallery\/varalja-borvar-pinceszet\/thumbs\/thumbs_mgr4811-copy.jpg\" width=\"225\" height=\"150\" \/>\r\n\t\t\t\t\t\t\t<\/a>\r\n\t\t<\/div>\r\n\t<\/div>\r\n\t\r\n\t\t\r\n \t\t\r\n\t<div id=\"ngg-image-383\" class=\"ngg-gallery-thumbnail-box\"  >\r\n\t\t<div class=\"ngg-gallery-thumbnail\" >\r\n\t\t\t<a href=\"https:\/\/sallos.hu\/wp-content\/gallery\/varalja-borvar-pinceszet\/mgr4813-copy.jpg\" title=\" \" class=\"shutterset_set_19\" >\r\n\t\t\t\t\t\t\t\t<img loading=\"lazy\" decoding=\"async\" title=\"\u00e9rlel\u0151 tart\u00e1lyok\" alt=\"\u00e9rlel\u0151 tart\u00e1lyok\" src=\"https:\/\/sallos.hu\/wp-content\/gallery\/varalja-borvar-pinceszet\/thumbs\/thumbs_mgr4813-copy.jpg\" width=\"225\" height=\"150\" \/>\r\n\t\t\t\t\t\t\t<\/a>\r\n\t\t<\/div>\r\n\t<\/div>\r\n\t\r\n\t\t\r\n \t\t\r\n\t<div id=\"ngg-image-384\" class=\"ngg-gallery-thumbnail-box\"  >\r\n\t\t<div class=\"ngg-gallery-thumbnail\" >\r\n\t\t\t<a href=\"https:\/\/sallos.hu\/wp-content\/gallery\/varalja-borvar-pinceszet\/mgr4815-copy.jpg\" title=\" \" class=\"shutterset_set_19\" >\r\n\t\t\t\t\t\t\t\t<img loading=\"lazy\" decoding=\"async\" title=\"\u00e9rlel\u0151 tart\u00e1lyok\" alt=\"\u00e9rlel\u0151 tart\u00e1lyok\" src=\"https:\/\/sallos.hu\/wp-content\/gallery\/varalja-borvar-pinceszet\/thumbs\/thumbs_mgr4815-copy.jpg\" width=\"225\" height=\"150\" \/>\r\n\t\t\t\t\t\t\t<\/a>\r\n\t\t<\/div>\r\n\t<\/div>\r\n\t\r\n\t\t\r\n \t\t\r\n\t<div id=\"ngg-image-385\" class=\"ngg-gallery-thumbnail-box\"  >\r\n\t\t<div class=\"ngg-gallery-thumbnail\" >\r\n\t\t\t<a href=\"https:\/\/sallos.hu\/wp-content\/gallery\/varalja-borvar-pinceszet\/mgr4823-copy.jpg\" title=\" \" class=\"shutterset_set_19\" >\r\n\t\t\t\t\t\t\t\t<img loading=\"lazy\" decoding=\"async\" title=\"pinceajt\u00f3\" alt=\"pinceajt\u00f3\" src=\"https:\/\/sallos.hu\/wp-content\/gallery\/varalja-borvar-pinceszet\/thumbs\/thumbs_mgr4823-copy.jpg\" width=\"225\" height=\"150\" \/>\r\n\t\t\t\t\t\t\t<\/a>\r\n\t\t<\/div>\r\n\t<\/div>\r\n\t\r\n\t\t\r\n \t \t\r\n\t<!-- Pagination -->\r\n \t<div class='ngg-navigation'><span class=\"current\">1<\/span><a class=\"page-numbers\" href=\"https:\/\/sallos.hu\/en\/referenciak\/varalja-borvar-pinceszet\/?nggpage=2\">2<\/a><a class=\"next\" id=\"ngg-next-2\" href=\"https:\/\/sallos.hu\/en\/referenciak\/varalja-borvar-pinceszet\/?nggpage=2\">&#9658;<\/a><\/div> \t\r\n<\/div>\r\n\r\n\n","protected":false},"excerpt":{"rendered":"","protected":false},"author":2,"featured_media":0,"parent":8,"menu_order":22,"comment_status":"open","ping_status":"closed","template":"","meta":{"footnotes":""},"class_list":["post-85","page","type-page","status-publish","hentry"],"_links":{"self":[{"href":"https:\/\/sallos.hu\/en\/wp-json\/wp\/v2\/pages\/85","targetHints":{"allow":["GET"]}}],"collection":[{"href":"https:\/\/sallos.hu\/en\/wp-json\/wp\/v2\/pages"}],"about":[{"href":"https:\/\/sallos.hu\/en\/wp-json\/wp\/v2\/types\/page"}],"author":[{"embeddable":true,"href":"https:\/\/sallos.hu\/en\/wp-json\/wp\/v2\/users\/2"}],"replies":[{"embeddable":true,"href":"https:\/\/sallos.hu\/en\/wp-json\/wp\/v2\/comments?post=85"}],"version-history":[{"count":1,"href":"https:\/\/sallos.hu\/en\/wp-json\/wp\/v2\/pages\/85\/revisions"}],"predecessor-version":[{"id":139,"href":"https:\/\/sallos.hu\/en\/wp-json\/wp\/v2\/pages\/85\/revisions\/139"}],"up":[{"embeddable":true,"href":"https:\/\/sallos.hu\/en\/wp-json\/wp\/v2\/pages\/8"}],"wp:attachment":[{"href":"https:\/\/sallos.hu\/en\/wp-json\/wp\/v2\/media?parent=85"}],"curies":[{"name":"wp","href":"https:\/\/api.w.org\/{rel}","templated":true}]}}