{"id":84,"date":"2014-02-11T14:23:56","date_gmt":"2014-02-11T14:23:56","guid":{"rendered":"http:\/\/www.sallos.hu\/szigliget-nyaralo\/"},"modified":"2021-03-06T20:41:40","modified_gmt":"2021-03-06T20:41:40","slug":"szigliget-nyaralo","status":"publish","type":"page","link":"https:\/\/sallos.hu\/en\/referenciak\/szigliget-nyaralo\/","title":{"rendered":"Szigliget &#8211; nyaral\u00f3"},"content":{"rendered":"\r\n<div class=\"ngg-galleryoverview\" id=\"ngg-gallery-18-84\">\r\n\r\n\r\n\t\r\n\t<!-- Thumbnails -->\r\n\t\t\r\n\t<div id=\"ngg-image-348\" class=\"ngg-gallery-thumbnail-box\"  >\r\n\t\t<div class=\"ngg-gallery-thumbnail\" >\r\n\t\t\t<a href=\"https:\/\/sallos.hu\/wp-content\/gallery\/szigliget-nyaralo\/p1000290.jpg\" title=\" \" class=\"shutterset_set_18\" >\r\n\t\t\t\t\t\t\t\t<img loading=\"lazy\" decoding=\"async\" title=\"homlokzat\" alt=\"homlokzat\" src=\"https:\/\/sallos.hu\/wp-content\/gallery\/szigliget-nyaralo\/thumbs\/thumbs_p1000290.jpg\" width=\"225\" height=\"150\" \/>\r\n\t\t\t\t\t\t\t<\/a>\r\n\t\t<\/div>\r\n\t<\/div>\r\n\t\r\n\t\t\r\n \t\t\r\n\t<div id=\"ngg-image-319\" class=\"ngg-gallery-thumbnail-box\"  >\r\n\t\t<div class=\"ngg-gallery-thumbnail\" >\r\n\t\t\t<a href=\"https:\/\/sallos.hu\/wp-content\/gallery\/szigliget-nyaralo\/dsc_2025.jpg\" title=\" \" class=\"shutterset_set_18\" >\r\n\t\t\t\t\t\t\t\t<img loading=\"lazy\" decoding=\"async\" title=\"homlokzat\" alt=\"homlokzat\" src=\"https:\/\/sallos.hu\/wp-content\/gallery\/szigliget-nyaralo\/thumbs\/thumbs_dsc_2025.jpg\" width=\"225\" height=\"150\" \/>\r\n\t\t\t\t\t\t\t<\/a>\r\n\t\t<\/div>\r\n\t<\/div>\r\n\t\r\n\t\t\r\n \t\t\r\n\t<div id=\"ngg-image-346\" class=\"ngg-gallery-thumbnail-box\"  >\r\n\t\t<div class=\"ngg-gallery-thumbnail\" >\r\n\t\t\t<a href=\"https:\/\/sallos.hu\/wp-content\/gallery\/szigliget-nyaralo\/nyar2.jpg\" title=\" \" class=\"shutterset_set_18\" >\r\n\t\t\t\t\t\t\t\t<img loading=\"lazy\" decoding=\"async\" title=\"homlokzat\" alt=\"homlokzat\" src=\"https:\/\/sallos.hu\/wp-content\/gallery\/szigliget-nyaralo\/thumbs\/thumbs_nyar2.jpg\" width=\"225\" height=\"150\" \/>\r\n\t\t\t\t\t\t\t<\/a>\r\n\t\t<\/div>\r\n\t<\/div>\r\n\t\r\n\t\t\r\n \t\t\r\n\t<div id=\"ngg-image-326\" class=\"ngg-gallery-thumbnail-box\"  >\r\n\t\t<div class=\"ngg-gallery-thumbnail\" >\r\n\t\t\t<a href=\"https:\/\/sallos.hu\/wp-content\/gallery\/szigliget-nyaralo\/dsc_2128.jpg\" title=\" \" class=\"shutterset_set_18\" >\r\n\t\t\t\t\t\t\t\t<img loading=\"lazy\" decoding=\"async\" title=\"homlokzat\" alt=\"homlokzat\" src=\"https:\/\/sallos.hu\/wp-content\/gallery\/szigliget-nyaralo\/thumbs\/thumbs_dsc_2128.jpg\" width=\"225\" height=\"150\" \/>\r\n\t\t\t\t\t\t\t<\/a>\r\n\t\t<\/div>\r\n\t<\/div>\r\n\t\r\n\t\t\r\n \t\t\r\n\t<div id=\"ngg-image-317\" class=\"ngg-gallery-thumbnail-box\"  >\r\n\t\t<div class=\"ngg-gallery-thumbnail\" >\r\n\t\t\t<a href=\"https:\/\/sallos.hu\/wp-content\/gallery\/szigliget-nyaralo\/225_2504.jpg\" title=\" \" class=\"shutterset_set_18\" >\r\n\t\t\t\t\t\t\t\t<img loading=\"lazy\" decoding=\"async\" title=\"vakolat ablakkerettel\" alt=\"vakolat ablakkerettel\" src=\"https:\/\/sallos.hu\/wp-content\/gallery\/szigliget-nyaralo\/thumbs\/thumbs_225_2504.jpg\" width=\"225\" height=\"149\" \/>\r\n\t\t\t\t\t\t\t<\/a>\r\n\t\t<\/div>\r\n\t<\/div>\r\n\t\r\n\t\t\r\n \t\t\r\n\t<div id=\"ngg-image-349\" class=\"ngg-gallery-thumbnail-box\"  >\r\n\t\t<div class=\"ngg-gallery-thumbnail\" >\r\n\t\t\t<a href=\"https:\/\/sallos.hu\/wp-content\/gallery\/szigliget-nyaralo\/p1000291.jpg\" title=\" \" class=\"shutterset_set_18\" >\r\n\t\t\t\t\t\t\t\t<img loading=\"lazy\" decoding=\"async\" title=\"k\u00f3dis\u00e1ll\u00e1s\" alt=\"k\u00f3dis\u00e1ll\u00e1s\" src=\"https:\/\/sallos.hu\/wp-content\/gallery\/szigliget-nyaralo\/thumbs\/thumbs_p1000291.jpg\" width=\"225\" height=\"149\" \/>\r\n\t\t\t\t\t\t\t<\/a>\r\n\t\t<\/div>\r\n\t<\/div>\r\n\t\r\n\t\t\r\n \t\t\r\n\t<div id=\"ngg-image-328\" class=\"ngg-gallery-thumbnail-box\"  >\r\n\t\t<div class=\"ngg-gallery-thumbnail\" >\r\n\t\t\t<a href=\"https:\/\/sallos.hu\/wp-content\/gallery\/szigliget-nyaralo\/dsc_2165.jpg\" title=\" \" class=\"shutterset_set_18\" >\r\n\t\t\t\t\t\t\t\t<img loading=\"lazy\" decoding=\"async\" title=\"k\u00f3dis\u00e1ll\u00e1s\" alt=\"k\u00f3dis\u00e1ll\u00e1s\" src=\"https:\/\/sallos.hu\/wp-content\/gallery\/szigliget-nyaralo\/thumbs\/thumbs_dsc_2165.jpg\" width=\"225\" height=\"150\" \/>\r\n\t\t\t\t\t\t\t<\/a>\r\n\t\t<\/div>\r\n\t<\/div>\r\n\t\r\n\t\t\r\n \t\t\r\n\t<div id=\"ngg-image-347\" class=\"ngg-gallery-thumbnail-box\"  >\r\n\t\t<div class=\"ngg-gallery-thumbnail\" >\r\n\t\t\t<a href=\"https:\/\/sallos.hu\/wp-content\/gallery\/szigliget-nyaralo\/p1000286.jpg\" title=\" \" class=\"shutterset_set_18\" >\r\n\t\t\t\t\t\t\t\t<img loading=\"lazy\" decoding=\"async\" title=\"k\u00f3dis\u00e1ll\u00e1s\" alt=\"k\u00f3dis\u00e1ll\u00e1s\" src=\"https:\/\/sallos.hu\/wp-content\/gallery\/szigliget-nyaralo\/thumbs\/thumbs_p1000286.jpg\" width=\"225\" height=\"150\" \/>\r\n\t\t\t\t\t\t\t<\/a>\r\n\t\t<\/div>\r\n\t<\/div>\r\n\t\r\n\t\t\r\n \t\t\r\n\t<div id=\"ngg-image-352\" class=\"ngg-gallery-thumbnail-box\"  >\r\n\t\t<div class=\"ngg-gallery-thumbnail\" >\r\n\t\t\t<a href=\"https:\/\/sallos.hu\/wp-content\/gallery\/szigliget-nyaralo\/p1000306.jpg\" title=\" \" class=\"shutterset_set_18\" >\r\n\t\t\t\t\t\t\t\t<img loading=\"lazy\" decoding=\"async\" title=\"vakolatkeret ablak k\u00f6r\u00fcl\" alt=\"vakolatkeret ablak k\u00f6r\u00fcl\" src=\"https:\/\/sallos.hu\/wp-content\/gallery\/szigliget-nyaralo\/thumbs\/thumbs_p1000306.jpg\" width=\"225\" height=\"149\" \/>\r\n\t\t\t\t\t\t\t<\/a>\r\n\t\t<\/div>\r\n\t<\/div>\r\n\t\r\n\t\t\r\n \t\t\r\n\t<div id=\"ngg-image-318\" class=\"ngg-gallery-thumbnail-box\"  >\r\n\t\t<div class=\"ngg-gallery-thumbnail\" >\r\n\t\t\t<a href=\"https:\/\/sallos.hu\/wp-content\/gallery\/szigliget-nyaralo\/dsc_1980.jpg\" title=\" \" class=\"shutterset_set_18\" >\r\n\t\t\t\t\t\t\t\t<img loading=\"lazy\" decoding=\"async\" title=\"terasz\" alt=\"terasz\" src=\"https:\/\/sallos.hu\/wp-content\/gallery\/szigliget-nyaralo\/thumbs\/thumbs_dsc_1980.jpg\" width=\"225\" height=\"149\" \/>\r\n\t\t\t\t\t\t\t<\/a>\r\n\t\t<\/div>\r\n\t<\/div>\r\n\t\r\n\t\t\r\n \t\t\r\n\t<div id=\"ngg-image-327\" class=\"ngg-gallery-thumbnail-box\"  >\r\n\t\t<div class=\"ngg-gallery-thumbnail\" >\r\n\t\t\t<a href=\"https:\/\/sallos.hu\/wp-content\/gallery\/szigliget-nyaralo\/dsc_2153.jpg\" title=\" \" class=\"shutterset_set_18\" >\r\n\t\t\t\t\t\t\t\t<img loading=\"lazy\" decoding=\"async\" title=\"bej\u00e1rat\" alt=\"bej\u00e1rat\" src=\"https:\/\/sallos.hu\/wp-content\/gallery\/szigliget-nyaralo\/thumbs\/thumbs_dsc_2153.jpg\" width=\"225\" height=\"149\" \/>\r\n\t\t\t\t\t\t\t<\/a>\r\n\t\t<\/div>\r\n\t<\/div>\r\n\t\r\n\t\t\r\n \t\t\r\n\t<div id=\"ngg-image-335\" class=\"ngg-gallery-thumbnail-box\"  >\r\n\t\t<div class=\"ngg-gallery-thumbnail\" >\r\n\t\t\t<a href=\"https:\/\/sallos.hu\/wp-content\/gallery\/szigliget-nyaralo\/img_5808.jpg\" title=\" \" class=\"shutterset_set_18\" >\r\n\t\t\t\t\t\t\t\t<img loading=\"lazy\" decoding=\"async\" title=\"oszlop r\u00e9szlete\" alt=\"oszlop r\u00e9szlete\" src=\"https:\/\/sallos.hu\/wp-content\/gallery\/szigliget-nyaralo\/thumbs\/thumbs_img_5808.jpg\" width=\"225\" height=\"149\" \/>\r\n\t\t\t\t\t\t\t<\/a>\r\n\t\t<\/div>\r\n\t<\/div>\r\n\t\r\n\t\t\r\n \t\t\r\n\t<div id=\"ngg-image-333\" class=\"ngg-gallery-thumbnail-box\"  >\r\n\t\t<div class=\"ngg-gallery-thumbnail\" >\r\n\t\t\t<a href=\"https:\/\/sallos.hu\/wp-content\/gallery\/szigliget-nyaralo\/dsc_2257.jpg\" title=\" \" class=\"shutterset_set_18\" >\r\n\t\t\t\t\t\t\t\t<img loading=\"lazy\" decoding=\"async\" title=\"terasz\" alt=\"terasz\" src=\"https:\/\/sallos.hu\/wp-content\/gallery\/szigliget-nyaralo\/thumbs\/thumbs_dsc_2257.jpg\" width=\"225\" height=\"150\" \/>\r\n\t\t\t\t\t\t\t<\/a>\r\n\t\t<\/div>\r\n\t<\/div>\r\n\t\r\n\t\t\r\n \t\t\r\n\t<div id=\"ngg-image-322\" class=\"ngg-gallery-thumbnail-box\"  >\r\n\t\t<div class=\"ngg-gallery-thumbnail\" >\r\n\t\t\t<a href=\"https:\/\/sallos.hu\/wp-content\/gallery\/szigliget-nyaralo\/dsc_2061.jpg\" title=\" \" class=\"shutterset_set_18\" >\r\n\t\t\t\t\t\t\t\t<img loading=\"lazy\" decoding=\"async\" title=\"bej\u00e1rat\" alt=\"bej\u00e1rat\" src=\"https:\/\/sallos.hu\/wp-content\/gallery\/szigliget-nyaralo\/thumbs\/thumbs_dsc_2061.jpg\" width=\"225\" height=\"150\" \/>\r\n\t\t\t\t\t\t\t<\/a>\r\n\t\t<\/div>\r\n\t<\/div>\r\n\t\r\n\t\t\r\n \t\t\r\n\t<div id=\"ngg-image-350\" class=\"ngg-gallery-thumbnail-box\"  >\r\n\t\t<div class=\"ngg-gallery-thumbnail\" >\r\n\t\t\t<a href=\"https:\/\/sallos.hu\/wp-content\/gallery\/szigliget-nyaralo\/p1000299.jpg\" title=\" \" class=\"shutterset_set_18\" >\r\n\t\t\t\t\t\t\t\t<img loading=\"lazy\" decoding=\"async\" title=\" \" alt=\" \" src=\"https:\/\/sallos.hu\/wp-content\/gallery\/szigliget-nyaralo\/thumbs\/thumbs_p1000299.jpg\" width=\"225\" height=\"149\" \/>\r\n\t\t\t\t\t\t\t<\/a>\r\n\t\t<\/div>\r\n\t<\/div>\r\n\t\r\n\t\t\r\n \t\t\r\n\t<div id=\"ngg-image-344\" class=\"ngg-gallery-thumbnail-box\"  >\r\n\t\t<div class=\"ngg-gallery-thumbnail\" >\r\n\t\t\t<a href=\"https:\/\/sallos.hu\/wp-content\/gallery\/szigliget-nyaralo\/img_5899.jpg\" title=\" \" class=\"shutterset_set_18\" >\r\n\t\t\t\t\t\t\t\t<img loading=\"lazy\" decoding=\"async\" title=\"kapu\" alt=\"kapu\" src=\"https:\/\/sallos.hu\/wp-content\/gallery\/szigliget-nyaralo\/thumbs\/thumbs_img_5899.jpg\" width=\"225\" height=\"149\" \/>\r\n\t\t\t\t\t\t\t<\/a>\r\n\t\t<\/div>\r\n\t<\/div>\r\n\t\r\n\t\t\r\n \t\t\r\n\t<div id=\"ngg-image-329\" class=\"ngg-gallery-thumbnail-box\"  >\r\n\t\t<div class=\"ngg-gallery-thumbnail\" >\r\n\t\t\t<a href=\"https:\/\/sallos.hu\/wp-content\/gallery\/szigliget-nyaralo\/dsc_2189.jpg\" title=\" \" class=\"shutterset_set_18\" >\r\n\t\t\t\t\t\t\t\t<img loading=\"lazy\" decoding=\"async\" title=\"oromfal\" alt=\"oromfal\" src=\"https:\/\/sallos.hu\/wp-content\/gallery\/szigliget-nyaralo\/thumbs\/thumbs_dsc_2189.jpg\" width=\"225\" height=\"149\" \/>\r\n\t\t\t\t\t\t\t<\/a>\r\n\t\t<\/div>\r\n\t<\/div>\r\n\t\r\n\t\t\r\n \t\t\r\n\t<div id=\"ngg-image-334\" class=\"ngg-gallery-thumbnail-box\"  >\r\n\t\t<div class=\"ngg-gallery-thumbnail\" >\r\n\t\t\t<a href=\"https:\/\/sallos.hu\/wp-content\/gallery\/szigliget-nyaralo\/img_5800.jpg\" title=\" \" class=\"shutterset_set_18\" >\r\n\t\t\t\t\t\t\t\t<img loading=\"lazy\" decoding=\"async\" title=\"homlokzat r\u00e9szlete\" alt=\"homlokzat r\u00e9szlete\" src=\"https:\/\/sallos.hu\/wp-content\/gallery\/szigliget-nyaralo\/thumbs\/thumbs_img_5800.jpg\" width=\"225\" height=\"150\" \/>\r\n\t\t\t\t\t\t\t<\/a>\r\n\t\t<\/div>\r\n\t<\/div>\r\n\t\r\n\t\t\r\n \t\t\r\n\t<div id=\"ngg-image-320\" class=\"ngg-gallery-thumbnail-box\"  >\r\n\t\t<div class=\"ngg-gallery-thumbnail\" >\r\n\t\t\t<a href=\"https:\/\/sallos.hu\/wp-content\/gallery\/szigliget-nyaralo\/dsc_2036.jpg\" title=\" \" class=\"shutterset_set_18\" >\r\n\t\t\t\t\t\t\t\t<img loading=\"lazy\" decoding=\"async\" title=\"terasz\" alt=\"terasz\" src=\"https:\/\/sallos.hu\/wp-content\/gallery\/szigliget-nyaralo\/thumbs\/thumbs_dsc_2036.jpg\" width=\"225\" height=\"150\" \/>\r\n\t\t\t\t\t\t\t<\/a>\r\n\t\t<\/div>\r\n\t<\/div>\r\n\t\r\n\t\t\r\n \t\t\r\n\t<div id=\"ngg-image-321\" class=\"ngg-gallery-thumbnail-box\"  >\r\n\t\t<div class=\"ngg-gallery-thumbnail\" >\r\n\t\t\t<a href=\"https:\/\/sallos.hu\/wp-content\/gallery\/szigliget-nyaralo\/dsc_2051.jpg\" title=\" \" class=\"shutterset_set_18\" >\r\n\t\t\t\t\t\t\t\t<img loading=\"lazy\" decoding=\"async\" title=\"grills\u00fct\u0151\" alt=\"grills\u00fct\u0151\" src=\"https:\/\/sallos.hu\/wp-content\/gallery\/szigliget-nyaralo\/thumbs\/thumbs_dsc_2051.jpg\" width=\"225\" height=\"150\" \/>\r\n\t\t\t\t\t\t\t<\/a>\r\n\t\t<\/div>\r\n\t<\/div>\r\n\t\r\n\t\t\r\n \t\t\r\n\t<div id=\"ngg-image-323\" class=\"ngg-gallery-thumbnail-box\"  >\r\n\t\t<div class=\"ngg-gallery-thumbnail\" >\r\n\t\t\t<a href=\"https:\/\/sallos.hu\/wp-content\/gallery\/szigliget-nyaralo\/dsc_2101.jpg\" title=\" \" class=\"shutterset_set_18\" >\r\n\t\t\t\t\t\t\t\t<img loading=\"lazy\" decoding=\"async\" title=\"\u00e9tkez\u0151\" alt=\"\u00e9tkez\u0151\" src=\"https:\/\/sallos.hu\/wp-content\/gallery\/szigliget-nyaralo\/thumbs\/thumbs_dsc_2101.jpg\" width=\"225\" height=\"150\" \/>\r\n\t\t\t\t\t\t\t<\/a>\r\n\t\t<\/div>\r\n\t<\/div>\r\n\t\r\n\t\t\r\n \t\t\r\n\t<div id=\"ngg-image-324\" class=\"ngg-gallery-thumbnail-box\"  >\r\n\t\t<div class=\"ngg-gallery-thumbnail\" >\r\n\t\t\t<a href=\"https:\/\/sallos.hu\/wp-content\/gallery\/szigliget-nyaralo\/dsc_2116.jpg\" title=\" \" class=\"shutterset_set_18\" >\r\n\t\t\t\t\t\t\t\t<img loading=\"lazy\" decoding=\"async\" title=\"dun\u00e1nt\u00fali szemesk\u00e1lyha\" alt=\"dun\u00e1nt\u00fali szemesk\u00e1lyha\" src=\"https:\/\/sallos.hu\/wp-content\/gallery\/szigliget-nyaralo\/thumbs\/thumbs_dsc_2116.jpg\" width=\"225\" height=\"150\" \/>\r\n\t\t\t\t\t\t\t<\/a>\r\n\t\t<\/div>\r\n\t<\/div>\r\n\t\r\n\t\t\r\n \t\t\r\n\t<div id=\"ngg-image-316\" class=\"ngg-gallery-thumbnail-box\"  >\r\n\t\t<div class=\"ngg-gallery-thumbnail\" >\r\n\t\t\t<a href=\"https:\/\/sallos.hu\/wp-content\/gallery\/szigliget-nyaralo\/13.jpg\" title=\" \" class=\"shutterset_set_18\" >\r\n\t\t\t\t\t\t\t\t<img loading=\"lazy\" decoding=\"async\" title=\"\u00e9tkez\u0151\" alt=\"\u00e9tkez\u0151\" src=\"https:\/\/sallos.hu\/wp-content\/gallery\/szigliget-nyaralo\/thumbs\/thumbs_13.jpg\" width=\"225\" height=\"150\" \/>\r\n\t\t\t\t\t\t\t<\/a>\r\n\t\t<\/div>\r\n\t<\/div>\r\n\t\r\n\t\t\r\n \t\t\r\n\t<div id=\"ngg-image-325\" class=\"ngg-gallery-thumbnail-box\"  >\r\n\t\t<div class=\"ngg-gallery-thumbnail\" >\r\n\t\t\t<a href=\"https:\/\/sallos.hu\/wp-content\/gallery\/szigliget-nyaralo\/dsc_2125.jpg\" title=\" \" class=\"shutterset_set_18\" >\r\n\t\t\t\t\t\t\t\t<img loading=\"lazy\" decoding=\"async\" title=\"cser\u00e9pk\u00e1lyha\" alt=\"cser\u00e9pk\u00e1lyha\" src=\"https:\/\/sallos.hu\/wp-content\/gallery\/szigliget-nyaralo\/thumbs\/thumbs_dsc_2125.jpg\" width=\"225\" height=\"150\" \/>\r\n\t\t\t\t\t\t\t<\/a>\r\n\t\t<\/div>\r\n\t<\/div>\r\n\t\r\n\t\t\r\n \t\t\r\n\t<div id=\"ngg-image-330\" class=\"ngg-gallery-thumbnail-box\"  >\r\n\t\t<div class=\"ngg-gallery-thumbnail\" >\r\n\t\t\t<a href=\"https:\/\/sallos.hu\/wp-content\/gallery\/szigliget-nyaralo\/dsc_2200.jpg\" title=\" \" class=\"shutterset_set_18\" >\r\n\t\t\t\t\t\t\t\t<img loading=\"lazy\" decoding=\"async\" title=\"konyha\" alt=\"konyha\" src=\"https:\/\/sallos.hu\/wp-content\/gallery\/szigliget-nyaralo\/thumbs\/thumbs_dsc_2200.jpg\" width=\"225\" height=\"150\" \/>\r\n\t\t\t\t\t\t\t<\/a>\r\n\t\t<\/div>\r\n\t<\/div>\r\n\t\r\n\t\t\r\n \t\t\r\n\t<div id=\"ngg-image-331\" class=\"ngg-gallery-thumbnail-box\"  >\r\n\t\t<div class=\"ngg-gallery-thumbnail\" >\r\n\t\t\t<a href=\"https:\/\/sallos.hu\/wp-content\/gallery\/szigliget-nyaralo\/dsc_2203.jpg\" title=\" \" class=\"shutterset_set_18\" >\r\n\t\t\t\t\t\t\t\t<img loading=\"lazy\" decoding=\"async\" title=\"f\u00fcrd\u0151szoba\" alt=\"f\u00fcrd\u0151szoba\" src=\"https:\/\/sallos.hu\/wp-content\/gallery\/szigliget-nyaralo\/thumbs\/thumbs_dsc_2203.jpg\" width=\"225\" height=\"149\" \/>\r\n\t\t\t\t\t\t\t<\/a>\r\n\t\t<\/div>\r\n\t<\/div>\r\n\t\r\n\t\t\r\n \t\t\r\n\t<div id=\"ngg-image-332\" class=\"ngg-gallery-thumbnail-box\"  >\r\n\t\t<div class=\"ngg-gallery-thumbnail\" >\r\n\t\t\t<a href=\"https:\/\/sallos.hu\/wp-content\/gallery\/szigliget-nyaralo\/dsc_2210.jpg\" title=\" \" class=\"shutterset_set_18\" >\r\n\t\t\t\t\t\t\t\t<img loading=\"lazy\" decoding=\"async\" title=\"h\u00e1l\u00f3szoba\" alt=\"h\u00e1l\u00f3szoba\" src=\"https:\/\/sallos.hu\/wp-content\/gallery\/szigliget-nyaralo\/thumbs\/thumbs_dsc_2210.jpg\" width=\"225\" height=\"150\" \/>\r\n\t\t\t\t\t\t\t<\/a>\r\n\t\t<\/div>\r\n\t<\/div>\r\n\t\r\n\t\t\r\n \t\t\r\n\t<div id=\"ngg-image-336\" class=\"ngg-gallery-thumbnail-box\"  >\r\n\t\t<div class=\"ngg-gallery-thumbnail\" >\r\n\t\t\t<a href=\"https:\/\/sallos.hu\/wp-content\/gallery\/szigliget-nyaralo\/img_5835.jpg\" title=\" \" class=\"shutterset_set_18\" >\r\n\t\t\t\t\t\t\t\t<img loading=\"lazy\" decoding=\"async\" title=\"dun\u00e1nt\u00fali szemesk\u00e1lyha\" alt=\"dun\u00e1nt\u00fali szemesk\u00e1lyha\" src=\"https:\/\/sallos.hu\/wp-content\/gallery\/szigliget-nyaralo\/thumbs\/thumbs_img_5835.jpg\" width=\"225\" height=\"149\" \/>\r\n\t\t\t\t\t\t\t<\/a>\r\n\t\t<\/div>\r\n\t<\/div>\r\n\t\r\n\t\t\r\n \t\t\r\n\t<div id=\"ngg-image-337\" class=\"ngg-gallery-thumbnail-box\"  >\r\n\t\t<div class=\"ngg-gallery-thumbnail\" >\r\n\t\t\t<a href=\"https:\/\/sallos.hu\/wp-content\/gallery\/szigliget-nyaralo\/img_5839.jpg\" title=\" \" class=\"shutterset_set_18\" >\r\n\t\t\t\t\t\t\t\t<img loading=\"lazy\" decoding=\"async\" title=\"t\u00e1lal\u00f3 szekr\u00e9ny\" alt=\"t\u00e1lal\u00f3 szekr\u00e9ny\" src=\"https:\/\/sallos.hu\/wp-content\/gallery\/szigliget-nyaralo\/thumbs\/thumbs_img_5839.jpg\" width=\"225\" height=\"149\" \/>\r\n\t\t\t\t\t\t\t<\/a>\r\n\t\t<\/div>\r\n\t<\/div>\r\n\t\r\n\t\t\r\n \t\t\r\n\t<div id=\"ngg-image-338\" class=\"ngg-gallery-thumbnail-box\"  >\r\n\t\t<div class=\"ngg-gallery-thumbnail\" >\r\n\t\t\t<a href=\"https:\/\/sallos.hu\/wp-content\/gallery\/szigliget-nyaralo\/img_5849.jpg\" title=\" \" class=\"shutterset_set_18\" >\r\n\t\t\t\t\t\t\t\t<img loading=\"lazy\" decoding=\"async\" title=\"bels\u0151 l\u00e9pcs\u0151\" alt=\"bels\u0151 l\u00e9pcs\u0151\" src=\"https:\/\/sallos.hu\/wp-content\/gallery\/szigliget-nyaralo\/thumbs\/thumbs_img_5849.jpg\" width=\"225\" height=\"149\" \/>\r\n\t\t\t\t\t\t\t<\/a>\r\n\t\t<\/div>\r\n\t<\/div>\r\n\t\r\n\t\t\r\n \t \t\r\n\t<!-- Pagination -->\r\n \t<div class='ngg-navigation'><span class=\"current\">1<\/span><a class=\"page-numbers\" href=\"https:\/\/sallos.hu\/en\/referenciak\/szigliget-nyaralo\/?nggpage=2\">2<\/a><a class=\"next\" id=\"ngg-next-2\" href=\"https:\/\/sallos.hu\/en\/referenciak\/szigliget-nyaralo\/?nggpage=2\">&#9658;<\/a><\/div> \t\r\n<\/div>\r\n\r\n\n","protected":false},"excerpt":{"rendered":"","protected":false},"author":2,"featured_media":0,"parent":8,"menu_order":20,"comment_status":"open","ping_status":"closed","template":"","meta":{"footnotes":""},"class_list":["post-84","page","type-page","status-publish","hentry"],"_links":{"self":[{"href":"https:\/\/sallos.hu\/en\/wp-json\/wp\/v2\/pages\/84","targetHints":{"allow":["GET"]}}],"collection":[{"href":"https:\/\/sallos.hu\/en\/wp-json\/wp\/v2\/pages"}],"about":[{"href":"https:\/\/sallos.hu\/en\/wp-json\/wp\/v2\/types\/page"}],"author":[{"embeddable":true,"href":"https:\/\/sallos.hu\/en\/wp-json\/wp\/v2\/users\/2"}],"replies":[{"embeddable":true,"href":"https:\/\/sallos.hu\/en\/wp-json\/wp\/v2\/comments?post=84"}],"version-history":[{"count":1,"href":"https:\/\/sallos.hu\/en\/wp-json\/wp\/v2\/pages\/84\/revisions"}],"predecessor-version":[{"id":137,"href":"https:\/\/sallos.hu\/en\/wp-json\/wp\/v2\/pages\/84\/revisions\/137"}],"up":[{"embeddable":true,"href":"https:\/\/sallos.hu\/en\/wp-json\/wp\/v2\/pages\/8"}],"wp:attachment":[{"href":"https:\/\/sallos.hu\/en\/wp-json\/wp\/v2\/media?parent=84"}],"curies":[{"name":"wp","href":"https:\/\/api.w.org\/{rel}","templated":true}]}}