{"id":81,"date":"2014-02-11T13:37:58","date_gmt":"2014-02-11T13:37:58","guid":{"rendered":"http:\/\/www.sallos.hu\/referenciak\/sukoro\/"},"modified":"2014-02-11T13:37:58","modified_gmt":"2014-02-11T13:37:58","slug":"sukoro","status":"publish","type":"page","link":"https:\/\/sallos.hu\/en\/referenciak\/sukoro\/","title":{"rendered":"Sukor\u00f3"},"content":{"rendered":"\r\n<div class=\"ngg-galleryoverview\" id=\"ngg-gallery-15-81\">\r\n\r\n\r\n\t\r\n\t<!-- Thumbnails -->\r\n\t\t\r\n\t<div id=\"ngg-image-272\" class=\"ngg-gallery-thumbnail-box\"  >\r\n\t\t<div class=\"ngg-gallery-thumbnail\" >\r\n\t\t\t<a href=\"https:\/\/sallos.hu\/wp-content\/gallery\/sukoro\/suk.jpg\" title=\" \" class=\"shutterset_set_15\" >\r\n\t\t\t\t\t\t\t\t<img loading=\"lazy\" decoding=\"async\" title=\"f\u0151homlokzat\" alt=\"f\u0151homlokzat\" src=\"https:\/\/sallos.hu\/wp-content\/gallery\/sukoro\/thumbs\/thumbs_suk.jpg\" width=\"225\" height=\"150\" \/>\r\n\t\t\t\t\t\t\t<\/a>\r\n\t\t<\/div>\r\n\t<\/div>\r\n\t\r\n\t\t\r\n \t\t\r\n\t<div id=\"ngg-image-280\" class=\"ngg-gallery-thumbnail-box\"  >\r\n\t\t<div class=\"ngg-gallery-thumbnail\" >\r\n\t\t\t<a href=\"https:\/\/sallos.hu\/wp-content\/gallery\/sukoro\/suk_8.jpg\" title=\" \" class=\"shutterset_set_15\" >\r\n\t\t\t\t\t\t\t\t<img loading=\"lazy\" decoding=\"async\" title=\"utcai oromfal\" alt=\"utcai oromfal\" src=\"https:\/\/sallos.hu\/wp-content\/gallery\/sukoro\/thumbs\/thumbs_suk_8.jpg\" width=\"225\" height=\"150\" \/>\r\n\t\t\t\t\t\t\t<\/a>\r\n\t\t<\/div>\r\n\t<\/div>\r\n\t\r\n\t\t\r\n \t\t\r\n\t<div id=\"ngg-image-279\" class=\"ngg-gallery-thumbnail-box\"  >\r\n\t\t<div class=\"ngg-gallery-thumbnail\" >\r\n\t\t\t<a href=\"https:\/\/sallos.hu\/wp-content\/gallery\/sukoro\/suk_7.jpg\" title=\" \" class=\"shutterset_set_15\" >\r\n\t\t\t\t\t\t\t\t<img loading=\"lazy\" decoding=\"async\" title=\"kert\" alt=\"kert\" src=\"https:\/\/sallos.hu\/wp-content\/gallery\/sukoro\/thumbs\/thumbs_suk_7.jpg\" width=\"225\" height=\"150\" \/>\r\n\t\t\t\t\t\t\t<\/a>\r\n\t\t<\/div>\r\n\t<\/div>\r\n\t\r\n\t\t\r\n \t\t\r\n\t<div id=\"ngg-image-281\" class=\"ngg-gallery-thumbnail-box\"  >\r\n\t\t<div class=\"ngg-gallery-thumbnail\" >\r\n\t\t\t<a href=\"https:\/\/sallos.hu\/wp-content\/gallery\/sukoro\/suk_9.jpg\" title=\" \" class=\"shutterset_set_15\" >\r\n\t\t\t\t\t\t\t\t<img loading=\"lazy\" decoding=\"async\" title=\"vakolatd\u00edsz\" alt=\"vakolatd\u00edsz\" src=\"https:\/\/sallos.hu\/wp-content\/gallery\/sukoro\/thumbs\/thumbs_suk_9.jpg\" width=\"225\" height=\"149\" \/>\r\n\t\t\t\t\t\t\t<\/a>\r\n\t\t<\/div>\r\n\t<\/div>\r\n\t\r\n\t\t\r\n \t\t\r\n\t<div id=\"ngg-image-276\" class=\"ngg-gallery-thumbnail-box\"  >\r\n\t\t<div class=\"ngg-gallery-thumbnail\" >\r\n\t\t\t<a href=\"https:\/\/sallos.hu\/wp-content\/gallery\/sukoro\/suk_33.jpg\" title=\" \" class=\"shutterset_set_15\" >\r\n\t\t\t\t\t\t\t\t<img loading=\"lazy\" decoding=\"async\" title=\"terasz\" alt=\"terasz\" src=\"https:\/\/sallos.hu\/wp-content\/gallery\/sukoro\/thumbs\/thumbs_suk_33.jpg\" width=\"225\" height=\"149\" \/>\r\n\t\t\t\t\t\t\t<\/a>\r\n\t\t<\/div>\r\n\t<\/div>\r\n\t\r\n\t\t\r\n \t\t\r\n\t<div id=\"ngg-image-273\" class=\"ngg-gallery-thumbnail-box\"  >\r\n\t\t<div class=\"ngg-gallery-thumbnail\" >\r\n\t\t\t<a href=\"https:\/\/sallos.hu\/wp-content\/gallery\/sukoro\/suk_12.jpg\" title=\" \" class=\"shutterset_set_15\" >\r\n\t\t\t\t\t\t\t\t<img loading=\"lazy\" decoding=\"async\" title=\"vakolatd\u00edsz \u00e9vsz\u00e1mmal\" alt=\"vakolatd\u00edsz \u00e9vsz\u00e1mmal\" src=\"https:\/\/sallos.hu\/wp-content\/gallery\/sukoro\/thumbs\/thumbs_suk_12.jpg\" width=\"225\" height=\"149\" \/>\r\n\t\t\t\t\t\t\t<\/a>\r\n\t\t<\/div>\r\n\t<\/div>\r\n\t\r\n\t\t\r\n \t\t\r\n\t<div id=\"ngg-image-278\" class=\"ngg-gallery-thumbnail-box\"  >\r\n\t\t<div class=\"ngg-gallery-thumbnail\" >\r\n\t\t\t<a href=\"https:\/\/sallos.hu\/wp-content\/gallery\/sukoro\/suk_5.jpg\" title=\" \" class=\"shutterset_set_15\" >\r\n\t\t\t\t\t\t\t\t<img loading=\"lazy\" decoding=\"async\" title=\"bels\u0151 t\u00e9r\" alt=\"bels\u0151 t\u00e9r\" src=\"https:\/\/sallos.hu\/wp-content\/gallery\/sukoro\/thumbs\/thumbs_suk_5.jpg\" width=\"225\" height=\"150\" \/>\r\n\t\t\t\t\t\t\t<\/a>\r\n\t\t<\/div>\r\n\t<\/div>\r\n\t\r\n\t\t\r\n \t\t\r\n\t<div id=\"ngg-image-270\" class=\"ngg-gallery-thumbnail-box\"  >\r\n\t\t<div class=\"ngg-gallery-thumbnail\" >\r\n\t\t\t<a href=\"https:\/\/sallos.hu\/wp-content\/gallery\/sukoro\/p8230091.jpg\" title=\" \" class=\"shutterset_set_15\" >\r\n\t\t\t\t\t\t\t\t<img loading=\"lazy\" decoding=\"async\" title=\"konyha\" alt=\"konyha\" src=\"https:\/\/sallos.hu\/wp-content\/gallery\/sukoro\/thumbs\/thumbs_p8230091.jpg\" width=\"225\" height=\"150\" \/>\r\n\t\t\t\t\t\t\t<\/a>\r\n\t\t<\/div>\r\n\t<\/div>\r\n\t\r\n\t\t\r\n \t\t\r\n\t<div id=\"ngg-image-271\" class=\"ngg-gallery-thumbnail-box\"  >\r\n\t\t<div class=\"ngg-gallery-thumbnail\" >\r\n\t\t\t<a href=\"https:\/\/sallos.hu\/wp-content\/gallery\/sukoro\/p8230134.jpg\" title=\" \" class=\"shutterset_set_15\" >\r\n\t\t\t\t\t\t\t\t<img loading=\"lazy\" decoding=\"async\" title=\"dun\u00e1nt\u00fali szemesk\u00e1lyha\" alt=\"dun\u00e1nt\u00fali szemesk\u00e1lyha\" src=\"https:\/\/sallos.hu\/wp-content\/gallery\/sukoro\/thumbs\/thumbs_p8230134.jpg\" width=\"225\" height=\"149\" \/>\r\n\t\t\t\t\t\t\t<\/a>\r\n\t\t<\/div>\r\n\t<\/div>\r\n\t\r\n\t\t\r\n \t\t\r\n\t<div id=\"ngg-image-274\" class=\"ngg-gallery-thumbnail-box\"  >\r\n\t\t<div class=\"ngg-gallery-thumbnail\" >\r\n\t\t\t<a href=\"https:\/\/sallos.hu\/wp-content\/gallery\/sukoro\/suk_17.jpg\" title=\" \" class=\"shutterset_set_15\" >\r\n\t\t\t\t\t\t\t\t<img loading=\"lazy\" decoding=\"async\" title=\"bels\u0151 t\u00e9r\" alt=\"bels\u0151 t\u00e9r\" src=\"https:\/\/sallos.hu\/wp-content\/gallery\/sukoro\/thumbs\/thumbs_suk_17.jpg\" width=\"225\" height=\"149\" \/>\r\n\t\t\t\t\t\t\t<\/a>\r\n\t\t<\/div>\r\n\t<\/div>\r\n\t\r\n\t\t\r\n \t\t\r\n\t<div id=\"ngg-image-275\" class=\"ngg-gallery-thumbnail-box\"  >\r\n\t\t<div class=\"ngg-gallery-thumbnail\" >\r\n\t\t\t<a href=\"https:\/\/sallos.hu\/wp-content\/gallery\/sukoro\/suk_20.jpg\" title=\" \" class=\"shutterset_set_15\" >\r\n\t\t\t\t\t\t\t\t<img loading=\"lazy\" decoding=\"async\" title=\"cser\u00e9pk\u00e1lyha\" alt=\"cser\u00e9pk\u00e1lyha\" src=\"https:\/\/sallos.hu\/wp-content\/gallery\/sukoro\/thumbs\/thumbs_suk_20.jpg\" width=\"225\" height=\"150\" \/>\r\n\t\t\t\t\t\t\t<\/a>\r\n\t\t<\/div>\r\n\t<\/div>\r\n\t\r\n\t\t\r\n \t\t\r\n\t<div id=\"ngg-image-277\" class=\"ngg-gallery-thumbnail-box\"  >\r\n\t\t<div class=\"ngg-gallery-thumbnail\" >\r\n\t\t\t<a href=\"https:\/\/sallos.hu\/wp-content\/gallery\/sukoro\/suk_34.jpg\" title=\" \" class=\"shutterset_set_15\" >\r\n\t\t\t\t\t\t\t\t<img loading=\"lazy\" decoding=\"async\" title=\"f\u00fcrd\u0151szoba\" alt=\"f\u00fcrd\u0151szoba\" src=\"https:\/\/sallos.hu\/wp-content\/gallery\/sukoro\/thumbs\/thumbs_suk_34.jpg\" width=\"225\" height=\"148\" \/>\r\n\t\t\t\t\t\t\t<\/a>\r\n\t\t<\/div>\r\n\t<\/div>\r\n\t\r\n\t\t\r\n \t \t\r\n\t<!-- Pagination -->\r\n \t<div class='ngg-clear'><\/div>\n \t\r\n<\/div>\r\n\r\n\n","protected":false},"excerpt":{"rendered":"","protected":false},"author":1,"featured_media":0,"parent":8,"menu_order":12,"comment_status":"open","ping_status":"open","template":"","meta":{"footnotes":""},"class_list":["post-81","page","type-page","status-publish","hentry"],"_links":{"self":[{"href":"https:\/\/sallos.hu\/en\/wp-json\/wp\/v2\/pages\/81","targetHints":{"allow":["GET"]}}],"collection":[{"href":"https:\/\/sallos.hu\/en\/wp-json\/wp\/v2\/pages"}],"about":[{"href":"https:\/\/sallos.hu\/en\/wp-json\/wp\/v2\/types\/page"}],"author":[{"embeddable":true,"href":"https:\/\/sallos.hu\/en\/wp-json\/wp\/v2\/users\/1"}],"replies":[{"embeddable":true,"href":"https:\/\/sallos.hu\/en\/wp-json\/wp\/v2\/comments?post=81"}],"version-history":[{"count":0,"href":"https:\/\/sallos.hu\/en\/wp-json\/wp\/v2\/pages\/81\/revisions"}],"up":[{"embeddable":true,"href":"https:\/\/sallos.hu\/en\/wp-json\/wp\/v2\/pages\/8"}],"wp:attachment":[{"href":"https:\/\/sallos.hu\/en\/wp-json\/wp\/v2\/media?parent=81"}],"curies":[{"name":"wp","href":"https:\/\/api.w.org\/{rel}","templated":true}]}}