{"id":8,"date":"2014-02-02T11:59:37","date_gmt":"2014-02-02T11:59:37","guid":{"rendered":"http:\/\/www.sallos.hu\/?page_id=8"},"modified":"2018-11-18T21:01:23","modified_gmt":"2018-11-18T21:01:23","slug":"referenciak","status":"publish","type":"page","link":"https:\/\/sallos.hu\/en\/referenciak\/","title":{"rendered":"References"},"content":{"rendered":"<p>\r\n<div class=\"ngg-albumoverview\">\t\r\n\t<!-- List of galleries -->\r\n\t\r\n\t<div class=\"ngg-album\">\r\n\t\t<div class=\"ngg-albumtitle\"><a href=\"https:\/\/sallos.hu\/en\/vaszoly\/\">V\u00e1szoly<\/a><\/div>\r\n\t\t\t<div class=\"ngg-albumcontent\">\r\n\t\t\t\t<div class=\"ngg-thumbnail\">\r\n\t\t\t\t\t<a href=\"https:\/\/sallos.hu\/en\/vaszoly\/\"><img decoding=\"async\" class=\"Thumb\" alt=\"V\u00e1szoly\" src=\"https:\/\/sallos.hu\/wp-content\/gallery\/vaszoly\/thumbs\/thumbs_z165375.jpg\"\/><\/a>\r\n\t\t\t\t<\/div>\r\n\t\t\t\t<div class=\"ngg-description\">\r\n\t\t\t\t<p><\/p>\r\n\t\t\t\t\t\t\t\t<p><strong>8<\/strong> Photos<\/p>\r\n\t\t\t\t\t\t\t<\/div>\r\n\t\t<\/div>\r\n\t<\/div>\r\n\r\n \t\r\n\t<div class=\"ngg-album\">\r\n\t\t<div class=\"ngg-albumtitle\"><a href=\"https:\/\/sallos.hu\/en\/referenciak\/balatonhenye\/\">Balatonhenye<\/a><\/div>\r\n\t\t\t<div class=\"ngg-albumcontent\">\r\n\t\t\t\t<div class=\"ngg-thumbnail\">\r\n\t\t\t\t\t<a href=\"https:\/\/sallos.hu\/en\/referenciak\/balatonhenye\/\"><img decoding=\"async\" class=\"Thumb\" alt=\"Balatonhenye\" src=\"https:\/\/sallos.hu\/wp-content\/gallery\/balatonhenye\/thumbs\/thumbs_z105912.jpg\"\/><\/a>\r\n\t\t\t\t<\/div>\r\n\t\t\t\t<div class=\"ngg-description\">\r\n\t\t\t\t<p><\/p>\r\n\t\t\t\t\t\t\t\t<p><strong>5<\/strong> Photos<\/p>\r\n\t\t\t\t\t\t\t<\/div>\r\n\t\t<\/div>\r\n\t<\/div>\r\n\r\n \t\r\n\t<div class=\"ngg-album\">\r\n\t\t<div class=\"ngg-albumtitle\"><a href=\"https:\/\/sallos.hu\/en\/referenciak\/bekasmegyer-ofalu\/\">B\u00e9k\u00e1smegyer \u00d3falu<\/a><\/div>\r\n\t\t\t<div class=\"ngg-albumcontent\">\r\n\t\t\t\t<div class=\"ngg-thumbnail\">\r\n\t\t\t\t\t<a href=\"https:\/\/sallos.hu\/en\/referenciak\/bekasmegyer-ofalu\/\"><img decoding=\"async\" class=\"Thumb\" alt=\"B\u00e9k\u00e1smegyer \u00d3falu\" src=\"https:\/\/sallos.hu\/wp-content\/gallery\/bekasmegyer-ofalu\/thumbs\/thumbs_z112243.jpg\"\/><\/a>\r\n\t\t\t\t<\/div>\r\n\t\t\t\t<div class=\"ngg-description\">\r\n\t\t\t\t<p><\/p>\r\n\t\t\t\t\t\t\t\t<p><strong>17<\/strong> Photos<\/p>\r\n\t\t\t\t\t\t\t<\/div>\r\n\t\t<\/div>\r\n\t<\/div>\r\n\r\n \t\r\n\t<div class=\"ngg-album\">\r\n\t\t<div class=\"ngg-albumtitle\"><a href=\"https:\/\/sallos.hu\/en\/referenciak\/aszofo\/\">Asz\u00f3f\u0151<\/a><\/div>\r\n\t\t\t<div class=\"ngg-albumcontent\">\r\n\t\t\t\t<div class=\"ngg-thumbnail\">\r\n\t\t\t\t\t<a href=\"https:\/\/sallos.hu\/en\/referenciak\/aszofo\/\"><img decoding=\"async\" class=\"Thumb\" alt=\"Asz\u00f3f\u0151\" src=\"https:\/\/sallos.hu\/wp-content\/gallery\/aszofo\/thumbs\/thumbs_img_3850.jpg\"\/><\/a>\r\n\t\t\t\t<\/div>\r\n\t\t\t\t<div class=\"ngg-description\">\r\n\t\t\t\t<p><\/p>\r\n\t\t\t\t\t\t\t\t<p><strong>19<\/strong> Photos<\/p>\r\n\t\t\t\t\t\t\t<\/div>\r\n\t\t<\/div>\r\n\t<\/div>\r\n\r\n \t\r\n\t<div class=\"ngg-album\">\r\n\t\t<div class=\"ngg-albumtitle\"><a href=\"https:\/\/sallos.hu\/en\/referenciak\/csopak-szolohegy\/\">Csopak - sz\u0151l\u0151hegy<\/a><\/div>\r\n\t\t\t<div class=\"ngg-albumcontent\">\r\n\t\t\t\t<div class=\"ngg-thumbnail\">\r\n\t\t\t\t\t<a href=\"https:\/\/sallos.hu\/en\/referenciak\/csopak-szolohegy\/\"><img decoding=\"async\" class=\"Thumb\" alt=\"Csopak - sz\u0151l\u0151hegy\" src=\"https:\/\/sallos.hu\/wp-content\/gallery\/csopak-szolohegy\/thumbs\/thumbs_mg_2500.jpg\"\/><\/a>\r\n\t\t\t\t<\/div>\r\n\t\t\t\t<div class=\"ngg-description\">\r\n\t\t\t\t<p><\/p>\r\n\t\t\t\t\t\t\t\t<p><strong>17<\/strong> Photos<\/p>\r\n\t\t\t\t\t\t\t<\/div>\r\n\t\t<\/div>\r\n\t<\/div>\r\n\r\n \t\r\n\t<div class=\"ngg-album\">\r\n\t\t<div class=\"ngg-albumtitle\"><a href=\"https:\/\/sallos.hu\/en\/referenciak\/szentbekkalla\/\">Szentb\u00e9kk\u00e1lla faluk\u00f6zpont<\/a><\/div>\r\n\t\t\t<div class=\"ngg-albumcontent\">\r\n\t\t\t\t<div class=\"ngg-thumbnail\">\r\n\t\t\t\t\t<a href=\"https:\/\/sallos.hu\/en\/referenciak\/szentbekkalla\/\"><img decoding=\"async\" class=\"Thumb\" alt=\"Szentb\u00e9kk\u00e1lla faluk\u00f6zpont\" src=\"https:\/\/sallos.hu\/wp-content\/gallery\/szentbekkalla\/thumbs\/thumbs_mg_9579.jpg\"\/><\/a>\r\n\t\t\t\t<\/div>\r\n\t\t\t\t<div class=\"ngg-description\">\r\n\t\t\t\t<p><\/p>\r\n\t\t\t\t\t\t\t\t<p><strong>18<\/strong> Photos<\/p>\r\n\t\t\t\t\t\t\t<\/div>\r\n\t\t<\/div>\r\n\t<\/div>\r\n\r\n \t\r\n\t<div class=\"ngg-album\">\r\n\t\t<div class=\"ngg-albumtitle\"><a href=\"https:\/\/sallos.hu\/en\/referenciak\/szigetbecse\/\">Szigetbecse<\/a><\/div>\r\n\t\t\t<div class=\"ngg-albumcontent\">\r\n\t\t\t\t<div class=\"ngg-thumbnail\">\r\n\t\t\t\t\t<a href=\"https:\/\/sallos.hu\/en\/referenciak\/szigetbecse\/\"><img decoding=\"async\" class=\"Thumb\" alt=\"Szigetbecse\" src=\"https:\/\/sallos.hu\/wp-content\/gallery\/szigetbecse\/thumbs\/thumbs_szigetbecse.jpg\"\/><\/a>\r\n\t\t\t\t<\/div>\r\n\t\t\t\t<div class=\"ngg-description\">\r\n\t\t\t\t<p><\/p>\r\n\t\t\t\t\t\t\t\t<p><strong>26<\/strong> Photos<\/p>\r\n\t\t\t\t\t\t\t<\/div>\r\n\t\t<\/div>\r\n\t<\/div>\r\n\r\n \t\r\n\t<div class=\"ngg-album\">\r\n\t\t<div class=\"ngg-albumtitle\"><a href=\"https:\/\/sallos.hu\/en\/referenciak\/szeged\/\">Szeged<\/a><\/div>\r\n\t\t\t<div class=\"ngg-albumcontent\">\r\n\t\t\t\t<div class=\"ngg-thumbnail\">\r\n\t\t\t\t\t<a href=\"https:\/\/sallos.hu\/en\/referenciak\/szeged\/\"><img decoding=\"async\" class=\"Thumb\" alt=\"Szeged\" src=\"https:\/\/sallos.hu\/wp-content\/gallery\/csopak-rozsaszin-haz\/thumbs\/thumbs_01.jpg\"\/><\/a>\r\n\t\t\t\t<\/div>\r\n\t\t\t\t<div class=\"ngg-description\">\r\n\t\t\t\t<p><\/p>\r\n\t\t\t\t\t\t\t\t<p><strong>24<\/strong> Photos<\/p>\r\n\t\t\t\t\t\t\t<\/div>\r\n\t\t<\/div>\r\n\t<\/div>\r\n\r\n \t\r\n\t<div class=\"ngg-album\">\r\n\t\t<div class=\"ngg-albumtitle\"><a href=\"https:\/\/sallos.hu\/en\/referenciak\/szentendre-mediterran\/\">Szentendre - mediterr\u00e1n<\/a><\/div>\r\n\t\t\t<div class=\"ngg-albumcontent\">\r\n\t\t\t\t<div class=\"ngg-thumbnail\">\r\n\t\t\t\t\t<a href=\"https:\/\/sallos.hu\/en\/referenciak\/szentendre-mediterran\/\"><img decoding=\"async\" class=\"Thumb\" alt=\"Szentendre - mediterr\u00e1n\" src=\"https:\/\/sallos.hu\/wp-content\/gallery\/szentendre-mediterran\/thumbs\/thumbs_szentendre-mediterran_0.jpg\"\/><\/a>\r\n\t\t\t\t<\/div>\r\n\t\t\t\t<div class=\"ngg-description\">\r\n\t\t\t\t<p><\/p>\r\n\t\t\t\t\t\t\t\t<p><strong>20<\/strong> Photos<\/p>\r\n\t\t\t\t\t\t\t<\/div>\r\n\t\t<\/div>\r\n\t<\/div>\r\n\r\n \t\r\n\t<div class=\"ngg-album\">\r\n\t\t<div class=\"ngg-albumtitle\"><a href=\"https:\/\/sallos.hu\/en\/referenciak\/balatonfured-szolohegy\/\">Balatonf\u00fcred - Sz\u0151l\u0151hegy<\/a><\/div>\r\n\t\t\t<div class=\"ngg-albumcontent\">\r\n\t\t\t\t<div class=\"ngg-thumbnail\">\r\n\t\t\t\t\t<a href=\"https:\/\/sallos.hu\/en\/referenciak\/balatonfured-szolohegy\/\"><img decoding=\"async\" class=\"Thumb\" alt=\"Balatonf\u00fcred - Sz\u0151l\u0151hegy\" src=\"https:\/\/sallos.hu\/wp-content\/gallery\/balatonfured-szolohegy\/thumbs\/thumbs_balatonfured-szolohegy.jpg\"\/><\/a>\r\n\t\t\t\t<\/div>\r\n\t\t\t\t<div class=\"ngg-description\">\r\n\t\t\t\t<p><\/p>\r\n\t\t\t\t\t\t\t\t<p><strong>14<\/strong> Photos<\/p>\r\n\t\t\t\t\t\t\t<\/div>\r\n\t\t<\/div>\r\n\t<\/div>\r\n\r\n \t\r\n\t<div class=\"ngg-album\">\r\n\t\t<div class=\"ngg-albumtitle\"><a href=\"https:\/\/sallos.hu\/en\/referenciak\/csopak-nadtetos-haz\/\">Szentb\u00e9kk\u00e1lla<\/a><\/div>\r\n\t\t\t<div class=\"ngg-albumcontent\">\r\n\t\t\t\t<div class=\"ngg-thumbnail\">\r\n\t\t\t\t\t<a href=\"https:\/\/sallos.hu\/en\/referenciak\/csopak-nadtetos-haz\/\"><img decoding=\"async\" class=\"Thumb\" alt=\"Szentb\u00e9kk\u00e1lla\" src=\"https:\/\/sallos.hu\/wp-content\/gallery\/csopak-nadtetos-haz\/thumbs\/thumbs_c3e8977.jpg\"\/><\/a>\r\n\t\t\t\t<\/div>\r\n\t\t\t\t<div class=\"ngg-description\">\r\n\t\t\t\t<p><\/p>\r\n\t\t\t\t\t\t\t\t<p><strong>17<\/strong> Photos<\/p>\r\n\t\t\t\t\t\t\t<\/div>\r\n\t\t<\/div>\r\n\t<\/div>\r\n\r\n \t\r\n\t<div class=\"ngg-album\">\r\n\t\t<div class=\"ngg-albumtitle\"><a href=\"https:\/\/sallos.hu\/en\/referenciak\/dorgicse\/\">D\u00f6rgicse<\/a><\/div>\r\n\t\t\t<div class=\"ngg-albumcontent\">\r\n\t\t\t\t<div class=\"ngg-thumbnail\">\r\n\t\t\t\t\t<a href=\"https:\/\/sallos.hu\/en\/referenciak\/dorgicse\/\"><img decoding=\"async\" class=\"Thumb\" alt=\"D\u00f6rgicse\" src=\"https:\/\/sallos.hu\/wp-content\/gallery\/dorgicse\/thumbs\/thumbs_115_1548.jpg\"\/><\/a>\r\n\t\t\t\t<\/div>\r\n\t\t\t\t<div class=\"ngg-description\">\r\n\t\t\t\t<p><\/p>\r\n\t\t\t\t\t\t\t\t<p><strong>35<\/strong> Photos<\/p>\r\n\t\t\t\t\t\t\t<\/div>\r\n\t\t<\/div>\r\n\t<\/div>\r\n\r\n \t\r\n\t<div class=\"ngg-album\">\r\n\t\t<div class=\"ngg-albumtitle\"><a href=\"https:\/\/sallos.hu\/en\/referenciak\/szentendre-fatornacos-haz\/\">Szentendre - fatorn\u00e1cos h\u00e1z<\/a><\/div>\r\n\t\t\t<div class=\"ngg-albumcontent\">\r\n\t\t\t\t<div class=\"ngg-thumbnail\">\r\n\t\t\t\t\t<a href=\"https:\/\/sallos.hu\/en\/referenciak\/szentendre-fatornacos-haz\/\"><img decoding=\"async\" class=\"Thumb\" alt=\"Szentendre - fatorn\u00e1cos h\u00e1z\" src=\"https:\/\/sallos.hu\/wp-content\/gallery\/szentendre-fatornacos-haz\/thumbs\/thumbs_sztendre_16.jpg\"\/><\/a>\r\n\t\t\t\t<\/div>\r\n\t\t\t\t<div class=\"ngg-description\">\r\n\t\t\t\t<p><\/p>\r\n\t\t\t\t\t\t\t\t<p><strong>23<\/strong> Photos<\/p>\r\n\t\t\t\t\t\t\t<\/div>\r\n\t\t<\/div>\r\n\t<\/div>\r\n\r\n \t\r\n\t<div class=\"ngg-album\">\r\n\t\t<div class=\"ngg-albumtitle\"><a href=\"https:\/\/sallos.hu\/en\/referenciak\/varalja-borvar-pinceszet\/\">V\u00e1ralja - Borv\u00e1r pinc\u00e9szet<\/a><\/div>\r\n\t\t\t<div class=\"ngg-albumcontent\">\r\n\t\t\t\t<div class=\"ngg-thumbnail\">\r\n\t\t\t\t\t<a href=\"https:\/\/sallos.hu\/en\/referenciak\/varalja-borvar-pinceszet\/\"><img decoding=\"async\" class=\"Thumb\" alt=\"V\u00e1ralja - Borv\u00e1r pinc\u00e9szet\" src=\"https:\/\/sallos.hu\/wp-content\/gallery\/varalja-borvar-pinceszet\/thumbs\/thumbs_mgr4629-copy.jpg\"\/><\/a>\r\n\t\t\t\t<\/div>\r\n\t\t\t\t<div class=\"ngg-description\">\r\n\t\t\t\t<p><\/p>\r\n\t\t\t\t\t\t\t\t<p><strong>59<\/strong> Photos<\/p>\r\n\t\t\t\t\t\t\t<\/div>\r\n\t\t<\/div>\r\n\t<\/div>\r\n\r\n \t\r\n\t<div class=\"ngg-album\">\r\n\t\t<div class=\"ngg-albumtitle\"><a href=\"https:\/\/sallos.hu\/en\/referenciak\/sukoro\/\">Sukor\u00f3<\/a><\/div>\r\n\t\t\t<div class=\"ngg-albumcontent\">\r\n\t\t\t\t<div class=\"ngg-thumbnail\">\r\n\t\t\t\t\t<a href=\"https:\/\/sallos.hu\/en\/referenciak\/sukoro\/\"><img decoding=\"async\" class=\"Thumb\" alt=\"Sukor\u00f3\" src=\"https:\/\/sallos.hu\/wp-content\/gallery\/sukoro\/thumbs\/thumbs_suk.jpg\"\/><\/a>\r\n\t\t\t\t<\/div>\r\n\t\t\t\t<div class=\"ngg-description\">\r\n\t\t\t\t<p><\/p>\r\n\t\t\t\t\t\t\t\t<p><strong>12<\/strong> Photos<\/p>\r\n\t\t\t\t\t\t\t<\/div>\r\n\t\t<\/div>\r\n\t<\/div>\r\n\r\n \t\r\n\t<div class=\"ngg-album\">\r\n\t\t<div class=\"ngg-albumtitle\"><a href=\"https:\/\/sallos.hu\/en\/referenciak\/szigliget-nyaralo\/\">Szigliget - nyaral\u00f3<\/a><\/div>\r\n\t\t\t<div class=\"ngg-albumcontent\">\r\n\t\t\t\t<div class=\"ngg-thumbnail\">\r\n\t\t\t\t\t<a href=\"https:\/\/sallos.hu\/en\/referenciak\/szigliget-nyaralo\/\"><img decoding=\"async\" class=\"Thumb\" alt=\"Szigliget - nyaral\u00f3\" src=\"https:\/\/sallos.hu\/wp-content\/gallery\/szigliget-nyaralo\/thumbs\/thumbs_p1000290.jpg\"\/><\/a>\r\n\t\t\t\t<\/div>\r\n\t\t\t\t<div class=\"ngg-description\">\r\n\t\t\t\t<p><\/p>\r\n\t\t\t\t\t\t\t\t<p><strong>37<\/strong> Photos<\/p>\r\n\t\t\t\t\t\t\t<\/div>\r\n\t\t<\/div>\r\n\t<\/div>\r\n\r\n \t\r\n\t<div class=\"ngg-album\">\r\n\t\t<div class=\"ngg-albumtitle\"><a href=\"https:\/\/sallos.hu\/en\/referenciak\/szigliget-szolohegy\/\">Szigliget - sz\u0151l\u0151hegy<\/a><\/div>\r\n\t\t\t<div class=\"ngg-albumcontent\">\r\n\t\t\t\t<div class=\"ngg-thumbnail\">\r\n\t\t\t\t\t<a href=\"https:\/\/sallos.hu\/en\/referenciak\/szigliget-szolohegy\/\"><img decoding=\"async\" class=\"Thumb\" alt=\"Szigliget - sz\u0151l\u0151hegy\" src=\"https:\/\/sallos.hu\/wp-content\/gallery\/szigliget-szolohegy\/thumbs\/thumbs_p1020894.jpg\"\/><\/a>\r\n\t\t\t\t<\/div>\r\n\t\t\t\t<div class=\"ngg-description\">\r\n\t\t\t\t<p><\/p>\r\n\t\t\t\t\t\t\t\t<p><strong>14<\/strong> Photos<\/p>\r\n\t\t\t\t\t\t\t<\/div>\r\n\t\t<\/div>\r\n\t<\/div>\r\n\r\n \t\r\n\t<div class=\"ngg-album\">\r\n\t\t<div class=\"ngg-albumtitle\"><a href=\"https:\/\/sallos.hu\/en\/referenciak\/sopron-fo-ter-felujitasa\/\">Sopron - F\u0151 t\u00e9r fel\u00faj\u00edt\u00e1sa<\/a><\/div>\r\n\t\t\t<div class=\"ngg-albumcontent\">\r\n\t\t\t\t<div class=\"ngg-thumbnail\">\r\n\t\t\t\t\t<a href=\"https:\/\/sallos.hu\/en\/referenciak\/sopron-fo-ter-felujitasa\/\"><img decoding=\"async\" class=\"Thumb\" alt=\"Sopron - F\u0151 t\u00e9r fel\u00faj\u00edt\u00e1sa\" src=\"https:\/\/sallos.hu\/wp-content\/gallery\/sopron-fo-ter-felujitasa\/thumbs\/thumbs_foter.jpg\"\/><\/a>\r\n\t\t\t\t<\/div>\r\n\t\t\t\t<div class=\"ngg-description\">\r\n\t\t\t\t<p><\/p>\r\n\t\t\t\t\t\t\t\t<p><strong>60<\/strong> Photos<\/p>\r\n\t\t\t\t\t\t\t<\/div>\r\n\t\t<\/div>\r\n\t<\/div>\r\n\r\n \t \t\r\n\t<!-- Pagination -->\r\n \t<div class=\"ngg-clear\"><\/div> \t\r\n<\/div>\r\n\r\n<\/p>","protected":false},"excerpt":{"rendered":"","protected":false},"author":1,"featured_media":0,"parent":0,"menu_order":4,"comment_status":"open","ping_status":"open","template":"","meta":{"footnotes":""},"class_list":["post-8","page","type-page","status-publish","hentry"],"_links":{"self":[{"href":"https:\/\/sallos.hu\/en\/wp-json\/wp\/v2\/pages\/8","targetHints":{"allow":["GET"]}}],"collection":[{"href":"https:\/\/sallos.hu\/en\/wp-json\/wp\/v2\/pages"}],"about":[{"href":"https:\/\/sallos.hu\/en\/wp-json\/wp\/v2\/types\/page"}],"author":[{"embeddable":true,"href":"https:\/\/sallos.hu\/en\/wp-json\/wp\/v2\/users\/1"}],"replies":[{"embeddable":true,"href":"https:\/\/sallos.hu\/en\/wp-json\/wp\/v2\/comments?post=8"}],"version-history":[{"count":9,"href":"https:\/\/sallos.hu\/en\/wp-json\/wp\/v2\/pages\/8\/revisions"}],"predecessor-version":[{"id":129,"href":"https:\/\/sallos.hu\/en\/wp-json\/wp\/v2\/pages\/8\/revisions\/129"}],"wp:attachment":[{"href":"https:\/\/sallos.hu\/en\/wp-json\/wp\/v2\/media?parent=8"}],"curies":[{"name":"wp","href":"https:\/\/api.w.org\/{rel}","templated":true}]}}