{"id":79,"date":"2014-02-11T13:37:40","date_gmt":"2014-02-11T13:37:40","guid":{"rendered":"http:\/\/www.sallos.hu\/referenciak\/dorgicse\/"},"modified":"2014-02-11T13:37:40","modified_gmt":"2014-02-11T13:37:40","slug":"dorgicse","status":"publish","type":"page","link":"https:\/\/sallos.hu\/en\/referenciak\/dorgicse\/","title":{"rendered":"D\u00f6rgicse"},"content":{"rendered":"\r\n<div class=\"ngg-galleryoverview\" id=\"ngg-gallery-13-79\">\r\n\r\n\r\n\t\r\n\t<!-- Thumbnails -->\r\n\t\t\r\n\t<div id=\"ngg-image-217\" class=\"ngg-gallery-thumbnail-box\"  >\r\n\t\t<div class=\"ngg-gallery-thumbnail\" >\r\n\t\t\t<a href=\"https:\/\/sallos.hu\/wp-content\/gallery\/dorgicse\/115_1548.jpg\" title=\" \" class=\"shutterset_set_13\" >\r\n\t\t\t\t\t\t\t\t<img loading=\"lazy\" decoding=\"async\" title=\"f\u0151homlokzat\" alt=\"f\u0151homlokzat\" src=\"https:\/\/sallos.hu\/wp-content\/gallery\/dorgicse\/thumbs\/thumbs_115_1548.jpg\" width=\"225\" height=\"150\" \/>\r\n\t\t\t\t\t\t\t<\/a>\r\n\t\t<\/div>\r\n\t<\/div>\r\n\t\r\n\t\t\r\n \t\t\r\n\t<div id=\"ngg-image-237\" class=\"ngg-gallery-thumbnail-box\"  >\r\n\t\t<div class=\"ngg-gallery-thumbnail\" >\r\n\t\t\t<a href=\"https:\/\/sallos.hu\/wp-content\/gallery\/dorgicse\/157_5742.jpg\" title=\" \" class=\"shutterset_set_13\" >\r\n\t\t\t\t\t\t\t\t<img loading=\"lazy\" decoding=\"async\" title=\"f\u0151homlokzat\" alt=\"f\u0151homlokzat\" src=\"https:\/\/sallos.hu\/wp-content\/gallery\/dorgicse\/thumbs\/thumbs_157_5742.jpg\" width=\"225\" height=\"150\" \/>\r\n\t\t\t\t\t\t\t<\/a>\r\n\t\t<\/div>\r\n\t<\/div>\r\n\t\r\n\t\t\r\n \t\t\r\n\t<div id=\"ngg-image-220\" class=\"ngg-gallery-thumbnail-box\"  >\r\n\t\t<div class=\"ngg-gallery-thumbnail\" >\r\n\t\t\t<a href=\"https:\/\/sallos.hu\/wp-content\/gallery\/dorgicse\/115_1552.jpg\" title=\" \" class=\"shutterset_set_13\" >\r\n\t\t\t\t\t\t\t\t<img loading=\"lazy\" decoding=\"async\" title=\"bels\u0151 t\u00e9r\" alt=\"bels\u0151 t\u00e9r\" src=\"https:\/\/sallos.hu\/wp-content\/gallery\/dorgicse\/thumbs\/thumbs_115_1552.jpg\" width=\"225\" height=\"149\" \/>\r\n\t\t\t\t\t\t\t<\/a>\r\n\t\t<\/div>\r\n\t<\/div>\r\n\t\r\n\t\t\r\n \t\t\r\n\t<div id=\"ngg-image-228\" class=\"ngg-gallery-thumbnail-box\"  >\r\n\t\t<div class=\"ngg-gallery-thumbnail\" >\r\n\t\t\t<a href=\"https:\/\/sallos.hu\/wp-content\/gallery\/dorgicse\/157_5717.jpg\" title=\" \" class=\"shutterset_set_13\" >\r\n\t\t\t\t\t\t\t\t<img loading=\"lazy\" decoding=\"async\" title=\"kil\u00e1t\u00e1s\" alt=\"kil\u00e1t\u00e1s\" src=\"https:\/\/sallos.hu\/wp-content\/gallery\/dorgicse\/thumbs\/thumbs_157_5717.jpg\" width=\"225\" height=\"149\" \/>\r\n\t\t\t\t\t\t\t<\/a>\r\n\t\t<\/div>\r\n\t<\/div>\r\n\t\r\n\t\t\r\n \t\t\r\n\t<div id=\"ngg-image-229\" class=\"ngg-gallery-thumbnail-box\"  >\r\n\t\t<div class=\"ngg-gallery-thumbnail\" >\r\n\t\t\t<a href=\"https:\/\/sallos.hu\/wp-content\/gallery\/dorgicse\/157_5718.jpg\" title=\" \" class=\"shutterset_set_13\" >\r\n\t\t\t\t\t\t\t\t<img loading=\"lazy\" decoding=\"async\" title=\"teraszajt\u00f3\" alt=\"teraszajt\u00f3\" src=\"https:\/\/sallos.hu\/wp-content\/gallery\/dorgicse\/thumbs\/thumbs_157_5718.jpg\" width=\"225\" height=\"150\" \/>\r\n\t\t\t\t\t\t\t<\/a>\r\n\t\t<\/div>\r\n\t<\/div>\r\n\t\r\n\t\t\r\n \t\t\r\n\t<div id=\"ngg-image-230\" class=\"ngg-gallery-thumbnail-box\"  >\r\n\t\t<div class=\"ngg-gallery-thumbnail\" >\r\n\t\t\t<a href=\"https:\/\/sallos.hu\/wp-content\/gallery\/dorgicse\/157_5722.jpg\" title=\" \" class=\"shutterset_set_13\" >\r\n\t\t\t\t\t\t\t\t<img loading=\"lazy\" decoding=\"async\" title=\"spalett\u00e1s ablak\" alt=\"spalett\u00e1s ablak\" src=\"https:\/\/sallos.hu\/wp-content\/gallery\/dorgicse\/thumbs\/thumbs_157_5722.jpg\" width=\"225\" height=\"150\" \/>\r\n\t\t\t\t\t\t\t<\/a>\r\n\t\t<\/div>\r\n\t<\/div>\r\n\t\r\n\t\t\r\n \t\t\r\n\t<div id=\"ngg-image-231\" class=\"ngg-gallery-thumbnail-box\"  >\r\n\t\t<div class=\"ngg-gallery-thumbnail\" >\r\n\t\t\t<a href=\"https:\/\/sallos.hu\/wp-content\/gallery\/dorgicse\/157_5723.jpg\" title=\" \" class=\"shutterset_set_13\" >\r\n\t\t\t\t\t\t\t\t<img loading=\"lazy\" decoding=\"async\" title=\"h\u00e1ts\u00f3 homlokzat\" alt=\"h\u00e1ts\u00f3 homlokzat\" src=\"https:\/\/sallos.hu\/wp-content\/gallery\/dorgicse\/thumbs\/thumbs_157_5723.jpg\" width=\"225\" height=\"150\" \/>\r\n\t\t\t\t\t\t\t<\/a>\r\n\t\t<\/div>\r\n\t<\/div>\r\n\t\r\n\t\t\r\n \t\t\r\n\t<div id=\"ngg-image-232\" class=\"ngg-gallery-thumbnail-box\"  >\r\n\t\t<div class=\"ngg-gallery-thumbnail\" >\r\n\t\t\t<a href=\"https:\/\/sallos.hu\/wp-content\/gallery\/dorgicse\/157_5726.jpg\" title=\" \" class=\"shutterset_set_13\" >\r\n\t\t\t\t\t\t\t\t<img loading=\"lazy\" decoding=\"async\" title=\"vakolatfarag\u00e1s\" alt=\"vakolatfarag\u00e1s\" src=\"https:\/\/sallos.hu\/wp-content\/gallery\/dorgicse\/thumbs\/thumbs_157_5726.jpg\" width=\"225\" height=\"149\" \/>\r\n\t\t\t\t\t\t\t<\/a>\r\n\t\t<\/div>\r\n\t<\/div>\r\n\t\r\n\t\t\r\n \t\t\r\n\t<div id=\"ngg-image-233\" class=\"ngg-gallery-thumbnail-box\"  >\r\n\t\t<div class=\"ngg-gallery-thumbnail\" >\r\n\t\t\t<a href=\"https:\/\/sallos.hu\/wp-content\/gallery\/dorgicse\/157_5729.jpg\" title=\" \" class=\"shutterset_set_13\" >\r\n\t\t\t\t\t\t\t\t<img loading=\"lazy\" decoding=\"async\" title=\"bolt\u00edv\" alt=\"bolt\u00edv\" src=\"https:\/\/sallos.hu\/wp-content\/gallery\/dorgicse\/thumbs\/thumbs_157_5729.jpg\" width=\"225\" height=\"149\" \/>\r\n\t\t\t\t\t\t\t<\/a>\r\n\t\t<\/div>\r\n\t<\/div>\r\n\t\r\n\t\t\r\n \t\t\r\n\t<div id=\"ngg-image-234\" class=\"ngg-gallery-thumbnail-box\"  >\r\n\t\t<div class=\"ngg-gallery-thumbnail\" >\r\n\t\t\t<a href=\"https:\/\/sallos.hu\/wp-content\/gallery\/dorgicse\/157_5732.jpg\" title=\" \" class=\"shutterset_set_13\" >\r\n\t\t\t\t\t\t\t\t<img loading=\"lazy\" decoding=\"async\" title=\"szoborf\u00fclke\" alt=\"szoborf\u00fclke\" src=\"https:\/\/sallos.hu\/wp-content\/gallery\/dorgicse\/thumbs\/thumbs_157_5732.jpg\" width=\"225\" height=\"150\" \/>\r\n\t\t\t\t\t\t\t<\/a>\r\n\t\t<\/div>\r\n\t<\/div>\r\n\t\r\n\t\t\r\n \t\t\r\n\t<div id=\"ngg-image-235\" class=\"ngg-gallery-thumbnail-box\"  >\r\n\t\t<div class=\"ngg-gallery-thumbnail\" >\r\n\t\t\t<a href=\"https:\/\/sallos.hu\/wp-content\/gallery\/dorgicse\/157_5737.jpg\" title=\" \" class=\"shutterset_set_13\" >\r\n\t\t\t\t\t\t\t\t<img loading=\"lazy\" decoding=\"async\" title=\"oszlopok\" alt=\"oszlopok\" src=\"https:\/\/sallos.hu\/wp-content\/gallery\/dorgicse\/thumbs\/thumbs_157_5737.jpg\" width=\"225\" height=\"149\" \/>\r\n\t\t\t\t\t\t\t<\/a>\r\n\t\t<\/div>\r\n\t<\/div>\r\n\t\r\n\t\t\r\n \t\t\r\n\t<div id=\"ngg-image-236\" class=\"ngg-gallery-thumbnail-box\"  >\r\n\t\t<div class=\"ngg-gallery-thumbnail\" >\r\n\t\t\t<a href=\"https:\/\/sallos.hu\/wp-content\/gallery\/dorgicse\/157_5739.jpg\" title=\" \" class=\"shutterset_set_13\" >\r\n\t\t\t\t\t\t\t\t<img loading=\"lazy\" decoding=\"async\" title=\"oszlop r\u00e9szlete\" alt=\"oszlop r\u00e9szlete\" src=\"https:\/\/sallos.hu\/wp-content\/gallery\/dorgicse\/thumbs\/thumbs_157_5739.jpg\" width=\"225\" height=\"149\" \/>\r\n\t\t\t\t\t\t\t<\/a>\r\n\t\t<\/div>\r\n\t<\/div>\r\n\t\r\n\t\t\r\n \t\t\r\n\t<div id=\"ngg-image-238\" class=\"ngg-gallery-thumbnail-box\"  >\r\n\t\t<div class=\"ngg-gallery-thumbnail\" >\r\n\t\t\t<a href=\"https:\/\/sallos.hu\/wp-content\/gallery\/dorgicse\/157_5747.jpg\" title=\" \" class=\"shutterset_set_13\" >\r\n\t\t\t\t\t\t\t\t<img loading=\"lazy\" decoding=\"async\" title=\"n\u00e1dtet\u0151\" alt=\"n\u00e1dtet\u0151\" src=\"https:\/\/sallos.hu\/wp-content\/gallery\/dorgicse\/thumbs\/thumbs_157_5747.jpg\" width=\"225\" height=\"150\" \/>\r\n\t\t\t\t\t\t\t<\/a>\r\n\t\t<\/div>\r\n\t<\/div>\r\n\t\r\n\t\t\r\n \t\t\r\n\t<div id=\"ngg-image-239\" class=\"ngg-gallery-thumbnail-box\"  >\r\n\t\t<div class=\"ngg-gallery-thumbnail\" >\r\n\t\t\t<a href=\"https:\/\/sallos.hu\/wp-content\/gallery\/dorgicse\/157_5748.jpg\" title=\" \" class=\"shutterset_set_13\" >\r\n\t\t\t\t\t\t\t\t<img loading=\"lazy\" decoding=\"async\" title=\" \" alt=\" \" src=\"https:\/\/sallos.hu\/wp-content\/gallery\/dorgicse\/thumbs\/thumbs_157_5748.jpg\" width=\"225\" height=\"149\" \/>\r\n\t\t\t\t\t\t\t<\/a>\r\n\t\t<\/div>\r\n\t<\/div>\r\n\t\r\n\t\t\r\n \t\t\r\n\t<div id=\"ngg-image-240\" class=\"ngg-gallery-thumbnail-box\"  >\r\n\t\t<div class=\"ngg-gallery-thumbnail\" >\r\n\t\t\t<a href=\"https:\/\/sallos.hu\/wp-content\/gallery\/dorgicse\/157_5753.jpg\" title=\" \" class=\"shutterset_set_13\" >\r\n\t\t\t\t\t\t\t\t<img loading=\"lazy\" decoding=\"async\" title=\"k\u00fcls\u0151 ajt\u00f3\" alt=\"k\u00fcls\u0151 ajt\u00f3\" src=\"https:\/\/sallos.hu\/wp-content\/gallery\/dorgicse\/thumbs\/thumbs_157_5753.jpg\" width=\"225\" height=\"149\" \/>\r\n\t\t\t\t\t\t\t<\/a>\r\n\t\t<\/div>\r\n\t<\/div>\r\n\t\r\n\t\t\r\n \t\t\r\n\t<div id=\"ngg-image-247\" class=\"ngg-gallery-thumbnail-box\"  >\r\n\t\t<div class=\"ngg-gallery-thumbnail\" >\r\n\t\t\t<a href=\"https:\/\/sallos.hu\/wp-content\/gallery\/dorgicse\/157_5765.jpg\" title=\" \" class=\"shutterset_set_13\" >\r\n\t\t\t\t\t\t\t\t<img loading=\"lazy\" decoding=\"async\" title=\"vakolatd\u00edsz \u00e9vsz\u00e1mmal\" alt=\"vakolatd\u00edsz \u00e9vsz\u00e1mmal\" src=\"https:\/\/sallos.hu\/wp-content\/gallery\/dorgicse\/thumbs\/thumbs_157_5765.jpg\" width=\"225\" height=\"150\" \/>\r\n\t\t\t\t\t\t\t<\/a>\r\n\t\t<\/div>\r\n\t<\/div>\r\n\t\r\n\t\t\r\n \t\t\r\n\t<div id=\"ngg-image-248\" class=\"ngg-gallery-thumbnail-box\"  >\r\n\t\t<div class=\"ngg-gallery-thumbnail\" >\r\n\t\t\t<a href=\"https:\/\/sallos.hu\/wp-content\/gallery\/dorgicse\/157_5767.jpg\" title=\" \" class=\"shutterset_set_13\" >\r\n\t\t\t\t\t\t\t\t<img loading=\"lazy\" decoding=\"async\" title=\"f\u00e1sli\" alt=\"f\u00e1sli\" src=\"https:\/\/sallos.hu\/wp-content\/gallery\/dorgicse\/thumbs\/thumbs_157_5767.jpg\" width=\"225\" height=\"150\" \/>\r\n\t\t\t\t\t\t\t<\/a>\r\n\t\t<\/div>\r\n\t<\/div>\r\n\t\r\n\t\t\r\n \t\t\r\n\t<div id=\"ngg-image-249\" class=\"ngg-gallery-thumbnail-box\"  >\r\n\t\t<div class=\"ngg-gallery-thumbnail\" >\r\n\t\t\t<a href=\"https:\/\/sallos.hu\/wp-content\/gallery\/dorgicse\/157_5768.jpg\" title=\" \" class=\"shutterset_set_13\" >\r\n\t\t\t\t\t\t\t\t<img loading=\"lazy\" decoding=\"async\" title=\"spalett\u00e1s ablak\" alt=\"spalett\u00e1s ablak\" src=\"https:\/\/sallos.hu\/wp-content\/gallery\/dorgicse\/thumbs\/thumbs_157_5768.jpg\" width=\"225\" height=\"149\" \/>\r\n\t\t\t\t\t\t\t<\/a>\r\n\t\t<\/div>\r\n\t<\/div>\r\n\t\r\n\t\t\r\n \t\t\r\n\t<div id=\"ngg-image-250\" class=\"ngg-gallery-thumbnail-box\"  >\r\n\t\t<div class=\"ngg-gallery-thumbnail\" >\r\n\t\t\t<a href=\"https:\/\/sallos.hu\/wp-content\/gallery\/dorgicse\/157_5773.jpg\" title=\" \" class=\"shutterset_set_13\" >\r\n\t\t\t\t\t\t\t\t<img loading=\"lazy\" decoding=\"async\" title=\"h\u00e1ts\u00f3 homlokzat\" alt=\"h\u00e1ts\u00f3 homlokzat\" src=\"https:\/\/sallos.hu\/wp-content\/gallery\/dorgicse\/thumbs\/thumbs_157_5773.jpg\" width=\"225\" height=\"150\" \/>\r\n\t\t\t\t\t\t\t<\/a>\r\n\t\t<\/div>\r\n\t<\/div>\r\n\t\r\n\t\t\r\n \t\t\r\n\t<div id=\"ngg-image-251\" class=\"ngg-gallery-thumbnail-box\"  >\r\n\t\t<div class=\"ngg-gallery-thumbnail\" >\r\n\t\t\t<a href=\"https:\/\/sallos.hu\/wp-content\/gallery\/dorgicse\/2004-szeptember-15-016.jpg\" title=\" \" class=\"shutterset_set_13\" >\r\n\t\t\t\t\t\t\t\t<img loading=\"lazy\" decoding=\"async\" title=\"k\u00e9m\u00e9nyfej\" alt=\"k\u00e9m\u00e9nyfej\" src=\"https:\/\/sallos.hu\/wp-content\/gallery\/dorgicse\/thumbs\/thumbs_2004-szeptember-15-016.jpg\" width=\"225\" height=\"150\" \/>\r\n\t\t\t\t\t\t\t<\/a>\r\n\t\t<\/div>\r\n\t<\/div>\r\n\t\r\n\t\t\r\n \t\t\r\n\t<div id=\"ngg-image-226\" class=\"ngg-gallery-thumbnail-box\"  >\r\n\t\t<div class=\"ngg-gallery-thumbnail\" >\r\n\t\t\t<a href=\"https:\/\/sallos.hu\/wp-content\/gallery\/dorgicse\/157_5712.jpg\" title=\" \" class=\"shutterset_set_13\" >\r\n\t\t\t\t\t\t\t\t<img loading=\"lazy\" decoding=\"async\" title=\"bels\u0151 t\u00e9r r\u00e9szlete\" alt=\"bels\u0151 t\u00e9r r\u00e9szlete\" src=\"https:\/\/sallos.hu\/wp-content\/gallery\/dorgicse\/thumbs\/thumbs_157_5712.jpg\" width=\"225\" height=\"149\" \/>\r\n\t\t\t\t\t\t\t<\/a>\r\n\t\t<\/div>\r\n\t<\/div>\r\n\t\r\n\t\t\r\n \t\t\r\n\t<div id=\"ngg-image-246\" class=\"ngg-gallery-thumbnail-box\"  >\r\n\t\t<div class=\"ngg-gallery-thumbnail\" >\r\n\t\t\t<a href=\"https:\/\/sallos.hu\/wp-content\/gallery\/dorgicse\/157_5762.jpg\" title=\" \" class=\"shutterset_set_13\" >\r\n\t\t\t\t\t\t\t\t<img loading=\"lazy\" decoding=\"async\" title=\"hucul k\u00e1lyha r\u00e9szlete\" alt=\"hucul k\u00e1lyha r\u00e9szlete\" src=\"https:\/\/sallos.hu\/wp-content\/gallery\/dorgicse\/thumbs\/thumbs_157_5762.jpg\" width=\"225\" height=\"149\" \/>\r\n\t\t\t\t\t\t\t<\/a>\r\n\t\t<\/div>\r\n\t<\/div>\r\n\t\r\n\t\t\r\n \t\t\r\n\t<div id=\"ngg-image-227\" class=\"ngg-gallery-thumbnail-box\"  >\r\n\t\t<div class=\"ngg-gallery-thumbnail\" >\r\n\t\t\t<a href=\"https:\/\/sallos.hu\/wp-content\/gallery\/dorgicse\/157_5714.jpg\" title=\" \" class=\"shutterset_set_13\" >\r\n\t\t\t\t\t\t\t\t<img loading=\"lazy\" decoding=\"async\" title=\"hucul k\u00e1lyha\" alt=\"hucul k\u00e1lyha\" src=\"https:\/\/sallos.hu\/wp-content\/gallery\/dorgicse\/thumbs\/thumbs_157_5714.jpg\" width=\"225\" height=\"150\" \/>\r\n\t\t\t\t\t\t\t<\/a>\r\n\t\t<\/div>\r\n\t<\/div>\r\n\t\r\n\t\t\r\n \t\t\r\n\t<div id=\"ngg-image-225\" class=\"ngg-gallery-thumbnail-box\"  >\r\n\t\t<div class=\"ngg-gallery-thumbnail\" >\r\n\t\t\t<a href=\"https:\/\/sallos.hu\/wp-content\/gallery\/dorgicse\/115_1561.jpg\" title=\" \" class=\"shutterset_set_13\" >\r\n\t\t\t\t\t\t\t\t<img loading=\"lazy\" decoding=\"async\" title=\"hucul k\u00e1lyha\" alt=\"hucul k\u00e1lyha\" src=\"https:\/\/sallos.hu\/wp-content\/gallery\/dorgicse\/thumbs\/thumbs_115_1561.jpg\" width=\"225\" height=\"149\" \/>\r\n\t\t\t\t\t\t\t<\/a>\r\n\t\t<\/div>\r\n\t<\/div>\r\n\t\r\n\t\t\r\n \t\t\r\n\t<div id=\"ngg-image-224\" class=\"ngg-gallery-thumbnail-box\"  >\r\n\t\t<div class=\"ngg-gallery-thumbnail\" >\r\n\t\t\t<a href=\"https:\/\/sallos.hu\/wp-content\/gallery\/dorgicse\/115_1560.jpg\" title=\" \" class=\"shutterset_set_13\" >\r\n\t\t\t\t\t\t\t\t<img loading=\"lazy\" decoding=\"async\" title=\"hucul k\u00e1lyha\" alt=\"hucul k\u00e1lyha\" src=\"https:\/\/sallos.hu\/wp-content\/gallery\/dorgicse\/thumbs\/thumbs_115_1560.jpg\" width=\"225\" height=\"149\" \/>\r\n\t\t\t\t\t\t\t<\/a>\r\n\t\t<\/div>\r\n\t<\/div>\r\n\t\r\n\t\t\r\n \t\t\r\n\t<div id=\"ngg-image-244\" class=\"ngg-gallery-thumbnail-box\"  >\r\n\t\t<div class=\"ngg-gallery-thumbnail\" >\r\n\t\t\t<a href=\"https:\/\/sallos.hu\/wp-content\/gallery\/dorgicse\/157_5760.jpg\" title=\" \" class=\"shutterset_set_13\" >\r\n\t\t\t\t\t\t\t\t<img loading=\"lazy\" decoding=\"async\" title=\"k\u00e1lyhacsempe\" alt=\"k\u00e1lyhacsempe\" src=\"https:\/\/sallos.hu\/wp-content\/gallery\/dorgicse\/thumbs\/thumbs_157_5760.jpg\" width=\"225\" height=\"150\" \/>\r\n\t\t\t\t\t\t\t<\/a>\r\n\t\t<\/div>\r\n\t<\/div>\r\n\t\r\n\t\t\r\n \t\t\r\n\t<div id=\"ngg-image-218\" class=\"ngg-gallery-thumbnail-box\"  >\r\n\t\t<div class=\"ngg-gallery-thumbnail\" >\r\n\t\t\t<a href=\"https:\/\/sallos.hu\/wp-content\/gallery\/dorgicse\/115_1549.jpg\" title=\" \" class=\"shutterset_set_13\" >\r\n\t\t\t\t\t\t\t\t<img loading=\"lazy\" decoding=\"async\" title=\"hucul k\u00e1lyha\" alt=\"hucul k\u00e1lyha\" src=\"https:\/\/sallos.hu\/wp-content\/gallery\/dorgicse\/thumbs\/thumbs_115_1549.jpg\" width=\"225\" height=\"150\" \/>\r\n\t\t\t\t\t\t\t<\/a>\r\n\t\t<\/div>\r\n\t<\/div>\r\n\t\r\n\t\t\r\n \t\t\r\n\t<div id=\"ngg-image-219\" class=\"ngg-gallery-thumbnail-box\"  >\r\n\t\t<div class=\"ngg-gallery-thumbnail\" >\r\n\t\t\t<a href=\"https:\/\/sallos.hu\/wp-content\/gallery\/dorgicse\/115_1550.jpg\" title=\" \" class=\"shutterset_set_13\" >\r\n\t\t\t\t\t\t\t\t<img loading=\"lazy\" decoding=\"async\" title=\"hucul k\u00e1lyha\" alt=\"hucul k\u00e1lyha\" src=\"https:\/\/sallos.hu\/wp-content\/gallery\/dorgicse\/thumbs\/thumbs_115_1550.jpg\" width=\"225\" height=\"149\" \/>\r\n\t\t\t\t\t\t\t<\/a>\r\n\t\t<\/div>\r\n\t<\/div>\r\n\t\r\n\t\t\r\n \t\t\r\n\t<div id=\"ngg-image-243\" class=\"ngg-gallery-thumbnail-box\"  >\r\n\t\t<div class=\"ngg-gallery-thumbnail\" >\r\n\t\t\t<a href=\"https:\/\/sallos.hu\/wp-content\/gallery\/dorgicse\/157_5759.jpg\" title=\" \" class=\"shutterset_set_13\" >\r\n\t\t\t\t\t\t\t\t<img loading=\"lazy\" decoding=\"async\" title=\"k\u00e1lyhacsemp\u00e9k\" alt=\"k\u00e1lyhacsemp\u00e9k\" src=\"https:\/\/sallos.hu\/wp-content\/gallery\/dorgicse\/thumbs\/thumbs_157_5759.jpg\" width=\"225\" height=\"149\" \/>\r\n\t\t\t\t\t\t\t<\/a>\r\n\t\t<\/div>\r\n\t<\/div>\r\n\t\r\n\t\t\r\n \t\t\r\n\t<div id=\"ngg-image-221\" class=\"ngg-gallery-thumbnail-box\"  >\r\n\t\t<div class=\"ngg-gallery-thumbnail\" >\r\n\t\t\t<a href=\"https:\/\/sallos.hu\/wp-content\/gallery\/dorgicse\/115_1556.jpg\" title=\" \" class=\"shutterset_set_13\" >\r\n\t\t\t\t\t\t\t\t<img loading=\"lazy\" decoding=\"async\" title=\"k\u00e1lyhacsemp\u00e9k\" alt=\"k\u00e1lyhacsemp\u00e9k\" src=\"https:\/\/sallos.hu\/wp-content\/gallery\/dorgicse\/thumbs\/thumbs_115_1556.jpg\" width=\"225\" height=\"149\" \/>\r\n\t\t\t\t\t\t\t<\/a>\r\n\t\t<\/div>\r\n\t<\/div>\r\n\t\r\n\t\t\r\n \t \t\r\n\t<!-- Pagination -->\r\n \t<div class='ngg-navigation'><span class=\"current\">1<\/span><a class=\"page-numbers\" href=\"https:\/\/sallos.hu\/en\/referenciak\/dorgicse\/?nggpage=2\">2<\/a><a class=\"next\" id=\"ngg-next-2\" href=\"https:\/\/sallos.hu\/en\/referenciak\/dorgicse\/?nggpage=2\">&#9658;<\/a><\/div> \t\r\n<\/div>\r\n\r\n\n","protected":false},"excerpt":{"rendered":"","protected":false},"author":1,"featured_media":0,"parent":8,"menu_order":10,"comment_status":"open","ping_status":"open","template":"","meta":{"footnotes":""},"class_list":["post-79","page","type-page","status-publish","hentry"],"_links":{"self":[{"href":"https:\/\/sallos.hu\/en\/wp-json\/wp\/v2\/pages\/79","targetHints":{"allow":["GET"]}}],"collection":[{"href":"https:\/\/sallos.hu\/en\/wp-json\/wp\/v2\/pages"}],"about":[{"href":"https:\/\/sallos.hu\/en\/wp-json\/wp\/v2\/types\/page"}],"author":[{"embeddable":true,"href":"https:\/\/sallos.hu\/en\/wp-json\/wp\/v2\/users\/1"}],"replies":[{"embeddable":true,"href":"https:\/\/sallos.hu\/en\/wp-json\/wp\/v2\/comments?post=79"}],"version-history":[{"count":0,"href":"https:\/\/sallos.hu\/en\/wp-json\/wp\/v2\/pages\/79\/revisions"}],"up":[{"embeddable":true,"href":"https:\/\/sallos.hu\/en\/wp-json\/wp\/v2\/pages\/8"}],"wp:attachment":[{"href":"https:\/\/sallos.hu\/en\/wp-json\/wp\/v2\/media?parent=79"}],"curies":[{"name":"wp","href":"https:\/\/api.w.org\/{rel}","templated":true}]}}