{"id":78,"date":"2014-02-11T13:37:28","date_gmt":"2014-02-11T13:37:28","guid":{"rendered":"http:\/\/www.sallos.hu\/referenciak\/csopak-rozsaszin-haz\/"},"modified":"2015-02-01T18:16:15","modified_gmt":"2015-02-01T18:16:15","slug":"szeged","status":"publish","type":"page","link":"https:\/\/sallos.hu\/en\/referenciak\/szeged\/","title":{"rendered":"Szeged"},"content":{"rendered":"\r\n<div class=\"ngg-galleryoverview\" id=\"ngg-gallery-12-78\">\r\n\r\n\r\n\t\r\n\t<!-- Thumbnails -->\r\n\t\t\r\n\t<div id=\"ngg-image-497\" class=\"ngg-gallery-thumbnail-box\"  >\r\n\t\t<div class=\"ngg-gallery-thumbnail\" >\r\n\t\t\t<a href=\"https:\/\/sallos.hu\/wp-content\/gallery\/csopak-rozsaszin-haz\/01.jpg\" title=\" \" class=\"shutterset_set_12\" >\r\n\t\t\t\t\t\t\t\t<img loading=\"lazy\" decoding=\"async\" title=\"sziv\u00e1rv\u00e1ny\" alt=\"sziv\u00e1rv\u00e1ny\" src=\"https:\/\/sallos.hu\/wp-content\/gallery\/csopak-rozsaszin-haz\/thumbs\/thumbs_01.jpg\" width=\"225\" height=\"150\" \/>\r\n\t\t\t\t\t\t\t<\/a>\r\n\t\t<\/div>\r\n\t<\/div>\r\n\t\r\n\t\t\r\n \t\t\r\n\t<div id=\"ngg-image-499\" class=\"ngg-gallery-thumbnail-box\"  >\r\n\t\t<div class=\"ngg-gallery-thumbnail\" >\r\n\t\t\t<a href=\"https:\/\/sallos.hu\/wp-content\/gallery\/csopak-rozsaszin-haz\/03.jpg\" title=\" \" class=\"shutterset_set_12\" >\r\n\t\t\t\t\t\t\t\t<img loading=\"lazy\" decoding=\"async\" title=\"ker\u00edt\u00e9s\" alt=\"ker\u00edt\u00e9s\" src=\"https:\/\/sallos.hu\/wp-content\/gallery\/csopak-rozsaszin-haz\/thumbs\/thumbs_03.jpg\" width=\"225\" height=\"150\" \/>\r\n\t\t\t\t\t\t\t<\/a>\r\n\t\t<\/div>\r\n\t<\/div>\r\n\t\r\n\t\t\r\n \t\t\r\n\t<div id=\"ngg-image-498\" class=\"ngg-gallery-thumbnail-box\"  >\r\n\t\t<div class=\"ngg-gallery-thumbnail\" >\r\n\t\t\t<a href=\"https:\/\/sallos.hu\/wp-content\/gallery\/csopak-rozsaszin-haz\/02.jpg\" title=\" \" class=\"shutterset_set_12\" >\r\n\t\t\t\t\t\t\t\t<img loading=\"lazy\" decoding=\"async\" title=\"homlokzat\" alt=\"homlokzat\" src=\"https:\/\/sallos.hu\/wp-content\/gallery\/csopak-rozsaszin-haz\/thumbs\/thumbs_02.jpg\" width=\"225\" height=\"150\" \/>\r\n\t\t\t\t\t\t\t<\/a>\r\n\t\t<\/div>\r\n\t<\/div>\r\n\t\r\n\t\t\r\n \t\t\r\n\t<div id=\"ngg-image-500\" class=\"ngg-gallery-thumbnail-box\"  >\r\n\t\t<div class=\"ngg-gallery-thumbnail\" >\r\n\t\t\t<a href=\"https:\/\/sallos.hu\/wp-content\/gallery\/csopak-rozsaszin-haz\/04.jpg\" title=\" \" class=\"shutterset_set_12\" >\r\n\t\t\t\t\t\t\t\t<img loading=\"lazy\" decoding=\"async\" title=\"utc\u00e1r\u00f3l\" alt=\"utc\u00e1r\u00f3l\" src=\"https:\/\/sallos.hu\/wp-content\/gallery\/csopak-rozsaszin-haz\/thumbs\/thumbs_04.jpg\" width=\"225\" height=\"150\" \/>\r\n\t\t\t\t\t\t\t<\/a>\r\n\t\t<\/div>\r\n\t<\/div>\r\n\t\r\n\t\t\r\n \t\t\r\n\t<div id=\"ngg-image-502\" class=\"ngg-gallery-thumbnail-box\"  >\r\n\t\t<div class=\"ngg-gallery-thumbnail\" >\r\n\t\t\t<a href=\"https:\/\/sallos.hu\/wp-content\/gallery\/csopak-rozsaszin-haz\/06.jpg\" title=\" \" class=\"shutterset_set_12\" >\r\n\t\t\t\t\t\t\t\t<img loading=\"lazy\" decoding=\"async\" title=\"utc\u00e1r\u00f3l\" alt=\"utc\u00e1r\u00f3l\" src=\"https:\/\/sallos.hu\/wp-content\/gallery\/csopak-rozsaszin-haz\/thumbs\/thumbs_06.jpg\" width=\"225\" height=\"150\" \/>\r\n\t\t\t\t\t\t\t<\/a>\r\n\t\t<\/div>\r\n\t<\/div>\r\n\t\r\n\t\t\r\n \t\t\r\n\t<div id=\"ngg-image-501\" class=\"ngg-gallery-thumbnail-box\"  >\r\n\t\t<div class=\"ngg-gallery-thumbnail\" >\r\n\t\t\t<a href=\"https:\/\/sallos.hu\/wp-content\/gallery\/csopak-rozsaszin-haz\/05.jpg\" title=\" \" class=\"shutterset_set_12\" >\r\n\t\t\t\t\t\t\t\t<img loading=\"lazy\" decoding=\"async\" title=\"kert\" alt=\"kert\" src=\"https:\/\/sallos.hu\/wp-content\/gallery\/csopak-rozsaszin-haz\/thumbs\/thumbs_05.jpg\" width=\"225\" height=\"150\" \/>\r\n\t\t\t\t\t\t\t<\/a>\r\n\t\t<\/div>\r\n\t<\/div>\r\n\t\r\n\t\t\r\n \t\t\r\n\t<div id=\"ngg-image-503\" class=\"ngg-gallery-thumbnail-box\"  >\r\n\t\t<div class=\"ngg-gallery-thumbnail\" >\r\n\t\t\t<a href=\"https:\/\/sallos.hu\/wp-content\/gallery\/csopak-rozsaszin-haz\/07.jpg\" title=\" \" class=\"shutterset_set_12\" >\r\n\t\t\t\t\t\t\t\t<img loading=\"lazy\" decoding=\"async\" title=\"ker\u00edt\u00e9s\" alt=\"ker\u00edt\u00e9s\" src=\"https:\/\/sallos.hu\/wp-content\/gallery\/csopak-rozsaszin-haz\/thumbs\/thumbs_07.jpg\" width=\"225\" height=\"150\" \/>\r\n\t\t\t\t\t\t\t<\/a>\r\n\t\t<\/div>\r\n\t<\/div>\r\n\t\r\n\t\t\r\n \t\t\r\n\t<div id=\"ngg-image-506\" class=\"ngg-gallery-thumbnail-box\"  >\r\n\t\t<div class=\"ngg-gallery-thumbnail\" >\r\n\t\t\t<a href=\"https:\/\/sallos.hu\/wp-content\/gallery\/csopak-rozsaszin-haz\/10.jpg\" title=\" \" class=\"shutterset_set_12\" >\r\n\t\t\t\t\t\t\t\t<img loading=\"lazy\" decoding=\"async\" title=\"nappali\" alt=\"nappali\" src=\"https:\/\/sallos.hu\/wp-content\/gallery\/csopak-rozsaszin-haz\/thumbs\/thumbs_10.jpg\" width=\"225\" height=\"150\" \/>\r\n\t\t\t\t\t\t\t<\/a>\r\n\t\t<\/div>\r\n\t<\/div>\r\n\t\r\n\t\t\r\n \t\t\r\n\t<div id=\"ngg-image-505\" class=\"ngg-gallery-thumbnail-box\"  >\r\n\t\t<div class=\"ngg-gallery-thumbnail\" >\r\n\t\t\t<a href=\"https:\/\/sallos.hu\/wp-content\/gallery\/csopak-rozsaszin-haz\/09.jpg\" title=\" \" class=\"shutterset_set_12\" >\r\n\t\t\t\t\t\t\t\t<img loading=\"lazy\" decoding=\"async\" title=\"kemence\" alt=\"kemence\" src=\"https:\/\/sallos.hu\/wp-content\/gallery\/csopak-rozsaszin-haz\/thumbs\/thumbs_09.jpg\" width=\"225\" height=\"150\" \/>\r\n\t\t\t\t\t\t\t<\/a>\r\n\t\t<\/div>\r\n\t<\/div>\r\n\t\r\n\t\t\r\n \t\t\r\n\t<div id=\"ngg-image-504\" class=\"ngg-gallery-thumbnail-box\"  >\r\n\t\t<div class=\"ngg-gallery-thumbnail\" >\r\n\t\t\t<a href=\"https:\/\/sallos.hu\/wp-content\/gallery\/csopak-rozsaszin-haz\/08.jpg\" title=\" \" class=\"shutterset_set_12\" >\r\n\t\t\t\t\t\t\t\t<img loading=\"lazy\" decoding=\"async\" title=\"sparhelt\" alt=\"sparhelt\" src=\"https:\/\/sallos.hu\/wp-content\/gallery\/csopak-rozsaszin-haz\/thumbs\/thumbs_08.jpg\" width=\"225\" height=\"150\" \/>\r\n\t\t\t\t\t\t\t<\/a>\r\n\t\t<\/div>\r\n\t<\/div>\r\n\t\r\n\t\t\r\n \t\t\r\n\t<div id=\"ngg-image-512\" class=\"ngg-gallery-thumbnail-box\"  >\r\n\t\t<div class=\"ngg-gallery-thumbnail\" >\r\n\t\t\t<a href=\"https:\/\/sallos.hu\/wp-content\/gallery\/csopak-rozsaszin-haz\/16.jpg\" title=\" \" class=\"shutterset_set_12\" >\r\n\t\t\t\t\t\t\t\t<img loading=\"lazy\" decoding=\"async\" title=\"konyha\" alt=\"konyha\" src=\"https:\/\/sallos.hu\/wp-content\/gallery\/csopak-rozsaszin-haz\/thumbs\/thumbs_16.jpg\" width=\"225\" height=\"150\" \/>\r\n\t\t\t\t\t\t\t<\/a>\r\n\t\t<\/div>\r\n\t<\/div>\r\n\t\r\n\t\t\r\n \t\t\r\n\t<div id=\"ngg-image-513\" class=\"ngg-gallery-thumbnail-box\"  >\r\n\t\t<div class=\"ngg-gallery-thumbnail\" >\r\n\t\t\t<a href=\"https:\/\/sallos.hu\/wp-content\/gallery\/csopak-rozsaszin-haz\/17.jpg\" title=\" \" class=\"shutterset_set_12\" >\r\n\t\t\t\t\t\t\t\t<img loading=\"lazy\" decoding=\"async\" title=\"sparhelt\" alt=\"sparhelt\" src=\"https:\/\/sallos.hu\/wp-content\/gallery\/csopak-rozsaszin-haz\/thumbs\/thumbs_17.jpg\" width=\"225\" height=\"150\" \/>\r\n\t\t\t\t\t\t\t<\/a>\r\n\t\t<\/div>\r\n\t<\/div>\r\n\t\r\n\t\t\r\n \t\t\r\n\t<div id=\"ngg-image-511\" class=\"ngg-gallery-thumbnail-box\"  >\r\n\t\t<div class=\"ngg-gallery-thumbnail\" >\r\n\t\t\t<a href=\"https:\/\/sallos.hu\/wp-content\/gallery\/csopak-rozsaszin-haz\/15.jpg\" title=\" \" class=\"shutterset_set_12\" >\r\n\t\t\t\t\t\t\t\t<img loading=\"lazy\" decoding=\"async\" title=\"l\u00e9pcs\u0151h\u00e1z\" alt=\"l\u00e9pcs\u0151h\u00e1z\" src=\"https:\/\/sallos.hu\/wp-content\/gallery\/csopak-rozsaszin-haz\/thumbs\/thumbs_15.jpg\" width=\"225\" height=\"149\" \/>\r\n\t\t\t\t\t\t\t<\/a>\r\n\t\t<\/div>\r\n\t<\/div>\r\n\t\r\n\t\t\r\n \t\t\r\n\t<div id=\"ngg-image-514\" class=\"ngg-gallery-thumbnail-box\"  >\r\n\t\t<div class=\"ngg-gallery-thumbnail\" >\r\n\t\t\t<a href=\"https:\/\/sallos.hu\/wp-content\/gallery\/csopak-rozsaszin-haz\/18.jpg\" title=\" \" class=\"shutterset_set_12\" >\r\n\t\t\t\t\t\t\t\t<img loading=\"lazy\" decoding=\"async\" title=\"h\u00e1l\u00f3szoba\" alt=\"h\u00e1l\u00f3szoba\" src=\"https:\/\/sallos.hu\/wp-content\/gallery\/csopak-rozsaszin-haz\/thumbs\/thumbs_18.jpg\" width=\"225\" height=\"150\" \/>\r\n\t\t\t\t\t\t\t<\/a>\r\n\t\t<\/div>\r\n\t<\/div>\r\n\t\r\n\t\t\r\n \t\t\r\n\t<div id=\"ngg-image-515\" class=\"ngg-gallery-thumbnail-box\"  >\r\n\t\t<div class=\"ngg-gallery-thumbnail\" >\r\n\t\t\t<a href=\"https:\/\/sallos.hu\/wp-content\/gallery\/csopak-rozsaszin-haz\/19.jpg\" title=\" \" class=\"shutterset_set_12\" >\r\n\t\t\t\t\t\t\t\t<img loading=\"lazy\" decoding=\"async\" title=\"lenti f\u00fcrd\u0151\" alt=\"lenti f\u00fcrd\u0151\" src=\"https:\/\/sallos.hu\/wp-content\/gallery\/csopak-rozsaszin-haz\/thumbs\/thumbs_19.jpg\" width=\"225\" height=\"150\" \/>\r\n\t\t\t\t\t\t\t<\/a>\r\n\t\t<\/div>\r\n\t<\/div>\r\n\t\r\n\t\t\r\n \t\t\r\n\t<div id=\"ngg-image-516\" class=\"ngg-gallery-thumbnail-box\"  >\r\n\t\t<div class=\"ngg-gallery-thumbnail\" >\r\n\t\t\t<a href=\"https:\/\/sallos.hu\/wp-content\/gallery\/csopak-rozsaszin-haz\/20.jpg\" title=\" \" class=\"shutterset_set_12\" >\r\n\t\t\t\t\t\t\t\t<img loading=\"lazy\" decoding=\"async\" title=\"fenti f\u00fcrd\u0151\" alt=\"fenti f\u00fcrd\u0151\" src=\"https:\/\/sallos.hu\/wp-content\/gallery\/csopak-rozsaszin-haz\/thumbs\/thumbs_20.jpg\" width=\"225\" height=\"150\" \/>\r\n\t\t\t\t\t\t\t<\/a>\r\n\t\t<\/div>\r\n\t<\/div>\r\n\t\r\n\t\t\r\n \t\t\r\n\t<div id=\"ngg-image-517\" class=\"ngg-gallery-thumbnail-box\"  >\r\n\t\t<div class=\"ngg-gallery-thumbnail\" >\r\n\t\t\t<a href=\"https:\/\/sallos.hu\/wp-content\/gallery\/csopak-rozsaszin-haz\/21.jpg\" title=\" \" class=\"shutterset_set_12\" >\r\n\t\t\t\t\t\t\t\t<img loading=\"lazy\" decoding=\"async\" title=\"fenti f\u00fcrd\u0151\" alt=\"fenti f\u00fcrd\u0151\" src=\"https:\/\/sallos.hu\/wp-content\/gallery\/csopak-rozsaszin-haz\/thumbs\/thumbs_21.jpg\" width=\"225\" height=\"149\" \/>\r\n\t\t\t\t\t\t\t<\/a>\r\n\t\t<\/div>\r\n\t<\/div>\r\n\t\r\n\t\t\r\n \t\t\r\n\t<div id=\"ngg-image-518\" class=\"ngg-gallery-thumbnail-box\"  >\r\n\t\t<div class=\"ngg-gallery-thumbnail\" >\r\n\t\t\t<a href=\"https:\/\/sallos.hu\/wp-content\/gallery\/csopak-rozsaszin-haz\/22.jpg\" title=\" \" class=\"shutterset_set_12\" >\r\n\t\t\t\t\t\t\t\t<img loading=\"lazy\" decoding=\"async\" title=\"r\u00e9szlet\" alt=\"r\u00e9szlet\" src=\"https:\/\/sallos.hu\/wp-content\/gallery\/csopak-rozsaszin-haz\/thumbs\/thumbs_22.jpg\" width=\"225\" height=\"150\" \/>\r\n\t\t\t\t\t\t\t<\/a>\r\n\t\t<\/div>\r\n\t<\/div>\r\n\t\r\n\t\t\r\n \t\t\r\n\t<div id=\"ngg-image-520\" class=\"ngg-gallery-thumbnail-box\"  >\r\n\t\t<div class=\"ngg-gallery-thumbnail\" >\r\n\t\t\t<a href=\"https:\/\/sallos.hu\/wp-content\/gallery\/csopak-rozsaszin-haz\/24.jpg\" title=\" \" class=\"shutterset_set_12\" >\r\n\t\t\t\t\t\t\t\t<img loading=\"lazy\" decoding=\"async\" title=\"kapcsol\u00f3\" alt=\"kapcsol\u00f3\" src=\"https:\/\/sallos.hu\/wp-content\/gallery\/csopak-rozsaszin-haz\/thumbs\/thumbs_24.jpg\" width=\"225\" height=\"150\" \/>\r\n\t\t\t\t\t\t\t<\/a>\r\n\t\t<\/div>\r\n\t<\/div>\r\n\t\r\n\t\t\r\n \t\t\r\n\t<div id=\"ngg-image-519\" class=\"ngg-gallery-thumbnail-box\"  >\r\n\t\t<div class=\"ngg-gallery-thumbnail\" >\r\n\t\t\t<a href=\"https:\/\/sallos.hu\/wp-content\/gallery\/csopak-rozsaszin-haz\/23.jpg\" title=\" \" class=\"shutterset_set_12\" >\r\n\t\t\t\t\t\t\t\t<img loading=\"lazy\" decoding=\"async\" title=\"csill\u00e1r\" alt=\"csill\u00e1r\" src=\"https:\/\/sallos.hu\/wp-content\/gallery\/csopak-rozsaszin-haz\/thumbs\/thumbs_23.jpg\" width=\"225\" height=\"150\" \/>\r\n\t\t\t\t\t\t\t<\/a>\r\n\t\t<\/div>\r\n\t<\/div>\r\n\t\r\n\t\t\r\n \t\t\r\n\t<div id=\"ngg-image-507\" class=\"ngg-gallery-thumbnail-box\"  >\r\n\t\t<div class=\"ngg-gallery-thumbnail\" >\r\n\t\t\t<a href=\"https:\/\/sallos.hu\/wp-content\/gallery\/csopak-rozsaszin-haz\/11.jpg\" title=\" \" class=\"shutterset_set_12\" >\r\n\t\t\t\t\t\t\t\t<img loading=\"lazy\" decoding=\"async\" title=\"nappali\" alt=\"nappali\" src=\"https:\/\/sallos.hu\/wp-content\/gallery\/csopak-rozsaszin-haz\/thumbs\/thumbs_11.jpg\" width=\"225\" height=\"150\" \/>\r\n\t\t\t\t\t\t\t<\/a>\r\n\t\t<\/div>\r\n\t<\/div>\r\n\t\r\n\t\t\r\n \t\t\r\n\t<div id=\"ngg-image-508\" class=\"ngg-gallery-thumbnail-box\"  >\r\n\t\t<div class=\"ngg-gallery-thumbnail\" >\r\n\t\t\t<a href=\"https:\/\/sallos.hu\/wp-content\/gallery\/csopak-rozsaszin-haz\/12.jpg\" title=\" \" class=\"shutterset_set_12\" >\r\n\t\t\t\t\t\t\t\t<img loading=\"lazy\" decoding=\"async\" title=\"gyerekszoba\" alt=\"gyerekszoba\" src=\"https:\/\/sallos.hu\/wp-content\/gallery\/csopak-rozsaszin-haz\/thumbs\/thumbs_12.jpg\" width=\"225\" height=\"150\" \/>\r\n\t\t\t\t\t\t\t<\/a>\r\n\t\t<\/div>\r\n\t<\/div>\r\n\t\r\n\t\t\r\n \t\t\r\n\t<div id=\"ngg-image-509\" class=\"ngg-gallery-thumbnail-box\"  >\r\n\t\t<div class=\"ngg-gallery-thumbnail\" >\r\n\t\t\t<a href=\"https:\/\/sallos.hu\/wp-content\/gallery\/csopak-rozsaszin-haz\/13.jpg\" title=\" \" class=\"shutterset_set_12\" >\r\n\t\t\t\t\t\t\t\t<img loading=\"lazy\" decoding=\"async\" title=\"h\u00e1l\u00f3szoba ablak\" alt=\"h\u00e1l\u00f3szoba ablak\" src=\"https:\/\/sallos.hu\/wp-content\/gallery\/csopak-rozsaszin-haz\/thumbs\/thumbs_13.jpg\" width=\"225\" height=\"150\" \/>\r\n\t\t\t\t\t\t\t<\/a>\r\n\t\t<\/div>\r\n\t<\/div>\r\n\t\r\n\t\t\r\n \t\t\r\n\t<div id=\"ngg-image-510\" class=\"ngg-gallery-thumbnail-box\"  >\r\n\t\t<div class=\"ngg-gallery-thumbnail\" >\r\n\t\t\t<a href=\"https:\/\/sallos.hu\/wp-content\/gallery\/csopak-rozsaszin-haz\/14.jpg\" title=\" \" class=\"shutterset_set_12\" >\r\n\t\t\t\t\t\t\t\t<img loading=\"lazy\" decoding=\"async\" title=\"csig\u00e1s l\u00e1mpa\" alt=\"csig\u00e1s l\u00e1mpa\" src=\"https:\/\/sallos.hu\/wp-content\/gallery\/csopak-rozsaszin-haz\/thumbs\/thumbs_14.jpg\" width=\"225\" height=\"150\" \/>\r\n\t\t\t\t\t\t\t<\/a>\r\n\t\t<\/div>\r\n\t<\/div>\r\n\t\r\n\t\t\r\n \t \t\r\n\t<!-- Pagination -->\r\n \t<div class='ngg-clear'><\/div>\n \t\r\n<\/div>\r\n\r\n\n","protected":false},"excerpt":{"rendered":"","protected":false},"author":1,"featured_media":0,"parent":8,"menu_order":14,"comment_status":"open","ping_status":"open","template":"","meta":{"footnotes":""},"class_list":["post-78","page","type-page","status-publish","hentry"],"_links":{"self":[{"href":"https:\/\/sallos.hu\/en\/wp-json\/wp\/v2\/pages\/78","targetHints":{"allow":["GET"]}}],"collection":[{"href":"https:\/\/sallos.hu\/en\/wp-json\/wp\/v2\/pages"}],"about":[{"href":"https:\/\/sallos.hu\/en\/wp-json\/wp\/v2\/types\/page"}],"author":[{"embeddable":true,"href":"https:\/\/sallos.hu\/en\/wp-json\/wp\/v2\/users\/1"}],"replies":[{"embeddable":true,"href":"https:\/\/sallos.hu\/en\/wp-json\/wp\/v2\/comments?post=78"}],"version-history":[{"count":1,"href":"https:\/\/sallos.hu\/en\/wp-json\/wp\/v2\/pages\/78\/revisions"}],"predecessor-version":[{"id":91,"href":"https:\/\/sallos.hu\/en\/wp-json\/wp\/v2\/pages\/78\/revisions\/91"}],"up":[{"embeddable":true,"href":"https:\/\/sallos.hu\/en\/wp-json\/wp\/v2\/pages\/8"}],"wp:attachment":[{"href":"https:\/\/sallos.hu\/en\/wp-json\/wp\/v2\/media?parent=78"}],"curies":[{"name":"wp","href":"https:\/\/api.w.org\/{rel}","templated":true}]}}