{"id":62,"date":"2014-02-11T09:54:16","date_gmt":"2014-02-11T09:54:16","guid":{"rendered":"http:\/\/www.sallos.hu\/szentendre-fatornacos-haz-6\/"},"modified":"2014-02-11T10:18:48","modified_gmt":"2014-02-11T10:18:48","slug":"szentendre-fatornacos-haz","status":"publish","type":"page","link":"https:\/\/sallos.hu\/en\/referenciak\/szentendre-fatornacos-haz\/","title":{"rendered":"Szentendre &#8211; fatorn\u00e1cos h\u00e1z"},"content":{"rendered":"<p>\r\n<div class=\"ngg-galleryoverview\" id=\"ngg-gallery-6-62\">\r\n\r\n\r\n\t\r\n\t<!-- Thumbnails -->\r\n\t\t\r\n\t<div id=\"ngg-image-140\" class=\"ngg-gallery-thumbnail-box\"  >\r\n\t\t<div class=\"ngg-gallery-thumbnail\" >\r\n\t\t\t<a href=\"https:\/\/sallos.hu\/wp-content\/gallery\/szentendre-fatornacos-haz\/sztendre_16.jpg\" title=\" \" class=\"shutterset_set_6\" >\r\n\t\t\t\t\t\t\t\t<img loading=\"lazy\" decoding=\"async\" title=\"f\u0151homlokzat\" alt=\"f\u0151homlokzat\" src=\"https:\/\/sallos.hu\/wp-content\/gallery\/szentendre-fatornacos-haz\/thumbs\/thumbs_sztendre_16.jpg\" width=\"225\" height=\"150\" \/>\r\n\t\t\t\t\t\t\t<\/a>\r\n\t\t<\/div>\r\n\t<\/div>\r\n\t\r\n\t\t\r\n \t\t\r\n\t<div id=\"ngg-image-118\" class=\"ngg-gallery-thumbnail-box\"  >\r\n\t\t<div class=\"ngg-gallery-thumbnail\" >\r\n\t\t\t<a href=\"https:\/\/sallos.hu\/wp-content\/gallery\/szentendre-fatornacos-haz\/img_0684.jpg\" title=\" \" class=\"shutterset_set_6\" >\r\n\t\t\t\t\t\t\t\t<img loading=\"lazy\" decoding=\"async\" title=\"fafarag\u00e1s az oromfalon\" alt=\"fafarag\u00e1s az oromfalon\" src=\"https:\/\/sallos.hu\/wp-content\/gallery\/szentendre-fatornacos-haz\/thumbs\/thumbs_img_0684.jpg\" width=\"225\" height=\"150\" \/>\r\n\t\t\t\t\t\t\t<\/a>\r\n\t\t<\/div>\r\n\t<\/div>\r\n\t\r\n\t\t\r\n \t\t\r\n\t<div id=\"ngg-image-119\" class=\"ngg-gallery-thumbnail-box\"  >\r\n\t\t<div class=\"ngg-gallery-thumbnail\" >\r\n\t\t\t<a href=\"https:\/\/sallos.hu\/wp-content\/gallery\/szentendre-fatornacos-haz\/p8160441.jpg\" title=\" \" class=\"shutterset_set_6\" >\r\n\t\t\t\t\t\t\t\t<img loading=\"lazy\" decoding=\"async\" title=\"f\u0151homlokzat\" alt=\"f\u0151homlokzat\" src=\"https:\/\/sallos.hu\/wp-content\/gallery\/szentendre-fatornacos-haz\/thumbs\/thumbs_p8160441.jpg\" width=\"225\" height=\"150\" \/>\r\n\t\t\t\t\t\t\t<\/a>\r\n\t\t<\/div>\r\n\t<\/div>\r\n\t\r\n\t\t\r\n \t\t\r\n\t<div id=\"ngg-image-120\" class=\"ngg-gallery-thumbnail-box\"  >\r\n\t\t<div class=\"ngg-gallery-thumbnail\" >\r\n\t\t\t<a href=\"https:\/\/sallos.hu\/wp-content\/gallery\/szentendre-fatornacos-haz\/p8160442.jpg\" title=\" \" class=\"shutterset_set_6\" >\r\n\t\t\t\t\t\t\t\t<img loading=\"lazy\" decoding=\"async\" title=\"oromfal\" alt=\"oromfal\" src=\"https:\/\/sallos.hu\/wp-content\/gallery\/szentendre-fatornacos-haz\/thumbs\/thumbs_p8160442.jpg\" width=\"225\" height=\"149\" \/>\r\n\t\t\t\t\t\t\t<\/a>\r\n\t\t<\/div>\r\n\t<\/div>\r\n\t\r\n\t\t\r\n \t\t\r\n\t<div id=\"ngg-image-133\" class=\"ngg-gallery-thumbnail-box\"  >\r\n\t\t<div class=\"ngg-gallery-thumbnail\" >\r\n\t\t\t<a href=\"https:\/\/sallos.hu\/wp-content\/gallery\/szentendre-fatornacos-haz\/szentendre_14.jpg\" title=\" \" class=\"shutterset_set_6\" >\r\n\t\t\t\t\t\t\t\t<img loading=\"lazy\" decoding=\"async\" title=\"f\u0151homlokzat\" alt=\"f\u0151homlokzat\" src=\"https:\/\/sallos.hu\/wp-content\/gallery\/szentendre-fatornacos-haz\/thumbs\/thumbs_szentendre_14.jpg\" width=\"225\" height=\"150\" \/>\r\n\t\t\t\t\t\t\t<\/a>\r\n\t\t<\/div>\r\n\t<\/div>\r\n\t\r\n\t\t\r\n \t\t\r\n\t<div id=\"ngg-image-126\" class=\"ngg-gallery-thumbnail-box\"  >\r\n\t\t<div class=\"ngg-gallery-thumbnail\" >\r\n\t\t\t<a href=\"https:\/\/sallos.hu\/wp-content\/gallery\/szentendre-fatornacos-haz\/p8160526.jpg\" title=\" \" class=\"shutterset_set_6\" >\r\n\t\t\t\t\t\t\t\t<img loading=\"lazy\" decoding=\"async\" title=\"homlokzat r\u00e9szlete\" alt=\"homlokzat r\u00e9szlete\" src=\"https:\/\/sallos.hu\/wp-content\/gallery\/szentendre-fatornacos-haz\/thumbs\/thumbs_p8160526.jpg\" width=\"225\" height=\"150\" \/>\r\n\t\t\t\t\t\t\t<\/a>\r\n\t\t<\/div>\r\n\t<\/div>\r\n\t\r\n\t\t\r\n \t\t\r\n\t<div id=\"ngg-image-125\" class=\"ngg-gallery-thumbnail-box\"  >\r\n\t\t<div class=\"ngg-gallery-thumbnail\" >\r\n\t\t\t<a href=\"https:\/\/sallos.hu\/wp-content\/gallery\/szentendre-fatornacos-haz\/p8160518.jpg\" title=\" \" class=\"shutterset_set_6\" >\r\n\t\t\t\t\t\t\t\t<img loading=\"lazy\" decoding=\"async\" title=\"torn\u00e1c\" alt=\"torn\u00e1c\" src=\"https:\/\/sallos.hu\/wp-content\/gallery\/szentendre-fatornacos-haz\/thumbs\/thumbs_p8160518.jpg\" width=\"225\" height=\"150\" \/>\r\n\t\t\t\t\t\t\t<\/a>\r\n\t\t<\/div>\r\n\t<\/div>\r\n\t\r\n\t\t\r\n \t\t\r\n\t<div id=\"ngg-image-128\" class=\"ngg-gallery-thumbnail-box\"  >\r\n\t\t<div class=\"ngg-gallery-thumbnail\" >\r\n\t\t\t<a href=\"https:\/\/sallos.hu\/wp-content\/gallery\/szentendre-fatornacos-haz\/p8160570.jpg\" title=\" \" class=\"shutterset_set_6\" >\r\n\t\t\t\t\t\t\t\t<img loading=\"lazy\" decoding=\"async\" title=\"oldalhomlokzat\" alt=\"oldalhomlokzat\" src=\"https:\/\/sallos.hu\/wp-content\/gallery\/szentendre-fatornacos-haz\/thumbs\/thumbs_p8160570.jpg\" width=\"225\" height=\"150\" \/>\r\n\t\t\t\t\t\t\t<\/a>\r\n\t\t<\/div>\r\n\t<\/div>\r\n\t\r\n\t\t\r\n \t\t\r\n\t<div id=\"ngg-image-129\" class=\"ngg-gallery-thumbnail-box\"  >\r\n\t\t<div class=\"ngg-gallery-thumbnail\" >\r\n\t\t\t<a href=\"https:\/\/sallos.hu\/wp-content\/gallery\/szentendre-fatornacos-haz\/szentendre_1.jpg\" title=\" \" class=\"shutterset_set_6\" >\r\n\t\t\t\t\t\t\t\t<img loading=\"lazy\" decoding=\"async\" title=\"spalett\u00e1s ablakok\" alt=\"spalett\u00e1s ablakok\" src=\"https:\/\/sallos.hu\/wp-content\/gallery\/szentendre-fatornacos-haz\/thumbs\/thumbs_szentendre_1.jpg\" width=\"225\" height=\"150\" \/>\r\n\t\t\t\t\t\t\t<\/a>\r\n\t\t<\/div>\r\n\t<\/div>\r\n\t\r\n\t\t\r\n \t\t\r\n\t<div id=\"ngg-image-124\" class=\"ngg-gallery-thumbnail-box\"  >\r\n\t\t<div class=\"ngg-gallery-thumbnail\" >\r\n\t\t\t<a href=\"https:\/\/sallos.hu\/wp-content\/gallery\/szentendre-fatornacos-haz\/p8160484.jpg\" title=\" \" class=\"shutterset_set_6\" >\r\n\t\t\t\t\t\t\t\t<img loading=\"lazy\" decoding=\"async\" title=\"torn\u00e1c\" alt=\"torn\u00e1c\" src=\"https:\/\/sallos.hu\/wp-content\/gallery\/szentendre-fatornacos-haz\/thumbs\/thumbs_p8160484.jpg\" width=\"225\" height=\"149\" \/>\r\n\t\t\t\t\t\t\t<\/a>\r\n\t\t<\/div>\r\n\t<\/div>\r\n\t\r\n\t\t\r\n \t\t\r\n\t<div id=\"ngg-image-121\" class=\"ngg-gallery-thumbnail-box\"  >\r\n\t\t<div class=\"ngg-gallery-thumbnail\" >\r\n\t\t\t<a href=\"https:\/\/sallos.hu\/wp-content\/gallery\/szentendre-fatornacos-haz\/p8160455.jpg\" title=\" \" class=\"shutterset_set_6\" >\r\n\t\t\t\t\t\t\t\t<img loading=\"lazy\" decoding=\"async\" title=\"bels\u0151 l\u00e9pcs\u0151\" alt=\"bels\u0151 l\u00e9pcs\u0151\" src=\"https:\/\/sallos.hu\/wp-content\/gallery\/szentendre-fatornacos-haz\/thumbs\/thumbs_p8160455.jpg\" width=\"225\" height=\"149\" \/>\r\n\t\t\t\t\t\t\t<\/a>\r\n\t\t<\/div>\r\n\t<\/div>\r\n\t\r\n\t\t\r\n \t\t\r\n\t<div id=\"ngg-image-134\" class=\"ngg-gallery-thumbnail-box\"  >\r\n\t\t<div class=\"ngg-gallery-thumbnail\" >\r\n\t\t\t<a href=\"https:\/\/sallos.hu\/wp-content\/gallery\/szentendre-fatornacos-haz\/szentendre_15.jpg\" title=\" \" class=\"shutterset_set_6\" >\r\n\t\t\t\t\t\t\t\t<img loading=\"lazy\" decoding=\"async\" title=\"torn\u00e1c\" alt=\"torn\u00e1c\" src=\"https:\/\/sallos.hu\/wp-content\/gallery\/szentendre-fatornacos-haz\/thumbs\/thumbs_szentendre_15.jpg\" width=\"225\" height=\"150\" \/>\r\n\t\t\t\t\t\t\t<\/a>\r\n\t\t<\/div>\r\n\t<\/div>\r\n\t\r\n\t\t\r\n \t\t\r\n\t<div id=\"ngg-image-137\" class=\"ngg-gallery-thumbnail-box\"  >\r\n\t\t<div class=\"ngg-gallery-thumbnail\" >\r\n\t\t\t<a href=\"https:\/\/sallos.hu\/wp-content\/gallery\/szentendre-fatornacos-haz\/szentendre_7.jpg\" title=\" \" class=\"shutterset_set_6\" >\r\n\t\t\t\t\t\t\t\t<img loading=\"lazy\" decoding=\"async\" title=\"nappali\" alt=\"nappali\" src=\"https:\/\/sallos.hu\/wp-content\/gallery\/szentendre-fatornacos-haz\/thumbs\/thumbs_szentendre_7.jpg\" width=\"225\" height=\"150\" \/>\r\n\t\t\t\t\t\t\t<\/a>\r\n\t\t<\/div>\r\n\t<\/div>\r\n\t\r\n\t\t\r\n \t\t\r\n\t<div id=\"ngg-image-122\" class=\"ngg-gallery-thumbnail-box\"  >\r\n\t\t<div class=\"ngg-gallery-thumbnail\" >\r\n\t\t\t<a href=\"https:\/\/sallos.hu\/wp-content\/gallery\/szentendre-fatornacos-haz\/p8160463.jpg\" title=\" \" class=\"shutterset_set_6\" >\r\n\t\t\t\t\t\t\t\t<img loading=\"lazy\" decoding=\"async\" title=\"cser\u00e9pk\u00e1lyha\" alt=\"cser\u00e9pk\u00e1lyha\" src=\"https:\/\/sallos.hu\/wp-content\/gallery\/szentendre-fatornacos-haz\/thumbs\/thumbs_p8160463.jpg\" width=\"225\" height=\"150\" \/>\r\n\t\t\t\t\t\t\t<\/a>\r\n\t\t<\/div>\r\n\t<\/div>\r\n\t\r\n\t\t\r\n \t\t\r\n\t<div id=\"ngg-image-130\" class=\"ngg-gallery-thumbnail-box\"  >\r\n\t\t<div class=\"ngg-gallery-thumbnail\" >\r\n\t\t\t<a href=\"https:\/\/sallos.hu\/wp-content\/gallery\/szentendre-fatornacos-haz\/szentendre_10.jpg\" title=\" \" class=\"shutterset_set_6\" >\r\n\t\t\t\t\t\t\t\t<img loading=\"lazy\" decoding=\"async\" title=\"cser\u00e9pk\u00e1lyha\" alt=\"cser\u00e9pk\u00e1lyha\" src=\"https:\/\/sallos.hu\/wp-content\/gallery\/szentendre-fatornacos-haz\/thumbs\/thumbs_szentendre_10.jpg\" width=\"225\" height=\"150\" \/>\r\n\t\t\t\t\t\t\t<\/a>\r\n\t\t<\/div>\r\n\t<\/div>\r\n\t\r\n\t\t\r\n \t\t\r\n\t<div id=\"ngg-image-139\" class=\"ngg-gallery-thumbnail-box\"  >\r\n\t\t<div class=\"ngg-gallery-thumbnail\" >\r\n\t\t\t<a href=\"https:\/\/sallos.hu\/wp-content\/gallery\/szentendre-fatornacos-haz\/sztendre_15.jpg\" title=\" \" class=\"shutterset_set_6\" >\r\n\t\t\t\t\t\t\t\t<img loading=\"lazy\" decoding=\"async\" title=\"bels\u0151 l\u00e9pcs\u0151\" alt=\"bels\u0151 l\u00e9pcs\u0151\" src=\"https:\/\/sallos.hu\/wp-content\/gallery\/szentendre-fatornacos-haz\/thumbs\/thumbs_sztendre_15.jpg\" width=\"225\" height=\"149\" \/>\r\n\t\t\t\t\t\t\t<\/a>\r\n\t\t<\/div>\r\n\t<\/div>\r\n\t\r\n\t\t\r\n \t\t\r\n\t<div id=\"ngg-image-136\" class=\"ngg-gallery-thumbnail-box\"  >\r\n\t\t<div class=\"ngg-gallery-thumbnail\" >\r\n\t\t\t<a href=\"https:\/\/sallos.hu\/wp-content\/gallery\/szentendre-fatornacos-haz\/szentendre_5.jpg\" title=\" \" class=\"shutterset_set_6\" >\r\n\t\t\t\t\t\t\t\t<img loading=\"lazy\" decoding=\"async\" title=\"bels\u0151 l\u00e9pcs\u0151\" alt=\"bels\u0151 l\u00e9pcs\u0151\" src=\"https:\/\/sallos.hu\/wp-content\/gallery\/szentendre-fatornacos-haz\/thumbs\/thumbs_szentendre_5.jpg\" width=\"225\" height=\"149\" \/>\r\n\t\t\t\t\t\t\t<\/a>\r\n\t\t<\/div>\r\n\t<\/div>\r\n\t\r\n\t\t\r\n \t\t\r\n\t<div id=\"ngg-image-135\" class=\"ngg-gallery-thumbnail-box\"  >\r\n\t\t<div class=\"ngg-gallery-thumbnail\" >\r\n\t\t\t<a href=\"https:\/\/sallos.hu\/wp-content\/gallery\/szentendre-fatornacos-haz\/szentendre_4.jpg\" title=\" \" class=\"shutterset_set_6\" >\r\n\t\t\t\t\t\t\t\t<img loading=\"lazy\" decoding=\"async\" title=\"tet\u0151t\u00e9r\" alt=\"tet\u0151t\u00e9r\" src=\"https:\/\/sallos.hu\/wp-content\/gallery\/szentendre-fatornacos-haz\/thumbs\/thumbs_szentendre_4.jpg\" width=\"225\" height=\"149\" \/>\r\n\t\t\t\t\t\t\t<\/a>\r\n\t\t<\/div>\r\n\t<\/div>\r\n\t\r\n\t\t\r\n \t\t\r\n\t<div id=\"ngg-image-127\" class=\"ngg-gallery-thumbnail-box\"  >\r\n\t\t<div class=\"ngg-gallery-thumbnail\" >\r\n\t\t\t<a href=\"https:\/\/sallos.hu\/wp-content\/gallery\/szentendre-fatornacos-haz\/p8160540.jpg\" title=\" \" class=\"shutterset_set_6\" >\r\n\t\t\t\t\t\t\t\t<img loading=\"lazy\" decoding=\"async\" title=\"tet\u0151t\u00e9ri szoba bels\u0151\" alt=\"tet\u0151t\u00e9ri szoba bels\u0151\" src=\"https:\/\/sallos.hu\/wp-content\/gallery\/szentendre-fatornacos-haz\/thumbs\/thumbs_p8160540.jpg\" width=\"225\" height=\"149\" \/>\r\n\t\t\t\t\t\t\t<\/a>\r\n\t\t<\/div>\r\n\t<\/div>\r\n\t\r\n\t\t\r\n \t\t\r\n\t<div id=\"ngg-image-138\" class=\"ngg-gallery-thumbnail-box\"  >\r\n\t\t<div class=\"ngg-gallery-thumbnail\" >\r\n\t\t\t<a href=\"https:\/\/sallos.hu\/wp-content\/gallery\/szentendre-fatornacos-haz\/sztendre_10.jpg\" title=\" \" class=\"shutterset_set_6\" >\r\n\t\t\t\t\t\t\t\t<img loading=\"lazy\" decoding=\"async\" title=\"dolgoz\u00f3 szoba\" alt=\"dolgoz\u00f3 szoba\" src=\"https:\/\/sallos.hu\/wp-content\/gallery\/szentendre-fatornacos-haz\/thumbs\/thumbs_sztendre_10.jpg\" width=\"225\" height=\"150\" \/>\r\n\t\t\t\t\t\t\t<\/a>\r\n\t\t<\/div>\r\n\t<\/div>\r\n\t\r\n\t\t\r\n \t\t\r\n\t<div id=\"ngg-image-131\" class=\"ngg-gallery-thumbnail-box\"  >\r\n\t\t<div class=\"ngg-gallery-thumbnail\" >\r\n\t\t\t<a href=\"https:\/\/sallos.hu\/wp-content\/gallery\/szentendre-fatornacos-haz\/szentendre_11.jpg\" title=\" \" class=\"shutterset_set_6\" >\r\n\t\t\t\t\t\t\t\t<img loading=\"lazy\" decoding=\"async\" title=\"f\u00fcrd\u0151szoba\" alt=\"f\u00fcrd\u0151szoba\" src=\"https:\/\/sallos.hu\/wp-content\/gallery\/szentendre-fatornacos-haz\/thumbs\/thumbs_szentendre_11.jpg\" width=\"225\" height=\"149\" \/>\r\n\t\t\t\t\t\t\t<\/a>\r\n\t\t<\/div>\r\n\t<\/div>\r\n\t\r\n\t\t\r\n \t\t\r\n\t<div id=\"ngg-image-132\" class=\"ngg-gallery-thumbnail-box\"  >\r\n\t\t<div class=\"ngg-gallery-thumbnail\" >\r\n\t\t\t<a href=\"https:\/\/sallos.hu\/wp-content\/gallery\/szentendre-fatornacos-haz\/szentendre_12.jpg\" title=\" \" class=\"shutterset_set_6\" >\r\n\t\t\t\t\t\t\t\t<img loading=\"lazy\" decoding=\"async\" title=\"f\u00fcrd\u0151szoba szekr\u00e9ny r\u00e9szlete\" alt=\"f\u00fcrd\u0151szoba szekr\u00e9ny r\u00e9szlete\" src=\"https:\/\/sallos.hu\/wp-content\/gallery\/szentendre-fatornacos-haz\/thumbs\/thumbs_szentendre_12.jpg\" width=\"225\" height=\"150\" \/>\r\n\t\t\t\t\t\t\t<\/a>\r\n\t\t<\/div>\r\n\t<\/div>\r\n\t\r\n\t\t\r\n \t\t\r\n\t<div id=\"ngg-image-141\" class=\"ngg-gallery-thumbnail-box\"  >\r\n\t\t<div class=\"ngg-gallery-thumbnail\" >\r\n\t\t\t<a href=\"https:\/\/sallos.hu\/wp-content\/gallery\/szentendre-fatornacos-haz\/sztendre_17.jpg\" title=\" \" class=\"shutterset_set_6\" >\r\n\t\t\t\t\t\t\t\t<img loading=\"lazy\" decoding=\"async\" title=\"f\u00fcrd\u0151 szoba\" alt=\"f\u00fcrd\u0151 szoba\" src=\"https:\/\/sallos.hu\/wp-content\/gallery\/szentendre-fatornacos-haz\/thumbs\/thumbs_sztendre_17.jpg\" width=\"225\" height=\"149\" \/>\r\n\t\t\t\t\t\t\t<\/a>\r\n\t\t<\/div>\r\n\t<\/div>\r\n\t\r\n\t\t\r\n \t \t\r\n\t<!-- Pagination -->\r\n \t<div class='ngg-clear'><\/div>\n \t\r\n<\/div>\r\n\r\n<\/p>","protected":false},"excerpt":{"rendered":"","protected":false},"author":1,"featured_media":0,"parent":8,"menu_order":17,"comment_status":"open","ping_status":"closed","template":"","meta":{"footnotes":""},"class_list":["post-62","page","type-page","status-publish","hentry"],"_links":{"self":[{"href":"https:\/\/sallos.hu\/en\/wp-json\/wp\/v2\/pages\/62","targetHints":{"allow":["GET"]}}],"collection":[{"href":"https:\/\/sallos.hu\/en\/wp-json\/wp\/v2\/pages"}],"about":[{"href":"https:\/\/sallos.hu\/en\/wp-json\/wp\/v2\/types\/page"}],"author":[{"embeddable":true,"href":"https:\/\/sallos.hu\/en\/wp-json\/wp\/v2\/users\/1"}],"replies":[{"embeddable":true,"href":"https:\/\/sallos.hu\/en\/wp-json\/wp\/v2\/comments?post=62"}],"version-history":[{"count":4,"href":"https:\/\/sallos.hu\/en\/wp-json\/wp\/v2\/pages\/62\/revisions"}],"predecessor-version":[{"id":66,"href":"https:\/\/sallos.hu\/en\/wp-json\/wp\/v2\/pages\/62\/revisions\/66"}],"up":[{"embeddable":true,"href":"https:\/\/sallos.hu\/en\/wp-json\/wp\/v2\/pages\/8"}],"wp:attachment":[{"href":"https:\/\/sallos.hu\/en\/wp-json\/wp\/v2\/media?parent=62"}],"curies":[{"name":"wp","href":"https:\/\/api.w.org\/{rel}","templated":true}]}}