{"id":31,"date":"2014-02-02T16:15:34","date_gmt":"2014-02-02T16:15:34","guid":{"rendered":"http:\/\/www.sallos.hu\/csopak-nadtetos-haz\/"},"modified":"2015-02-01T16:01:34","modified_gmt":"2015-02-01T16:01:34","slug":"csopak-nadtetos-haz","status":"publish","type":"page","link":"https:\/\/sallos.hu\/en\/referenciak\/csopak-nadtetos-haz\/","title":{"rendered":"Szentb\u00e9kk\u00e1lla"},"content":{"rendered":"\r\n<div class=\"ngg-galleryoverview\" id=\"ngg-gallery-4-31\">\r\n\r\n\r\n\t\r\n\t<!-- Thumbnails -->\r\n\t\t\r\n\t<div id=\"ngg-image-480\" class=\"ngg-gallery-thumbnail-box\"  >\r\n\t\t<div class=\"ngg-gallery-thumbnail\" >\r\n\t\t\t<a href=\"https:\/\/sallos.hu\/wp-content\/gallery\/csopak-nadtetos-haz\/c3e8702n-copy.jpg\" title=\" \" class=\"shutterset_set_4\" >\r\n\t\t\t\t\t\t\t\t<img loading=\"lazy\" decoding=\"async\" title=\"gyerekszoba\" alt=\"gyerekszoba\" src=\"https:\/\/sallos.hu\/wp-content\/gallery\/csopak-nadtetos-haz\/thumbs\/thumbs_c3e8702n-copy.jpg\" width=\"225\" height=\"150\" \/>\r\n\t\t\t\t\t\t\t<\/a>\r\n\t\t<\/div>\r\n\t<\/div>\r\n\t\r\n\t\t\r\n \t\t\r\n\t<div id=\"ngg-image-481\" class=\"ngg-gallery-thumbnail-box\"  >\r\n\t\t<div class=\"ngg-gallery-thumbnail\" >\r\n\t\t\t<a href=\"https:\/\/sallos.hu\/wp-content\/gallery\/csopak-nadtetos-haz\/c3e8709-copy.jpg\" title=\" \" class=\"shutterset_set_4\" >\r\n\t\t\t\t\t\t\t\t<img loading=\"lazy\" decoding=\"async\" title=\"h\u00e1l\u00f3\" alt=\"h\u00e1l\u00f3\" src=\"https:\/\/sallos.hu\/wp-content\/gallery\/csopak-nadtetos-haz\/thumbs\/thumbs_c3e8709-copy.jpg\" width=\"225\" height=\"150\" \/>\r\n\t\t\t\t\t\t\t<\/a>\r\n\t\t<\/div>\r\n\t<\/div>\r\n\t\r\n\t\t\r\n \t\t\r\n\t<div id=\"ngg-image-482\" class=\"ngg-gallery-thumbnail-box\"  >\r\n\t\t<div class=\"ngg-gallery-thumbnail\" >\r\n\t\t\t<a href=\"https:\/\/sallos.hu\/wp-content\/gallery\/csopak-nadtetos-haz\/c3e8755-copy.jpg\" title=\" \" class=\"shutterset_set_4\" >\r\n\t\t\t\t\t\t\t\t<img loading=\"lazy\" decoding=\"async\" title=\"emeleti f\u00fcrd\u0151\" alt=\"emeleti f\u00fcrd\u0151\" src=\"https:\/\/sallos.hu\/wp-content\/gallery\/csopak-nadtetos-haz\/thumbs\/thumbs_c3e8755-copy.jpg\" width=\"225\" height=\"150\" \/>\r\n\t\t\t\t\t\t\t<\/a>\r\n\t\t<\/div>\r\n\t<\/div>\r\n\t\r\n\t\t\r\n \t\t\r\n\t<div id=\"ngg-image-483\" class=\"ngg-gallery-thumbnail-box\"  >\r\n\t\t<div class=\"ngg-gallery-thumbnail\" >\r\n\t\t\t<a href=\"https:\/\/sallos.hu\/wp-content\/gallery\/csopak-nadtetos-haz\/c3e8777-copy.jpg\" title=\" \" class=\"shutterset_set_4\" >\r\n\t\t\t\t\t\t\t\t<img loading=\"lazy\" decoding=\"async\" title=\"nappali\" alt=\"nappali\" src=\"https:\/\/sallos.hu\/wp-content\/gallery\/csopak-nadtetos-haz\/thumbs\/thumbs_c3e8777-copy.jpg\" width=\"225\" height=\"149\" \/>\r\n\t\t\t\t\t\t\t<\/a>\r\n\t\t<\/div>\r\n\t<\/div>\r\n\t\r\n\t\t\r\n \t\t\r\n\t<div id=\"ngg-image-484\" class=\"ngg-gallery-thumbnail-box\"  >\r\n\t\t<div class=\"ngg-gallery-thumbnail\" >\r\n\t\t\t<a href=\"https:\/\/sallos.hu\/wp-content\/gallery\/csopak-nadtetos-haz\/c3e8794-copy.jpg\" title=\" \" class=\"shutterset_set_4\" >\r\n\t\t\t\t\t\t\t\t<img loading=\"lazy\" decoding=\"async\" title=\"kemence\" alt=\"kemence\" src=\"https:\/\/sallos.hu\/wp-content\/gallery\/csopak-nadtetos-haz\/thumbs\/thumbs_c3e8794-copy.jpg\" width=\"225\" height=\"150\" \/>\r\n\t\t\t\t\t\t\t<\/a>\r\n\t\t<\/div>\r\n\t<\/div>\r\n\t\r\n\t\t\r\n \t\t\r\n\t<div id=\"ngg-image-485\" class=\"ngg-gallery-thumbnail-box\"  >\r\n\t\t<div class=\"ngg-gallery-thumbnail\" >\r\n\t\t\t<a href=\"https:\/\/sallos.hu\/wp-content\/gallery\/csopak-nadtetos-haz\/c3e8823-copy.jpg\" title=\" \" class=\"shutterset_set_4\" >\r\n\t\t\t\t\t\t\t\t<img loading=\"lazy\" decoding=\"async\" title=\"konyha\" alt=\"konyha\" src=\"https:\/\/sallos.hu\/wp-content\/gallery\/csopak-nadtetos-haz\/thumbs\/thumbs_c3e8823-copy.jpg\" width=\"225\" height=\"150\" \/>\r\n\t\t\t\t\t\t\t<\/a>\r\n\t\t<\/div>\r\n\t<\/div>\r\n\t\r\n\t\t\r\n \t\t\r\n\t<div id=\"ngg-image-486\" class=\"ngg-gallery-thumbnail-box\"  >\r\n\t\t<div class=\"ngg-gallery-thumbnail\" >\r\n\t\t\t<a href=\"https:\/\/sallos.hu\/wp-content\/gallery\/csopak-nadtetos-haz\/c3e8852-copy.jpg\" title=\" \" class=\"shutterset_set_4\" >\r\n\t\t\t\t\t\t\t\t<img loading=\"lazy\" decoding=\"async\" title=\"konyha\" alt=\"konyha\" src=\"https:\/\/sallos.hu\/wp-content\/gallery\/csopak-nadtetos-haz\/thumbs\/thumbs_c3e8852-copy.jpg\" width=\"225\" height=\"150\" \/>\r\n\t\t\t\t\t\t\t<\/a>\r\n\t\t<\/div>\r\n\t<\/div>\r\n\t\r\n\t\t\r\n \t\t\r\n\t<div id=\"ngg-image-487\" class=\"ngg-gallery-thumbnail-box\"  >\r\n\t\t<div class=\"ngg-gallery-thumbnail\" >\r\n\t\t\t<a href=\"https:\/\/sallos.hu\/wp-content\/gallery\/csopak-nadtetos-haz\/c3e8855-copy.jpg\" title=\" \" class=\"shutterset_set_4\" >\r\n\t\t\t\t\t\t\t\t<img loading=\"lazy\" decoding=\"async\" title=\"konyha\" alt=\"konyha\" src=\"https:\/\/sallos.hu\/wp-content\/gallery\/csopak-nadtetos-haz\/thumbs\/thumbs_c3e8855-copy.jpg\" width=\"225\" height=\"150\" \/>\r\n\t\t\t\t\t\t\t<\/a>\r\n\t\t<\/div>\r\n\t<\/div>\r\n\t\r\n\t\t\r\n \t\t\r\n\t<div id=\"ngg-image-488\" class=\"ngg-gallery-thumbnail-box\"  >\r\n\t\t<div class=\"ngg-gallery-thumbnail\" >\r\n\t\t\t<a href=\"https:\/\/sallos.hu\/wp-content\/gallery\/csopak-nadtetos-haz\/c3e8858-copy.jpg\" title=\" \" class=\"shutterset_set_4\" >\r\n\t\t\t\t\t\t\t\t<img loading=\"lazy\" decoding=\"async\" title=\"konyha\" alt=\"konyha\" src=\"https:\/\/sallos.hu\/wp-content\/gallery\/csopak-nadtetos-haz\/thumbs\/thumbs_c3e8858-copy.jpg\" width=\"225\" height=\"150\" \/>\r\n\t\t\t\t\t\t\t<\/a>\r\n\t\t<\/div>\r\n\t<\/div>\r\n\t\r\n\t\t\r\n \t\t\r\n\t<div id=\"ngg-image-489\" class=\"ngg-gallery-thumbnail-box\"  >\r\n\t\t<div class=\"ngg-gallery-thumbnail\" >\r\n\t\t\t<a href=\"https:\/\/sallos.hu\/wp-content\/gallery\/csopak-nadtetos-haz\/c3e8870-copy.jpg\" title=\" \" class=\"shutterset_set_4\" >\r\n\t\t\t\t\t\t\t\t<img loading=\"lazy\" decoding=\"async\" title=\"f\u00f6ldszinti f\u00fcrd\u0151\" alt=\"f\u00f6ldszinti f\u00fcrd\u0151\" src=\"https:\/\/sallos.hu\/wp-content\/gallery\/csopak-nadtetos-haz\/thumbs\/thumbs_c3e8870-copy.jpg\" width=\"225\" height=\"150\" \/>\r\n\t\t\t\t\t\t\t<\/a>\r\n\t\t<\/div>\r\n\t<\/div>\r\n\t\r\n\t\t\r\n \t\t\r\n\t<div id=\"ngg-image-490\" class=\"ngg-gallery-thumbnail-box\"  >\r\n\t\t<div class=\"ngg-gallery-thumbnail\" >\r\n\t\t\t<a href=\"https:\/\/sallos.hu\/wp-content\/gallery\/csopak-nadtetos-haz\/c3e8933-copy.jpg\" title=\" \" class=\"shutterset_set_4\" >\r\n\t\t\t\t\t\t\t\t<img loading=\"lazy\" decoding=\"async\" title=\"terasz\" alt=\"terasz\" src=\"https:\/\/sallos.hu\/wp-content\/gallery\/csopak-nadtetos-haz\/thumbs\/thumbs_c3e8933-copy.jpg\" width=\"225\" height=\"150\" \/>\r\n\t\t\t\t\t\t\t<\/a>\r\n\t\t<\/div>\r\n\t<\/div>\r\n\t\r\n\t\t\r\n \t\t\r\n\t<div id=\"ngg-image-491\" class=\"ngg-gallery-thumbnail-box\"  >\r\n\t\t<div class=\"ngg-gallery-thumbnail\" >\r\n\t\t\t<a href=\"https:\/\/sallos.hu\/wp-content\/gallery\/csopak-nadtetos-haz\/c3e8937.jpg\" title=\" \" class=\"shutterset_set_4\" >\r\n\t\t\t\t\t\t\t\t<img loading=\"lazy\" decoding=\"async\" title=\"homlokzat\" alt=\"homlokzat\" src=\"https:\/\/sallos.hu\/wp-content\/gallery\/csopak-nadtetos-haz\/thumbs\/thumbs_c3e8937.jpg\" width=\"225\" height=\"150\" \/>\r\n\t\t\t\t\t\t\t<\/a>\r\n\t\t<\/div>\r\n\t<\/div>\r\n\t\r\n\t\t\r\n \t\t\r\n\t<div id=\"ngg-image-492\" class=\"ngg-gallery-thumbnail-box\"  >\r\n\t\t<div class=\"ngg-gallery-thumbnail\" >\r\n\t\t\t<a href=\"https:\/\/sallos.hu\/wp-content\/gallery\/csopak-nadtetos-haz\/c3e8963.jpg\" title=\" \" class=\"shutterset_set_4\" >\r\n\t\t\t\t\t\t\t\t<img loading=\"lazy\" decoding=\"async\" title=\"homlokzat\" alt=\"homlokzat\" src=\"https:\/\/sallos.hu\/wp-content\/gallery\/csopak-nadtetos-haz\/thumbs\/thumbs_c3e8963.jpg\" width=\"225\" height=\"150\" \/>\r\n\t\t\t\t\t\t\t<\/a>\r\n\t\t<\/div>\r\n\t<\/div>\r\n\t\r\n\t\t\r\n \t\t\r\n\t<div id=\"ngg-image-493\" class=\"ngg-gallery-thumbnail-box\"  >\r\n\t\t<div class=\"ngg-gallery-thumbnail\" >\r\n\t\t\t<a href=\"https:\/\/sallos.hu\/wp-content\/gallery\/csopak-nadtetos-haz\/c3e8977.jpg\" title=\" \" class=\"shutterset_set_4\" >\r\n\t\t\t\t\t\t\t\t<img loading=\"lazy\" decoding=\"async\" title=\"homlokzat\" alt=\"homlokzat\" src=\"https:\/\/sallos.hu\/wp-content\/gallery\/csopak-nadtetos-haz\/thumbs\/thumbs_c3e8977.jpg\" width=\"225\" height=\"150\" \/>\r\n\t\t\t\t\t\t\t<\/a>\r\n\t\t<\/div>\r\n\t<\/div>\r\n\t\r\n\t\t\r\n \t\t\r\n\t<div id=\"ngg-image-494\" class=\"ngg-gallery-thumbnail-box\"  >\r\n\t\t<div class=\"ngg-gallery-thumbnail\" >\r\n\t\t\t<a href=\"https:\/\/sallos.hu\/wp-content\/gallery\/csopak-nadtetos-haz\/c3e8984.jpg\" title=\" \" class=\"shutterset_set_4\" >\r\n\t\t\t\t\t\t\t\t<img loading=\"lazy\" decoding=\"async\" title=\"homlokzat\" alt=\"homlokzat\" src=\"https:\/\/sallos.hu\/wp-content\/gallery\/csopak-nadtetos-haz\/thumbs\/thumbs_c3e8984.jpg\" width=\"225\" height=\"150\" \/>\r\n\t\t\t\t\t\t\t<\/a>\r\n\t\t<\/div>\r\n\t<\/div>\r\n\t\r\n\t\t\r\n \t\t\r\n\t<div id=\"ngg-image-495\" class=\"ngg-gallery-thumbnail-box\"  >\r\n\t\t<div class=\"ngg-gallery-thumbnail\" >\r\n\t\t\t<a href=\"https:\/\/sallos.hu\/wp-content\/gallery\/csopak-nadtetos-haz\/c3e9001-copy.jpg\" title=\" \" class=\"shutterset_set_4\" >\r\n\t\t\t\t\t\t\t\t<img loading=\"lazy\" decoding=\"async\" title=\"terasz\" alt=\"terasz\" src=\"https:\/\/sallos.hu\/wp-content\/gallery\/csopak-nadtetos-haz\/thumbs\/thumbs_c3e9001-copy.jpg\" width=\"225\" height=\"150\" \/>\r\n\t\t\t\t\t\t\t<\/a>\r\n\t\t<\/div>\r\n\t<\/div>\r\n\t\r\n\t\t\r\n \t\t\r\n\t<div id=\"ngg-image-496\" class=\"ngg-gallery-thumbnail-box\"  >\r\n\t\t<div class=\"ngg-gallery-thumbnail\" >\r\n\t\t\t<a href=\"https:\/\/sallos.hu\/wp-content\/gallery\/csopak-nadtetos-haz\/p7280093.jpg\" title=\" \" class=\"shutterset_set_4\" >\r\n\t\t\t\t\t\t\t\t<img loading=\"lazy\" decoding=\"async\" title=\"t\u00e9glaburkolat\" alt=\"t\u00e9glaburkolat\" src=\"https:\/\/sallos.hu\/wp-content\/gallery\/csopak-nadtetos-haz\/thumbs\/thumbs_p7280093.jpg\" width=\"225\" height=\"150\" \/>\r\n\t\t\t\t\t\t\t<\/a>\r\n\t\t<\/div>\r\n\t<\/div>\r\n\t\r\n\t\t\r\n \t \t\r\n\t<!-- Pagination -->\r\n \t<div class='ngg-clear'><\/div>\n \t\r\n<\/div>\r\n\r\n\n","protected":false},"excerpt":{"rendered":"","protected":false},"author":1,"featured_media":0,"parent":8,"menu_order":15,"comment_status":"open","ping_status":"closed","template":"","meta":{"footnotes":""},"class_list":["post-31","page","type-page","status-publish","hentry"],"_links":{"self":[{"href":"https:\/\/sallos.hu\/en\/wp-json\/wp\/v2\/pages\/31","targetHints":{"allow":["GET"]}}],"collection":[{"href":"https:\/\/sallos.hu\/en\/wp-json\/wp\/v2\/pages"}],"about":[{"href":"https:\/\/sallos.hu\/en\/wp-json\/wp\/v2\/types\/page"}],"author":[{"embeddable":true,"href":"https:\/\/sallos.hu\/en\/wp-json\/wp\/v2\/users\/1"}],"replies":[{"embeddable":true,"href":"https:\/\/sallos.hu\/en\/wp-json\/wp\/v2\/comments?post=31"}],"version-history":[{"count":2,"href":"https:\/\/sallos.hu\/en\/wp-json\/wp\/v2\/pages\/31\/revisions"}],"predecessor-version":[{"id":90,"href":"https:\/\/sallos.hu\/en\/wp-json\/wp\/v2\/pages\/31\/revisions\/90"}],"up":[{"embeddable":true,"href":"https:\/\/sallos.hu\/en\/wp-json\/wp\/v2\/pages\/8"}],"wp:attachment":[{"href":"https:\/\/sallos.hu\/en\/wp-json\/wp\/v2\/media?parent=31"}],"curies":[{"name":"wp","href":"https:\/\/api.w.org\/{rel}","templated":true}]}}