{"id":26,"date":"2014-02-02T15:24:03","date_gmt":"2014-02-02T15:24:03","guid":{"rendered":"http:\/\/www.sallos.hu\/szentendre-mediterran\/"},"modified":"2014-02-02T15:24:32","modified_gmt":"2014-02-02T15:24:32","slug":"szentendre-mediterran","status":"publish","type":"page","link":"https:\/\/sallos.hu\/en\/referenciak\/szentendre-mediterran\/","title":{"rendered":"Szentendre &#8211; mediterr\u00e1n"},"content":{"rendered":"\r\n<div class=\"ngg-galleryoverview\" id=\"ngg-gallery-2-26\">\r\n\r\n\r\n\t\r\n\t<!-- Thumbnails -->\r\n\t\t\r\n\t<div id=\"ngg-image-36\" class=\"ngg-gallery-thumbnail-box\"  >\r\n\t\t<div class=\"ngg-gallery-thumbnail\" >\r\n\t\t\t<a href=\"https:\/\/sallos.hu\/wp-content\/gallery\/szentendre-mediterran\/szentendre-mediterran_0.jpg\" title=\" \" class=\"shutterset_set_2\" >\r\n\t\t\t\t\t\t\t\t<img loading=\"lazy\" decoding=\"async\" title=\"f\u0151homlokzat\" alt=\"f\u0151homlokzat\" src=\"https:\/\/sallos.hu\/wp-content\/gallery\/szentendre-mediterran\/thumbs\/thumbs_szentendre-mediterran_0.jpg\" width=\"225\" height=\"150\" \/>\r\n\t\t\t\t\t\t\t<\/a>\r\n\t\t<\/div>\r\n\t<\/div>\r\n\t\r\n\t\t\r\n \t\t\r\n\t<div id=\"ngg-image-71\" class=\"ngg-gallery-thumbnail-box\"  >\r\n\t\t<div class=\"ngg-gallery-thumbnail\" >\r\n\t\t\t<a href=\"https:\/\/sallos.hu\/wp-content\/gallery\/szentendre-mediterran\/139_3943_0.jpg\" title=\" \" class=\"shutterset_set_2\" >\r\n\t\t\t\t\t\t\t\t<img loading=\"lazy\" decoding=\"async\" title=\"f\u0151homlokzat\" alt=\"f\u0151homlokzat\" src=\"https:\/\/sallos.hu\/wp-content\/gallery\/szentendre-mediterran\/thumbs\/thumbs_139_3943_0.jpg\" width=\"225\" height=\"149\" \/>\r\n\t\t\t\t\t\t\t<\/a>\r\n\t\t<\/div>\r\n\t<\/div>\r\n\t\r\n\t\t\r\n \t\t\r\n\t<div id=\"ngg-image-73\" class=\"ngg-gallery-thumbnail-box\"  >\r\n\t\t<div class=\"ngg-gallery-thumbnail\" >\r\n\t\t\t<a href=\"https:\/\/sallos.hu\/wp-content\/gallery\/szentendre-mediterran\/139_3944_0.jpg\" title=\" \" class=\"shutterset_set_2\" >\r\n\t\t\t\t\t\t\t\t<img loading=\"lazy\" decoding=\"async\" title=\"terasz\" alt=\"terasz\" src=\"https:\/\/sallos.hu\/wp-content\/gallery\/szentendre-mediterran\/thumbs\/thumbs_139_3944_0.jpg\" width=\"225\" height=\"149\" \/>\r\n\t\t\t\t\t\t\t<\/a>\r\n\t\t<\/div>\r\n\t<\/div>\r\n\t\r\n\t\t\r\n \t\t\r\n\t<div id=\"ngg-image-33\" class=\"ngg-gallery-thumbnail-box\"  >\r\n\t\t<div class=\"ngg-gallery-thumbnail\" >\r\n\t\t\t<a href=\"https:\/\/sallos.hu\/wp-content\/gallery\/szentendre-mediterran\/szentendre-mediterran1_0.jpg\" title=\" \" class=\"shutterset_set_2\" >\r\n\t\t\t\t\t\t\t\t<img loading=\"lazy\" decoding=\"async\" title=\"kert\" alt=\"kert\" src=\"https:\/\/sallos.hu\/wp-content\/gallery\/szentendre-mediterran\/thumbs\/thumbs_szentendre-mediterran1_0.jpg\" width=\"225\" height=\"150\" \/>\r\n\t\t\t\t\t\t\t<\/a>\r\n\t\t<\/div>\r\n\t<\/div>\r\n\t\r\n\t\t\r\n \t\t\r\n\t<div id=\"ngg-image-68\" class=\"ngg-gallery-thumbnail-box\"  >\r\n\t\t<div class=\"ngg-gallery-thumbnail\" >\r\n\t\t\t<a href=\"https:\/\/sallos.hu\/wp-content\/gallery\/szentendre-mediterran\/102_0221.jpg\" title=\" \" class=\"shutterset_set_2\" >\r\n\t\t\t\t\t\t\t\t<img loading=\"lazy\" decoding=\"async\" title=\"k\u00e9m\u00e9ynfej\" alt=\"k\u00e9m\u00e9ynfej\" src=\"https:\/\/sallos.hu\/wp-content\/gallery\/szentendre-mediterran\/thumbs\/thumbs_102_0221.jpg\" width=\"225\" height=\"149\" \/>\r\n\t\t\t\t\t\t\t<\/a>\r\n\t\t<\/div>\r\n\t<\/div>\r\n\t\r\n\t\t\r\n \t\t\r\n\t<div id=\"ngg-image-81\" class=\"ngg-gallery-thumbnail-box\"  >\r\n\t\t<div class=\"ngg-gallery-thumbnail\" >\r\n\t\t\t<a href=\"https:\/\/sallos.hu\/wp-content\/gallery\/szentendre-mediterran\/dsc_5658.jpg\" title=\" \" class=\"shutterset_set_2\" >\r\n\t\t\t\t\t\t\t\t<img loading=\"lazy\" decoding=\"async\" title=\"terasz\" alt=\"terasz\" src=\"https:\/\/sallos.hu\/wp-content\/gallery\/szentendre-mediterran\/thumbs\/thumbs_dsc_5658.jpg\" width=\"225\" height=\"150\" \/>\r\n\t\t\t\t\t\t\t<\/a>\r\n\t\t<\/div>\r\n\t<\/div>\r\n\t\r\n\t\t\r\n \t\t\r\n\t<div id=\"ngg-image-82\" class=\"ngg-gallery-thumbnail-box\"  >\r\n\t\t<div class=\"ngg-gallery-thumbnail\" >\r\n\t\t\t<a href=\"https:\/\/sallos.hu\/wp-content\/gallery\/szentendre-mediterran\/dsc_5686.jpg\" title=\" \" class=\"shutterset_set_2\" >\r\n\t\t\t\t\t\t\t\t<img loading=\"lazy\" decoding=\"async\" title=\"terasz\" alt=\"terasz\" src=\"https:\/\/sallos.hu\/wp-content\/gallery\/szentendre-mediterran\/thumbs\/thumbs_dsc_5686.jpg\" width=\"225\" height=\"150\" \/>\r\n\t\t\t\t\t\t\t<\/a>\r\n\t\t<\/div>\r\n\t<\/div>\r\n\t\r\n\t\t\r\n \t\t\r\n\t<div id=\"ngg-image-84\" class=\"ngg-gallery-thumbnail-box\"  >\r\n\t\t<div class=\"ngg-gallery-thumbnail\" >\r\n\t\t\t<a href=\"https:\/\/sallos.hu\/wp-content\/gallery\/szentendre-mediterran\/dsc_5752.jpg\" title=\" \" class=\"shutterset_set_2\" >\r\n\t\t\t\t\t\t\t\t<img loading=\"lazy\" decoding=\"async\" title=\"terasz\" alt=\"terasz\" src=\"https:\/\/sallos.hu\/wp-content\/gallery\/szentendre-mediterran\/thumbs\/thumbs_dsc_5752.jpg\" width=\"225\" height=\"150\" \/>\r\n\t\t\t\t\t\t\t<\/a>\r\n\t\t<\/div>\r\n\t<\/div>\r\n\t\r\n\t\t\r\n \t\t\r\n\t<div id=\"ngg-image-85\" class=\"ngg-gallery-thumbnail-box\"  >\r\n\t\t<div class=\"ngg-gallery-thumbnail\" >\r\n\t\t\t<a href=\"https:\/\/sallos.hu\/wp-content\/gallery\/szentendre-mediterran\/dsc_5796.jpg\" title=\" \" class=\"shutterset_set_2\" >\r\n\t\t\t\t\t\t\t\t<img loading=\"lazy\" decoding=\"async\" title=\"kert\" alt=\"kert\" src=\"https:\/\/sallos.hu\/wp-content\/gallery\/szentendre-mediterran\/thumbs\/thumbs_dsc_5796.jpg\" width=\"225\" height=\"150\" \/>\r\n\t\t\t\t\t\t\t<\/a>\r\n\t\t<\/div>\r\n\t<\/div>\r\n\t\r\n\t\t\r\n \t\t\r\n\t<div id=\"ngg-image-34\" class=\"ngg-gallery-thumbnail-box\"  >\r\n\t\t<div class=\"ngg-gallery-thumbnail\" >\r\n\t\t\t<a href=\"https:\/\/sallos.hu\/wp-content\/gallery\/szentendre-mediterran\/szentendre-mediterran2_0.jpg\" title=\" \" class=\"shutterset_set_2\" >\r\n\t\t\t\t\t\t\t\t<img loading=\"lazy\" decoding=\"async\" title=\"ny\u00e1ri konyha\" alt=\"ny\u00e1ri konyha\" src=\"https:\/\/sallos.hu\/wp-content\/gallery\/szentendre-mediterran\/thumbs\/thumbs_szentendre-mediterran2_0.jpg\" width=\"225\" height=\"150\" \/>\r\n\t\t\t\t\t\t\t<\/a>\r\n\t\t<\/div>\r\n\t<\/div>\r\n\t\r\n\t\t\r\n \t\t\r\n\t<div id=\"ngg-image-83\" class=\"ngg-gallery-thumbnail-box\"  >\r\n\t\t<div class=\"ngg-gallery-thumbnail\" >\r\n\t\t\t<a href=\"https:\/\/sallos.hu\/wp-content\/gallery\/szentendre-mediterran\/dsc_5696.jpg\" title=\" \" class=\"shutterset_set_2\" >\r\n\t\t\t\t\t\t\t\t<img loading=\"lazy\" decoding=\"async\" title=\"homlokzat\" alt=\"homlokzat\" src=\"https:\/\/sallos.hu\/wp-content\/gallery\/szentendre-mediterran\/thumbs\/thumbs_dsc_5696.jpg\" width=\"225\" height=\"150\" \/>\r\n\t\t\t\t\t\t\t<\/a>\r\n\t\t<\/div>\r\n\t<\/div>\r\n\t\r\n\t\t\r\n \t\t\r\n\t<div id=\"ngg-image-75\" class=\"ngg-gallery-thumbnail-box\"  >\r\n\t\t<div class=\"ngg-gallery-thumbnail\" >\r\n\t\t\t<a href=\"https:\/\/sallos.hu\/wp-content\/gallery\/szentendre-mediterran\/139_3956_0.jpg\" title=\" \" class=\"shutterset_set_2\" >\r\n\t\t\t\t\t\t\t\t<img loading=\"lazy\" decoding=\"async\" title=\"gar\u00e1zs\" alt=\"gar\u00e1zs\" src=\"https:\/\/sallos.hu\/wp-content\/gallery\/szentendre-mediterran\/thumbs\/thumbs_139_3956_0.jpg\" width=\"225\" height=\"150\" \/>\r\n\t\t\t\t\t\t\t<\/a>\r\n\t\t<\/div>\r\n\t<\/div>\r\n\t\r\n\t\t\r\n \t\t\r\n\t<div id=\"ngg-image-86\" class=\"ngg-gallery-thumbnail-box\"  >\r\n\t\t<div class=\"ngg-gallery-thumbnail\" >\r\n\t\t\t<a href=\"https:\/\/sallos.hu\/wp-content\/gallery\/szentendre-mediterran\/img_6207.jpg\" title=\" \" class=\"shutterset_set_2\" >\r\n\t\t\t\t\t\t\t\t<img loading=\"lazy\" decoding=\"async\" title=\"bej\u00e1rat\" alt=\"bej\u00e1rat\" src=\"https:\/\/sallos.hu\/wp-content\/gallery\/szentendre-mediterran\/thumbs\/thumbs_img_6207.jpg\" width=\"225\" height=\"150\" \/>\r\n\t\t\t\t\t\t\t<\/a>\r\n\t\t<\/div>\r\n\t<\/div>\r\n\t\r\n\t\t\r\n \t\t\r\n\t<div id=\"ngg-image-80\" class=\"ngg-gallery-thumbnail-box\"  >\r\n\t\t<div class=\"ngg-gallery-thumbnail\" >\r\n\t\t\t<a href=\"https:\/\/sallos.hu\/wp-content\/gallery\/szentendre-mediterran\/dsc_5654.jpg\" title=\" \" class=\"shutterset_set_2\" >\r\n\t\t\t\t\t\t\t\t<img loading=\"lazy\" decoding=\"async\" title=\"bels\u0151 l\u00e9pcs\u0151\" alt=\"bels\u0151 l\u00e9pcs\u0151\" src=\"https:\/\/sallos.hu\/wp-content\/gallery\/szentendre-mediterran\/thumbs\/thumbs_dsc_5654.jpg\" width=\"225\" height=\"150\" \/>\r\n\t\t\t\t\t\t\t<\/a>\r\n\t\t<\/div>\r\n\t<\/div>\r\n\t\r\n\t\t\r\n \t\t\r\n\t<div id=\"ngg-image-78\" class=\"ngg-gallery-thumbnail-box\"  >\r\n\t\t<div class=\"ngg-gallery-thumbnail\" >\r\n\t\t\t<a href=\"https:\/\/sallos.hu\/wp-content\/gallery\/szentendre-mediterran\/dsc_5538.jpg\" title=\" \" class=\"shutterset_set_2\" >\r\n\t\t\t\t\t\t\t\t<img loading=\"lazy\" decoding=\"async\" title=\"konyha\" alt=\"konyha\" src=\"https:\/\/sallos.hu\/wp-content\/gallery\/szentendre-mediterran\/thumbs\/thumbs_dsc_5538.jpg\" width=\"225\" height=\"150\" \/>\r\n\t\t\t\t\t\t\t<\/a>\r\n\t\t<\/div>\r\n\t<\/div>\r\n\t\r\n\t\t\r\n \t\t\r\n\t<div id=\"ngg-image-77\" class=\"ngg-gallery-thumbnail-box\"  >\r\n\t\t<div class=\"ngg-gallery-thumbnail\" >\r\n\t\t\t<a href=\"https:\/\/sallos.hu\/wp-content\/gallery\/szentendre-mediterran\/dsc_5503_0.jpg\" title=\" \" class=\"shutterset_set_2\" >\r\n\t\t\t\t\t\t\t\t<img loading=\"lazy\" decoding=\"async\" title=\"\u00e9tkez\u0151\" alt=\"\u00e9tkez\u0151\" src=\"https:\/\/sallos.hu\/wp-content\/gallery\/szentendre-mediterran\/thumbs\/thumbs_dsc_5503_0.jpg\" width=\"225\" height=\"150\" \/>\r\n\t\t\t\t\t\t\t<\/a>\r\n\t\t<\/div>\r\n\t<\/div>\r\n\t\r\n\t\t\r\n \t\t\r\n\t<div id=\"ngg-image-79\" class=\"ngg-gallery-thumbnail-box\"  >\r\n\t\t<div class=\"ngg-gallery-thumbnail\" >\r\n\t\t\t<a href=\"https:\/\/sallos.hu\/wp-content\/gallery\/szentendre-mediterran\/dsc_5560.jpg\" title=\" \" class=\"shutterset_set_2\" >\r\n\t\t\t\t\t\t\t\t<img loading=\"lazy\" decoding=\"async\" title=\"\u00e9tkez\u0151\" alt=\"\u00e9tkez\u0151\" src=\"https:\/\/sallos.hu\/wp-content\/gallery\/szentendre-mediterran\/thumbs\/thumbs_dsc_5560.jpg\" width=\"225\" height=\"150\" \/>\r\n\t\t\t\t\t\t\t<\/a>\r\n\t\t<\/div>\r\n\t<\/div>\r\n\t\r\n\t\t\r\n \t\t\r\n\t<div id=\"ngg-image-35\" class=\"ngg-gallery-thumbnail-box\"  >\r\n\t\t<div class=\"ngg-gallery-thumbnail\" >\r\n\t\t\t<a href=\"https:\/\/sallos.hu\/wp-content\/gallery\/szentendre-mediterran\/szentendre-mediterran3_0.jpg\" title=\" \" class=\"shutterset_set_2\" >\r\n\t\t\t\t\t\t\t\t<img loading=\"lazy\" decoding=\"async\" title=\"f\u00fcrd\u0151szoba\" alt=\"f\u00fcrd\u0151szoba\" src=\"https:\/\/sallos.hu\/wp-content\/gallery\/szentendre-mediterran\/thumbs\/thumbs_szentendre-mediterran3_0.jpg\" width=\"225\" height=\"150\" \/>\r\n\t\t\t\t\t\t\t<\/a>\r\n\t\t<\/div>\r\n\t<\/div>\r\n\t\r\n\t\t\r\n \t\t\r\n\t<div id=\"ngg-image-91\" class=\"ngg-gallery-thumbnail-box\"  >\r\n\t\t<div class=\"ngg-gallery-thumbnail\" >\r\n\t\t\t<a href=\"https:\/\/sallos.hu\/wp-content\/gallery\/szentendre-mediterran\/szentendre13.gif\" title=\" \" class=\"shutterset_set_2\" >\r\n\t\t\t\t\t\t\t\t<img loading=\"lazy\" decoding=\"async\" title=\"ny\u00e1ri konyha rajza\" alt=\"ny\u00e1ri konyha rajza\" src=\"https:\/\/sallos.hu\/wp-content\/gallery\/szentendre-mediterran\/thumbs\/thumbs_szentendre13.gif\" width=\"225\" height=\"150\" \/>\r\n\t\t\t\t\t\t\t<\/a>\r\n\t\t<\/div>\r\n\t<\/div>\r\n\t\r\n\t\t\r\n \t\t\r\n\t<div id=\"ngg-image-92\" class=\"ngg-gallery-thumbnail-box\"  >\r\n\t\t<div class=\"ngg-gallery-thumbnail\" >\r\n\t\t\t<a href=\"https:\/\/sallos.hu\/wp-content\/gallery\/szentendre-mediterran\/szentendre14.gif\" title=\" \" class=\"shutterset_set_2\" >\r\n\t\t\t\t\t\t\t\t<img loading=\"lazy\" decoding=\"async\" title=\"ker\u00edt\u00e9sterv\" alt=\"ker\u00edt\u00e9sterv\" src=\"https:\/\/sallos.hu\/wp-content\/gallery\/szentendre-mediterran\/thumbs\/thumbs_szentendre14.gif\" width=\"225\" height=\"150\" \/>\r\n\t\t\t\t\t\t\t<\/a>\r\n\t\t<\/div>\r\n\t<\/div>\r\n\t\r\n\t\t\r\n \t \t\r\n\t<!-- Pagination -->\r\n \t<div class='ngg-clear'><\/div>\n \t\r\n<\/div>\r\n\r\n\n","protected":false},"excerpt":{"rendered":"","protected":false},"author":1,"featured_media":0,"parent":8,"menu_order":18,"comment_status":"open","ping_status":"closed","template":"","meta":{"footnotes":""},"class_list":["post-26","page","type-page","status-publish","hentry"],"_links":{"self":[{"href":"https:\/\/sallos.hu\/en\/wp-json\/wp\/v2\/pages\/26","targetHints":{"allow":["GET"]}}],"collection":[{"href":"https:\/\/sallos.hu\/en\/wp-json\/wp\/v2\/pages"}],"about":[{"href":"https:\/\/sallos.hu\/en\/wp-json\/wp\/v2\/types\/page"}],"author":[{"embeddable":true,"href":"https:\/\/sallos.hu\/en\/wp-json\/wp\/v2\/users\/1"}],"replies":[{"embeddable":true,"href":"https:\/\/sallos.hu\/en\/wp-json\/wp\/v2\/comments?post=26"}],"version-history":[{"count":1,"href":"https:\/\/sallos.hu\/en\/wp-json\/wp\/v2\/pages\/26\/revisions"}],"predecessor-version":[{"id":27,"href":"https:\/\/sallos.hu\/en\/wp-json\/wp\/v2\/pages\/26\/revisions\/27"}],"up":[{"embeddable":true,"href":"https:\/\/sallos.hu\/en\/wp-json\/wp\/v2\/pages\/8"}],"wp:attachment":[{"href":"https:\/\/sallos.hu\/en\/wp-json\/wp\/v2\/media?parent=26"}],"curies":[{"name":"wp","href":"https:\/\/api.w.org\/{rel}","templated":true}]}}