{"id":25,"date":"2014-02-02T15:23:44","date_gmt":"2014-02-02T15:23:44","guid":{"rendered":"http:\/\/www.sallos.hu\/szigetbecse\/"},"modified":"2014-02-02T15:24:38","modified_gmt":"2014-02-02T15:24:38","slug":"szigetbecse","status":"publish","type":"page","link":"https:\/\/sallos.hu\/en\/referenciak\/szigetbecse\/","title":{"rendered":"Szigetbecse"},"content":{"rendered":"\r\n<div class=\"ngg-galleryoverview\" id=\"ngg-gallery-1-25\">\r\n\r\n\r\n\t\r\n\t<!-- Thumbnails -->\r\n\t\t\r\n\t<div id=\"ngg-image-66\" class=\"ngg-gallery-thumbnail-box\"  >\r\n\t\t<div class=\"ngg-gallery-thumbnail\" >\r\n\t\t\t<a href=\"https:\/\/sallos.hu\/wp-content\/gallery\/szigetbecse\/szigetbecse2.jpg\" title=\" \" class=\"shutterset_set_1\" >\r\n\t\t\t\t\t\t\t\t<img loading=\"lazy\" decoding=\"async\" title=\"kapu\" alt=\"kapu\" src=\"https:\/\/sallos.hu\/wp-content\/gallery\/szigetbecse\/thumbs\/thumbs_szigetbecse2.jpg\" width=\"225\" height=\"150\" \/>\r\n\t\t\t\t\t\t\t<\/a>\r\n\t\t<\/div>\r\n\t<\/div>\r\n\t\r\n\t\t\r\n \t\t\r\n\t<div id=\"ngg-image-42\" class=\"ngg-gallery-thumbnail-box\"  >\r\n\t\t<div class=\"ngg-gallery-thumbnail\" >\r\n\t\t\t<a href=\"https:\/\/sallos.hu\/wp-content\/gallery\/szigetbecse\/szigetbecse.jpg\" title=\" \" class=\"shutterset_set_1\" >\r\n\t\t\t\t\t\t\t\t<img loading=\"lazy\" decoding=\"async\" title=\"utcak\u00e9p\" alt=\"utcak\u00e9p\" src=\"https:\/\/sallos.hu\/wp-content\/gallery\/szigetbecse\/thumbs\/thumbs_szigetbecse.jpg\" width=\"225\" height=\"150\" \/>\r\n\t\t\t\t\t\t\t<\/a>\r\n\t\t<\/div>\r\n\t<\/div>\r\n\t\r\n\t\t\r\n \t\t\r\n\t<div id=\"ngg-image-54\" class=\"ngg-gallery-thumbnail-box\"  >\r\n\t\t<div class=\"ngg-gallery-thumbnail\" >\r\n\t\t\t<a href=\"https:\/\/sallos.hu\/wp-content\/gallery\/szigetbecse\/p6070071.jpg\" title=\" \" class=\"shutterset_set_1\" >\r\n\t\t\t\t\t\t\t\t<img loading=\"lazy\" decoding=\"async\" title=\"homlokzat\" alt=\"homlokzat\" src=\"https:\/\/sallos.hu\/wp-content\/gallery\/szigetbecse\/thumbs\/thumbs_p6070071.jpg\" width=\"225\" height=\"150\" \/>\r\n\t\t\t\t\t\t\t<\/a>\r\n\t\t<\/div>\r\n\t<\/div>\r\n\t\r\n\t\t\r\n \t\t\r\n\t<div id=\"ngg-image-65\" class=\"ngg-gallery-thumbnail-box\"  >\r\n\t\t<div class=\"ngg-gallery-thumbnail\" >\r\n\t\t\t<a href=\"https:\/\/sallos.hu\/wp-content\/gallery\/szigetbecse\/rackeve_6.jpg\" title=\" \" class=\"shutterset_set_1\" >\r\n\t\t\t\t\t\t\t\t<img loading=\"lazy\" decoding=\"async\" title=\"utcai homlokzat\" alt=\"utcai homlokzat\" src=\"https:\/\/sallos.hu\/wp-content\/gallery\/szigetbecse\/thumbs\/thumbs_rackeve_6.jpg\" width=\"225\" height=\"150\" \/>\r\n\t\t\t\t\t\t\t<\/a>\r\n\t\t<\/div>\r\n\t<\/div>\r\n\t\r\n\t\t\r\n \t\t\r\n\t<div id=\"ngg-image-53\" class=\"ngg-gallery-thumbnail-box\"  >\r\n\t\t<div class=\"ngg-gallery-thumbnail\" >\r\n\t\t\t<a href=\"https:\/\/sallos.hu\/wp-content\/gallery\/szigetbecse\/p6070069.jpg\" title=\" \" class=\"shutterset_set_1\" >\r\n\t\t\t\t\t\t\t\t<img loading=\"lazy\" decoding=\"async\" title=\"homlokzat\" alt=\"homlokzat\" src=\"https:\/\/sallos.hu\/wp-content\/gallery\/szigetbecse\/thumbs\/thumbs_p6070069.jpg\" width=\"225\" height=\"150\" \/>\r\n\t\t\t\t\t\t\t<\/a>\r\n\t\t<\/div>\r\n\t<\/div>\r\n\t\r\n\t\t\r\n \t\t\r\n\t<div id=\"ngg-image-43\" class=\"ngg-gallery-thumbnail-box\"  >\r\n\t\t<div class=\"ngg-gallery-thumbnail\" >\r\n\t\t\t<a href=\"https:\/\/sallos.hu\/wp-content\/gallery\/szigetbecse\/szigetbecse1.jpg\" title=\" \" class=\"shutterset_set_1\" >\r\n\t\t\t\t\t\t\t\t<img loading=\"lazy\" decoding=\"async\" title=\"homlokzat\" alt=\"homlokzat\" src=\"https:\/\/sallos.hu\/wp-content\/gallery\/szigetbecse\/thumbs\/thumbs_szigetbecse1.jpg\" width=\"225\" height=\"150\" \/>\r\n\t\t\t\t\t\t\t<\/a>\r\n\t\t<\/div>\r\n\t<\/div>\r\n\t\r\n\t\t\r\n \t\t\r\n\t<div id=\"ngg-image-48\" class=\"ngg-gallery-thumbnail-box\"  >\r\n\t\t<div class=\"ngg-gallery-thumbnail\" >\r\n\t\t\t<a href=\"https:\/\/sallos.hu\/wp-content\/gallery\/szigetbecse\/p6070025.jpg\" title=\" \" class=\"shutterset_set_1\" >\r\n\t\t\t\t\t\t\t\t<img loading=\"lazy\" decoding=\"async\" title=\"oszt\u00f3 p\u00e1rk\u00e1ny\" alt=\"oszt\u00f3 p\u00e1rk\u00e1ny\" src=\"https:\/\/sallos.hu\/wp-content\/gallery\/szigetbecse\/thumbs\/thumbs_p6070025.jpg\" width=\"225\" height=\"150\" \/>\r\n\t\t\t\t\t\t\t<\/a>\r\n\t\t<\/div>\r\n\t<\/div>\r\n\t\r\n\t\t\r\n \t\t\r\n\t<div id=\"ngg-image-44\" class=\"ngg-gallery-thumbnail-box\"  >\r\n\t\t<div class=\"ngg-gallery-thumbnail\" >\r\n\t\t\t<a href=\"https:\/\/sallos.hu\/wp-content\/gallery\/szigetbecse\/p6070006.jpg\" title=\" \" class=\"shutterset_set_1\" >\r\n\t\t\t\t\t\t\t\t<img loading=\"lazy\" decoding=\"async\" title=\"homlokzat\" alt=\"homlokzat\" src=\"https:\/\/sallos.hu\/wp-content\/gallery\/szigetbecse\/thumbs\/thumbs_p6070006.jpg\" width=\"225\" height=\"150\" \/>\r\n\t\t\t\t\t\t\t<\/a>\r\n\t\t<\/div>\r\n\t<\/div>\r\n\t\r\n\t\t\r\n \t\t\r\n\t<div id=\"ngg-image-55\" class=\"ngg-gallery-thumbnail-box\"  >\r\n\t\t<div class=\"ngg-gallery-thumbnail\" >\r\n\t\t\t<a href=\"https:\/\/sallos.hu\/wp-content\/gallery\/szigetbecse\/p6070074.jpg\" title=\" \" class=\"shutterset_set_1\" >\r\n\t\t\t\t\t\t\t\t<img loading=\"lazy\" decoding=\"async\" title=\"oszt\u00f3 p\u00e1rk\u00e1ny\" alt=\"oszt\u00f3 p\u00e1rk\u00e1ny\" src=\"https:\/\/sallos.hu\/wp-content\/gallery\/szigetbecse\/thumbs\/thumbs_p6070074.jpg\" width=\"225\" height=\"150\" \/>\r\n\t\t\t\t\t\t\t<\/a>\r\n\t\t<\/div>\r\n\t<\/div>\r\n\t\r\n\t\t\r\n \t\t\r\n\t<div id=\"ngg-image-45\" class=\"ngg-gallery-thumbnail-box\"  >\r\n\t\t<div class=\"ngg-gallery-thumbnail\" >\r\n\t\t\t<a href=\"https:\/\/sallos.hu\/wp-content\/gallery\/szigetbecse\/p6070010.jpg\" title=\" \" class=\"shutterset_set_1\" >\r\n\t\t\t\t\t\t\t\t<img loading=\"lazy\" decoding=\"async\" title=\"szegmens \u00edvek\" alt=\"szegmens \u00edvek\" src=\"https:\/\/sallos.hu\/wp-content\/gallery\/szigetbecse\/thumbs\/thumbs_p6070010.jpg\" width=\"225\" height=\"150\" \/>\r\n\t\t\t\t\t\t\t<\/a>\r\n\t\t<\/div>\r\n\t<\/div>\r\n\t\r\n\t\t\r\n \t\t\r\n\t<div id=\"ngg-image-59\" class=\"ngg-gallery-thumbnail-box\"  >\r\n\t\t<div class=\"ngg-gallery-thumbnail\" >\r\n\t\t\t<a href=\"https:\/\/sallos.hu\/wp-content\/gallery\/szigetbecse\/rackeve_32.jpg\" title=\" \" class=\"shutterset_set_1\" >\r\n\t\t\t\t\t\t\t\t<img loading=\"lazy\" decoding=\"async\" title=\"homlokzat\" alt=\"homlokzat\" src=\"https:\/\/sallos.hu\/wp-content\/gallery\/szigetbecse\/thumbs\/thumbs_rackeve_32.jpg\" width=\"225\" height=\"150\" \/>\r\n\t\t\t\t\t\t\t<\/a>\r\n\t\t<\/div>\r\n\t<\/div>\r\n\t\r\n\t\t\r\n \t\t\r\n\t<div id=\"ngg-image-60\" class=\"ngg-gallery-thumbnail-box\"  >\r\n\t\t<div class=\"ngg-gallery-thumbnail\" >\r\n\t\t\t<a href=\"https:\/\/sallos.hu\/wp-content\/gallery\/szigetbecse\/rackeve_34.jpg\" title=\" \" class=\"shutterset_set_1\" >\r\n\t\t\t\t\t\t\t\t<img loading=\"lazy\" decoding=\"async\" title=\"homlokzat\" alt=\"homlokzat\" src=\"https:\/\/sallos.hu\/wp-content\/gallery\/szigetbecse\/thumbs\/thumbs_rackeve_34.jpg\" width=\"225\" height=\"150\" \/>\r\n\t\t\t\t\t\t\t<\/a>\r\n\t\t<\/div>\r\n\t<\/div>\r\n\t\r\n\t\t\r\n \t\t\r\n\t<div id=\"ngg-image-58\" class=\"ngg-gallery-thumbnail-box\"  >\r\n\t\t<div class=\"ngg-gallery-thumbnail\" >\r\n\t\t\t<a href=\"https:\/\/sallos.hu\/wp-content\/gallery\/szigetbecse\/rackeve_30.jpg\" title=\" \" class=\"shutterset_set_1\" >\r\n\t\t\t\t\t\t\t\t<img loading=\"lazy\" decoding=\"async\" title=\"st\u00e9g\" alt=\"st\u00e9g\" src=\"https:\/\/sallos.hu\/wp-content\/gallery\/szigetbecse\/thumbs\/thumbs_rackeve_30.jpg\" width=\"225\" height=\"150\" \/>\r\n\t\t\t\t\t\t\t<\/a>\r\n\t\t<\/div>\r\n\t<\/div>\r\n\t\r\n\t\t\r\n \t\t\r\n\t<div id=\"ngg-image-46\" class=\"ngg-gallery-thumbnail-box\"  >\r\n\t\t<div class=\"ngg-gallery-thumbnail\" >\r\n\t\t\t<a href=\"https:\/\/sallos.hu\/wp-content\/gallery\/szigetbecse\/p6070011.jpg\" title=\" \" class=\"shutterset_set_1\" >\r\n\t\t\t\t\t\t\t\t<img loading=\"lazy\" decoding=\"async\" title=\"ablak tok spalett\u00e1val\" alt=\"ablak tok spalett\u00e1val\" src=\"https:\/\/sallos.hu\/wp-content\/gallery\/szigetbecse\/thumbs\/thumbs_p6070011.jpg\" width=\"225\" height=\"150\" \/>\r\n\t\t\t\t\t\t\t<\/a>\r\n\t\t<\/div>\r\n\t<\/div>\r\n\t\r\n\t\t\r\n \t\t\r\n\t<div id=\"ngg-image-61\" class=\"ngg-gallery-thumbnail-box\"  >\r\n\t\t<div class=\"ngg-gallery-thumbnail\" >\r\n\t\t\t<a href=\"https:\/\/sallos.hu\/wp-content\/gallery\/szigetbecse\/rackeve_35.jpg\" title=\" \" class=\"shutterset_set_1\" >\r\n\t\t\t\t\t\t\t\t<img loading=\"lazy\" decoding=\"async\" title=\"terasz lent\" alt=\"terasz lent\" src=\"https:\/\/sallos.hu\/wp-content\/gallery\/szigetbecse\/thumbs\/thumbs_rackeve_35.jpg\" width=\"225\" height=\"150\" \/>\r\n\t\t\t\t\t\t\t<\/a>\r\n\t\t<\/div>\r\n\t<\/div>\r\n\t\r\n\t\t\r\n \t\t\r\n\t<div id=\"ngg-image-47\" class=\"ngg-gallery-thumbnail-box\"  >\r\n\t\t<div class=\"ngg-gallery-thumbnail\" >\r\n\t\t\t<a href=\"https:\/\/sallos.hu\/wp-content\/gallery\/szigetbecse\/p6070020.jpg\" title=\" \" class=\"shutterset_set_1\" >\r\n\t\t\t\t\t\t\t\t<img loading=\"lazy\" decoding=\"async\" title=\"k\u00fcls\u0151 l\u00e9pcs\u0151\" alt=\"k\u00fcls\u0151 l\u00e9pcs\u0151\" src=\"https:\/\/sallos.hu\/wp-content\/gallery\/szigetbecse\/thumbs\/thumbs_p6070020.jpg\" width=\"225\" height=\"150\" \/>\r\n\t\t\t\t\t\t\t<\/a>\r\n\t\t<\/div>\r\n\t<\/div>\r\n\t\r\n\t\t\r\n \t\t\r\n\t<div id=\"ngg-image-62\" class=\"ngg-gallery-thumbnail-box\"  >\r\n\t\t<div class=\"ngg-gallery-thumbnail\" >\r\n\t\t\t<a href=\"https:\/\/sallos.hu\/wp-content\/gallery\/szigetbecse\/rackeve_39.jpg\" title=\" \" class=\"shutterset_set_1\" >\r\n\t\t\t\t\t\t\t\t<img loading=\"lazy\" decoding=\"async\" title=\"terasz fent\" alt=\"terasz fent\" src=\"https:\/\/sallos.hu\/wp-content\/gallery\/szigetbecse\/thumbs\/thumbs_rackeve_39.jpg\" width=\"225\" height=\"150\" \/>\r\n\t\t\t\t\t\t\t<\/a>\r\n\t\t<\/div>\r\n\t<\/div>\r\n\t\r\n\t\t\r\n \t\t\r\n\t<div id=\"ngg-image-57\" class=\"ngg-gallery-thumbnail-box\"  >\r\n\t\t<div class=\"ngg-gallery-thumbnail\" >\r\n\t\t\t<a href=\"https:\/\/sallos.hu\/wp-content\/gallery\/szigetbecse\/rackeve_14.jpg\" title=\" \" class=\"shutterset_set_1\" >\r\n\t\t\t\t\t\t\t\t<img loading=\"lazy\" decoding=\"async\" title=\"kil\u00e1t\u00e1s\" alt=\"kil\u00e1t\u00e1s\" src=\"https:\/\/sallos.hu\/wp-content\/gallery\/szigetbecse\/thumbs\/thumbs_rackeve_14.jpg\" width=\"225\" height=\"150\" \/>\r\n\t\t\t\t\t\t\t<\/a>\r\n\t\t<\/div>\r\n\t<\/div>\r\n\t\r\n\t\t\r\n \t\t\r\n\t<div id=\"ngg-image-49\" class=\"ngg-gallery-thumbnail-box\"  >\r\n\t\t<div class=\"ngg-gallery-thumbnail\" >\r\n\t\t\t<a href=\"https:\/\/sallos.hu\/wp-content\/gallery\/szigetbecse\/p6070033.jpg\" title=\" \" class=\"shutterset_set_1\" >\r\n\t\t\t\t\t\t\t\t<img loading=\"lazy\" decoding=\"async\" title=\"konyha szekr\u00e9ny\" alt=\"konyha szekr\u00e9ny\" src=\"https:\/\/sallos.hu\/wp-content\/gallery\/szigetbecse\/thumbs\/thumbs_p6070033.jpg\" width=\"225\" height=\"150\" \/>\r\n\t\t\t\t\t\t\t<\/a>\r\n\t\t<\/div>\r\n\t<\/div>\r\n\t\r\n\t\t\r\n \t\t\r\n\t<div id=\"ngg-image-50\" class=\"ngg-gallery-thumbnail-box\"  >\r\n\t\t<div class=\"ngg-gallery-thumbnail\" >\r\n\t\t\t<a href=\"https:\/\/sallos.hu\/wp-content\/gallery\/szigetbecse\/p6070035.jpg\" title=\" \" class=\"shutterset_set_1\" >\r\n\t\t\t\t\t\t\t\t<img loading=\"lazy\" decoding=\"async\" title=\"konyha szekr\u00e9ny\" alt=\"konyha szekr\u00e9ny\" src=\"https:\/\/sallos.hu\/wp-content\/gallery\/szigetbecse\/thumbs\/thumbs_p6070035.jpg\" width=\"225\" height=\"150\" \/>\r\n\t\t\t\t\t\t\t<\/a>\r\n\t\t<\/div>\r\n\t<\/div>\r\n\t\r\n\t\t\r\n \t\t\r\n\t<div id=\"ngg-image-51\" class=\"ngg-gallery-thumbnail-box\"  >\r\n\t\t<div class=\"ngg-gallery-thumbnail\" >\r\n\t\t\t<a href=\"https:\/\/sallos.hu\/wp-content\/gallery\/szigetbecse\/p6070036.jpg\" title=\" \" class=\"shutterset_set_1\" >\r\n\t\t\t\t\t\t\t\t<img loading=\"lazy\" decoding=\"async\" title=\"konyha szekr\u00e9ny\" alt=\"konyha szekr\u00e9ny\" src=\"https:\/\/sallos.hu\/wp-content\/gallery\/szigetbecse\/thumbs\/thumbs_p6070036.jpg\" width=\"225\" height=\"150\" \/>\r\n\t\t\t\t\t\t\t<\/a>\r\n\t\t<\/div>\r\n\t<\/div>\r\n\t\r\n\t\t\r\n \t\t\r\n\t<div id=\"ngg-image-64\" class=\"ngg-gallery-thumbnail-box\"  >\r\n\t\t<div class=\"ngg-gallery-thumbnail\" >\r\n\t\t\t<a href=\"https:\/\/sallos.hu\/wp-content\/gallery\/szigetbecse\/rackeve_44.jpg\" title=\" \" class=\"shutterset_set_1\" >\r\n\t\t\t\t\t\t\t\t<img loading=\"lazy\" decoding=\"async\" title=\"\u00e9tkez\u0151\" alt=\"\u00e9tkez\u0151\" src=\"https:\/\/sallos.hu\/wp-content\/gallery\/szigetbecse\/thumbs\/thumbs_rackeve_44.jpg\" width=\"225\" height=\"150\" \/>\r\n\t\t\t\t\t\t\t<\/a>\r\n\t\t<\/div>\r\n\t<\/div>\r\n\t\r\n\t\t\r\n \t\t\r\n\t<div id=\"ngg-image-52\" class=\"ngg-gallery-thumbnail-box\"  >\r\n\t\t<div class=\"ngg-gallery-thumbnail\" >\r\n\t\t\t<a href=\"https:\/\/sallos.hu\/wp-content\/gallery\/szigetbecse\/p6070037.jpg\" title=\" \" class=\"shutterset_set_1\" >\r\n\t\t\t\t\t\t\t\t<img loading=\"lazy\" decoding=\"async\" title=\"fi\u00f3kok\" alt=\"fi\u00f3kok\" src=\"https:\/\/sallos.hu\/wp-content\/gallery\/szigetbecse\/thumbs\/thumbs_p6070037.jpg\" width=\"225\" height=\"150\" \/>\r\n\t\t\t\t\t\t\t<\/a>\r\n\t\t<\/div>\r\n\t<\/div>\r\n\t\r\n\t\t\r\n \t\t\r\n\t<div id=\"ngg-image-56\" class=\"ngg-gallery-thumbnail-box\"  >\r\n\t\t<div class=\"ngg-gallery-thumbnail\" >\r\n\t\t\t<a href=\"https:\/\/sallos.hu\/wp-content\/gallery\/szigetbecse\/rackeve_10.jpg\" title=\" \" class=\"shutterset_set_1\" >\r\n\t\t\t\t\t\t\t\t<img loading=\"lazy\" decoding=\"async\" title=\"szoba bels\u0151\" alt=\"szoba bels\u0151\" src=\"https:\/\/sallos.hu\/wp-content\/gallery\/szigetbecse\/thumbs\/thumbs_rackeve_10.jpg\" width=\"225\" height=\"150\" \/>\r\n\t\t\t\t\t\t\t<\/a>\r\n\t\t<\/div>\r\n\t<\/div>\r\n\t\r\n\t\t\r\n \t\t\r\n\t<div id=\"ngg-image-67\" class=\"ngg-gallery-thumbnail-box\"  >\r\n\t\t<div class=\"ngg-gallery-thumbnail\" >\r\n\t\t\t<a href=\"https:\/\/sallos.hu\/wp-content\/gallery\/szigetbecse\/szigetbecse3.jpg\" title=\" \" class=\"shutterset_set_1\" >\r\n\t\t\t\t\t\t\t\t<img loading=\"lazy\" decoding=\"async\" title=\"szoba bels\u0151\" alt=\"szoba bels\u0151\" src=\"https:\/\/sallos.hu\/wp-content\/gallery\/szigetbecse\/thumbs\/thumbs_szigetbecse3.jpg\" width=\"225\" height=\"150\" \/>\r\n\t\t\t\t\t\t\t<\/a>\r\n\t\t<\/div>\r\n\t<\/div>\r\n\t\r\n\t\t\r\n \t\t\r\n\t<div id=\"ngg-image-63\" class=\"ngg-gallery-thumbnail-box\"  >\r\n\t\t<div class=\"ngg-gallery-thumbnail\" >\r\n\t\t\t<a href=\"https:\/\/sallos.hu\/wp-content\/gallery\/szigetbecse\/rackeve_4.jpg\" title=\" \" class=\"shutterset_set_1\" >\r\n\t\t\t\t\t\t\t\t<img loading=\"lazy\" decoding=\"async\" title=\"f\u00fcrd\u0151szoba\" alt=\"f\u00fcrd\u0151szoba\" src=\"https:\/\/sallos.hu\/wp-content\/gallery\/szigetbecse\/thumbs\/thumbs_rackeve_4.jpg\" width=\"225\" height=\"150\" \/>\r\n\t\t\t\t\t\t\t<\/a>\r\n\t\t<\/div>\r\n\t<\/div>\r\n\t\r\n\t\t\r\n \t \t\r\n\t<!-- Pagination -->\r\n \t<div class='ngg-clear'><\/div>\n \t\r\n<\/div>\r\n\r\n\n","protected":false},"excerpt":{"rendered":"","protected":false},"author":1,"featured_media":0,"parent":8,"menu_order":19,"comment_status":"open","ping_status":"closed","template":"","meta":{"footnotes":""},"class_list":["post-25","page","type-page","status-publish","hentry"],"_links":{"self":[{"href":"https:\/\/sallos.hu\/en\/wp-json\/wp\/v2\/pages\/25","targetHints":{"allow":["GET"]}}],"collection":[{"href":"https:\/\/sallos.hu\/en\/wp-json\/wp\/v2\/pages"}],"about":[{"href":"https:\/\/sallos.hu\/en\/wp-json\/wp\/v2\/types\/page"}],"author":[{"embeddable":true,"href":"https:\/\/sallos.hu\/en\/wp-json\/wp\/v2\/users\/1"}],"replies":[{"embeddable":true,"href":"https:\/\/sallos.hu\/en\/wp-json\/wp\/v2\/comments?post=25"}],"version-history":[{"count":1,"href":"https:\/\/sallos.hu\/en\/wp-json\/wp\/v2\/pages\/25\/revisions"}],"predecessor-version":[{"id":28,"href":"https:\/\/sallos.hu\/en\/wp-json\/wp\/v2\/pages\/25\/revisions\/28"}],"up":[{"embeddable":true,"href":"https:\/\/sallos.hu\/en\/wp-json\/wp\/v2\/pages\/8"}],"wp:attachment":[{"href":"https:\/\/sallos.hu\/en\/wp-json\/wp\/v2\/media?parent=25"}],"curies":[{"name":"wp","href":"https:\/\/api.w.org\/{rel}","templated":true}]}}