{"id":11,"date":"2014-02-02T12:00:07","date_gmt":"2014-02-02T12:00:07","guid":{"rendered":"http:\/\/www.sallos.hu\/?page_id=11"},"modified":"2024-11-22T09:29:23","modified_gmt":"2024-11-22T09:29:23","slug":"partnerek","status":"publish","type":"page","link":"https:\/\/sallos.hu\/en\/partnerek\/","title":{"rendered":"Partners"},"content":{"rendered":"<p><a href=\"http:\/\/www.ottiburkolat.hu\" target=\"_blank\" rel=\"noopener\">Hoffer Ott\u00f3 &#8211; Otti Manufakt\u00fara<\/a><br \/>\n<a href=\"http:\/\/www.chrisandhoward.hu\" target=\"_blank\" rel=\"noopener\">Kov\u00e1cs Kriszti\u00e1n &#8211; Kov\u00e1cs \u00e9s Fia asztalosipari szolg\u00e1ltat\u00e1s<\/a><br \/>\n<a href=\"http:\/\/www.buchwald.hu\" target=\"_blank\" rel=\"noopener\">Buchwald Tibor &#8211; Buchwald \u00e9s Fia \u00c9p\u00edt\u0151ipari Kft.<\/a><br \/>\n<a href=\"http:\/\/www.tosoki.hu\" target=\"_blank\" rel=\"noopener\">T\u00f3soki Csaba &#8211; T\u00f3soki \u00c9p\u00edt\u0151 Kft.<\/a><br \/>\n<a href=\"http:\/\/www.sarvarikft.hu\" target=\"_blank\" rel=\"noopener\">S\u00e1rv\u00e1ri Attila &#8211; S\u00e1rv\u00e1ri Kft. \u00e9p\u00edt\u00e9si v\u00e1llalkoz\u00e1s<\/a><\/p>","protected":false},"excerpt":{"rendered":"<p>Hoffer Ott\u00f3 &#8211; Otti Manufakt\u00fara Kov\u00e1cs Kriszti\u00e1n &#8211; Kov\u00e1cs \u00e9s Fia asztalosipari szolg\u00e1ltat\u00e1s Buchwald Tibor &#8211; Buchwald \u00e9s Fia \u00c9p\u00edt\u0151ipari Kft. T\u00f3soki Csaba &#8211; T\u00f3soki \u00c9p\u00edt\u0151 Kft. S\u00e1rv\u00e1ri Attila &#8211; S\u00e1rv\u00e1ri Kft. \u00e9p\u00edt\u00e9si v\u00e1llalkoz\u00e1s<\/p>\n","protected":false},"author":1,"featured_media":0,"parent":0,"menu_order":3,"comment_status":"open","ping_status":"open","template":"","meta":{"footnotes":""},"class_list":["post-11","page","type-page","status-publish","hentry"],"_links":{"self":[{"href":"https:\/\/sallos.hu\/en\/wp-json\/wp\/v2\/pages\/11","targetHints":{"allow":["GET"]}}],"collection":[{"href":"https:\/\/sallos.hu\/en\/wp-json\/wp\/v2\/pages"}],"about":[{"href":"https:\/\/sallos.hu\/en\/wp-json\/wp\/v2\/types\/page"}],"author":[{"embeddable":true,"href":"https:\/\/sallos.hu\/en\/wp-json\/wp\/v2\/users\/1"}],"replies":[{"embeddable":true,"href":"https:\/\/sallos.hu\/en\/wp-json\/wp\/v2\/comments?post=11"}],"version-history":[{"count":13,"href":"https:\/\/sallos.hu\/en\/wp-json\/wp\/v2\/pages\/11\/revisions"}],"predecessor-version":[{"id":150,"href":"https:\/\/sallos.hu\/en\/wp-json\/wp\/v2\/pages\/11\/revisions\/150"}],"wp:attachment":[{"href":"https:\/\/sallos.hu\/en\/wp-json\/wp\/v2\/media?parent=11"}],"curies":[{"name":"wp","href":"https:\/\/api.w.org\/{rel}","templated":true}]}}